{"id":9603,"date":"2021-04-01T16:48:47","date_gmt":"2021-04-01T14:48:47","guid":{"rendered":"https:\/\/crsmart.sviluppo.host\/lavora-con-noi\/"},"modified":"2021-09-22T14:56:34","modified_gmt":"2021-09-22T12:56:34","slug":"travaille-avec-nous","status":"publish","type":"page","link":"https:\/\/www.crsmart.it\/fr\/travaille-avec-nous\/","title":{"rendered":"Travaille avec nous"},"content":{"rendered":"<p>[et_pb_section fb_built=\u00a0\u00bb1&Prime; _builder_version=\u00a0\u00bb4.8.2&Prime; _module_preset=\u00a0\u00bbdefault\u00a0\u00bb background_color=\u00a0\u00bb#ECECEC\u00a0\u00bb custom_padding=\u00a0\u00bb0px||0px||false|false\u00a0\u00bb locked=\u00a0\u00bboff\u00a0\u00bb][et_pb_row _builder_version=\u00a0\u00bb4.8.2&Prime; _module_preset=\u00a0\u00bbdefault\u00a0\u00bb][et_pb_column type=\u00a0\u00bb4_4&Prime; _builder_version=\u00a0\u00bb4.8.2&Prime; _module_preset=\u00a0\u00bbdefault\u00a0\u00bb][et_pb_text _builder_version=\u00a0\u00bb4.9.4&Prime; _module_preset=\u00a0\u00bbdefault\u00a0\u00bb text_font=\u00a0\u00bb|300|||||||\u00a0\u00bb text_font_size=\u00a0\u00bb22px\u00a0\u00bb hover_enabled=\u00a0\u00bb0&Prime; sticky_enabled=\u00a0\u00bb0&Prime;]<\/p>\n<p>TRAVAILLE AVEC NOUS<\/p>\n<p>[\/et_pb_text][\/et_pb_column][\/et_pb_row][\/et_pb_section][et_pb_section fb_built=\u00a0\u00bb1&Prime; custom_padding_last_edited=\u00a0\u00bbon|phone\u00a0\u00bb _builder_version=\u00a0\u00bb3.22&Prime; custom_margin_tablet=\u00a0\u00bb0px||0px||true\u00a0\u00bb custom_margin_phone=\u00a0\u00bb0px||0px||true\u00a0\u00bb custom_margin_last_edited=\u00a0\u00bbon|phone\u00a0\u00bb custom_padding=\u00a0\u00bb30px|||||\u00a0\u00bb custom_padding_tablet=\u00a0\u00bb0px||0px||true\u00a0\u00bb custom_padding_phone=\u00a0\u00bb0px||0px||true\u00a0\u00bb][et_pb_row custom_padding_last_edited=\u00a0\u00bbon|phone\u00a0\u00bb _builder_version=\u00a0\u00bb4.9.4&Prime; background_size=\u00a0\u00bbinitial\u00a0\u00bb background_position=\u00a0\u00bbtop_left\u00a0\u00bb background_repeat=\u00a0\u00bbrepeat\u00a0\u00bb custom_padding_tablet=\u00a0\u00bb||0px||false\u00a0\u00bb custom_padding_phone=\u00a0\u00bb||0px||false\u00a0\u00bb][et_pb_column type=\u00a0\u00bb4_4&Prime; _builder_version=\u00a0\u00bb3.25&Prime; custom_padding=\u00a0\u00bb|||\u00a0\u00bb custom_padding__hover=\u00a0\u00bb|||\u00a0\u00bb][et_pb_text _builder_version=\u00a0\u00bb4.9.4&Prime; _module_preset=\u00a0\u00bbdefault\u00a0\u00bb]<\/p>\n<h3>Remplissez les champs ci-dessous<\/h3>\n<p>Votre demande sera \u00e9tudi\u00e9e par le bureau comp\u00e9tent<\/p>\n<p>[\/et_pb_text][dvppl_cf7_styler use_form_button_fullwidth=\u00a0\u00bbon\u00a0\u00bb cf7=\u00a0\u00bb9732&Prime; _builder_version=\u00a0\u00bb4.9.4&Prime; _module_preset=\u00a0\u00bbdefault\u00a0\u00bb form_field_font_line_height=\u00a0\u00bb2.1em\u00a0\u00bb custom_submit_button=\u00a0\u00bbon\u00a0\u00bb submit_button_text_color=\u00a0\u00bb#FFFFFF\u00a0\u00bb submit_button_bg_color=\u00a0\u00bb#696969&Prime; submit_button_border_width=\u00a0\u00bb0px\u00a0\u00bb submit_button_font=\u00a0\u00bbRaleway|600|||||||\u00a0\u00bb submit_button_custom_margin=\u00a0\u00bb20px||||false|false\u00a0\u00bb submit_button_custom_padding=\u00a0\u00bb10px||||false|false\u00a0\u00bb border_width_all_field=\u00a0\u00bb3px\u00a0\u00bb][\/dvppl_cf7_styler][\/et_pb_column][\/et_pb_row][\/et_pb_section]<\/p>\n","protected":false},"excerpt":{"rendered":"<p>TRAVAILLE AVEC NOUSRemplissez les champs ci-dessous Votre demande sera \u00e9tudi\u00e9e par le bureau comp\u00e9tent<div class=\"et_pb_with_border et_pb_module dvppl_cf7_styler dvppl_cf7_styler_0\">\n\t\t\t\t\n\t\t\t\t\n\t\t\t\t\n\t\t\t\t\n\t\t\t\t\n\t\t\t\t\n\t\t\t\t<div class=\"et_pb_module_inner\">\n\t\t\t\t\t<div class=\"dipe-cf7-container dipe-cf7-button-fullwidth\">\n\t\t\t\t\n\t\t\t\t<div class=\"dipe-cf7 dipe-cf7-styler \">\n\t\t\t\t\t\n<div class=\"wpcf7 no-js\" id=\"wpcf7-f9732-o1\" lang=\"it-IT\" dir=\"ltr\" data-wpcf7-id=\"9732\">\n<div class=\"screen-reader-response\"><p role=\"status\" aria-live=\"polite\" aria-atomic=\"true\"><\/p> <ul><\/ul><\/div>\n<form action=\"\/fr\/wp-json\/wp\/v2\/pages\/9603#wpcf7-f9732-o1\" method=\"post\" class=\"wpcf7-form init\" aria-label=\"Modulo di contatto\" enctype=\"multipart\/form-data\" novalidate=\"novalidate\" data-status=\"init\">\n<fieldset class=\"hidden-fields-container\"><input type=\"hidden\" name=\"_wpcf7\" value=\"9732\" \/><input type=\"hidden\" name=\"_wpcf7_version\" value=\"6.1.4\" \/><input type=\"hidden\" name=\"_wpcf7_locale\" value=\"it_IT\" \/><input type=\"hidden\" name=\"_wpcf7_unit_tag\" value=\"wpcf7-f9732-o1\" \/><input type=\"hidden\" name=\"_wpcf7_container_post\" value=\"0\" \/><input type=\"hidden\" name=\"_wpcf7_posted_data_hash\" value=\"\" \/><input type=\"hidden\" name=\"_wpcf7_recaptcha_response\" value=\"\" \/>\n<\/fieldset>\n<div class=\"content-column one_third\"><label> Pr\u00e9nom <span class=\"wpcf7-form-control-wrap\" data-name=\"nome\"><input size=\"40\" maxlength=\"400\" class=\"wpcf7-form-control wpcf7-text wpcf7-validates-as-required\" aria-required=\"true\" aria-invalid=\"false\" value=\"\" type=\"text\" name=\"nome\" \/><\/span> <\/label><\/div>\n<div class=\"content-column one_third\"><label> Nom <span class=\"wpcf7-form-control-wrap\" data-name=\"cognome\"><input size=\"40\" maxlength=\"400\" class=\"wpcf7-form-control wpcf7-text wpcf7-validates-as-required\" aria-required=\"true\" aria-invalid=\"false\" value=\"\" type=\"text\" name=\"cognome\" \/><\/span> <\/label><\/div>    \n<div class=\"content-column one_third\"><label> Data di nascita <span class=\"wpcf7-form-control-wrap\" data-name=\"data\"><input class=\"wpcf7-form-control wpcf7-date wpcf7-validates-as-required wpcf7-validates-as-date\" aria-required=\"true\" aria-invalid=\"false\" value=\"\" type=\"date\" name=\"data\" \/><\/span> <\/label><\/div>\n\n<div class=\"content-column one_third\"><label> Nationalit\u00e9 <span class=\"wpcf7-form-control-wrap\" data-name=\"nazionalita\"><input size=\"40\" maxlength=\"400\" class=\"wpcf7-form-control wpcf7-text wpcf7-validates-as-required\" aria-required=\"true\" aria-invalid=\"false\" value=\"\" type=\"text\" name=\"nazionalita\" \/><\/span> <\/label><\/div>\n<div class=\"content-column one_third\"><label> R\u00e9sidence (\u00e9tat) <span class=\"wpcf7-form-control-wrap\" data-name=\"residenza\"><input size=\"40\" maxlength=\"400\" class=\"wpcf7-form-control wpcf7-text wpcf7-validates-as-required\" aria-required=\"true\" aria-invalid=\"false\" value=\"\" type=\"text\" name=\"residenza\" \/><\/span> <\/label><\/div>    \n<div class=\"content-column one_third\"><label> Province <span class=\"wpcf7-form-control-wrap\" data-name=\"provincia\"><input size=\"40\" maxlength=\"400\" class=\"wpcf7-form-control wpcf7-text wpcf7-validates-as-required\" aria-required=\"true\" aria-invalid=\"false\" value=\"\" type=\"text\" name=\"provincia\" \/><\/span> <\/label><\/div>\n\n<div class=\"content-column one_third\"><label> Ville <span class=\"wpcf7-form-control-wrap\" data-name=\"citta\"><input size=\"40\" maxlength=\"400\" class=\"wpcf7-form-control wpcf7-text wpcf7-validates-as-required\" aria-required=\"true\" aria-invalid=\"false\" value=\"\" type=\"text\" name=\"citta\" \/><\/span> <\/label><\/div>\n  <div class=\"content-column one_third\"><label> E-mail <span class=\"wpcf7-form-control-wrap\" data-name=\"email\"><input size=\"40\" maxlength=\"400\" class=\"wpcf7-form-control wpcf7-email wpcf7-validates-as-required wpcf7-text wpcf7-validates-as-email\" aria-required=\"true\" aria-invalid=\"false\" value=\"\" type=\"email\" name=\"email\" \/><\/span> <\/label><\/div>\n<div class=\"content-column one_third\"><label> T\u00e9l\u00e9phone <span class=\"wpcf7-form-control-wrap\" data-name=\"tel\"><input size=\"40\" maxlength=\"400\" class=\"wpcf7-form-control wpcf7-text wpcf7-validates-as-required\" aria-required=\"true\" aria-invalid=\"false\" value=\"\" type=\"text\" name=\"tel\" \/><\/span> <\/label><\/div>\n\n\n\n<div class=\"content-column one_third\"><label> Qualification pour l'\u00e9ducation <span class=\"wpcf7-form-control-wrap\" data-name=\"titolo\"><input size=\"40\" maxlength=\"400\" class=\"wpcf7-form-control wpcf7-text wpcf7-validates-as-required\" aria-required=\"true\" aria-invalid=\"false\" value=\"\" type=\"text\" name=\"titolo\" \/><\/span> <\/label><\/div>\n<div class=\"content-column one_third\"><label> Sujet d'\u00e9tude <span class=\"wpcf7-form-control-wrap\" data-name=\"materia\"><input size=\"40\" maxlength=\"400\" class=\"wpcf7-form-control wpcf7-text wpcf7-validates-as-required\" aria-required=\"true\" aria-invalid=\"false\" value=\"\" type=\"text\" name=\"materia\" \/><\/span> <\/label><\/div>\n<div class=\"content-column one_third\"><\/div> \n\n<div class=\"full due\">Langues connues<\/div>\n<div class=\"content-column one_third\"><label>Italien <span class=\"wpcf7-form-control-wrap\" data-name=\"Italiano\"><select class=\"wpcf7-form-control wpcf7-select\" aria-invalid=\"false\" name=\"Italiano\"><option value=\"non\">non<\/option><option value=\"assez\">assez<\/option><option value=\"discret\">discret<\/option><option value=\"bon\">bon<\/option><option value=\"optimale\">optimale<\/option><\/select><\/span><\/label><\/div>\n<div class=\"content-column one_third\"><label>Anglais <span class=\"wpcf7-form-control-wrap\" data-name=\"Inglese\"><select class=\"wpcf7-form-control wpcf7-select\" aria-invalid=\"false\" name=\"Inglese\"><option value=\"non\">non<\/option><option value=\"assez\">assez<\/option><option value=\"discret\">discret<\/option><option value=\"bon\">bon<\/option><option value=\"optimale\">optimale<\/option><\/select><\/span><\/label><\/div>\n<div class=\"content-column one_third\"><label>Fran\u00e7ais <span class=\"wpcf7-form-control-wrap\" data-name=\"Francese\"><select class=\"wpcf7-form-control wpcf7-select\" aria-invalid=\"false\" name=\"Francese\"><option value=\"non\">non<\/option><option value=\"assez\">assez<\/option><option value=\"discret\">discret<\/option><option value=\"bon\">bon<\/option><option value=\"optimale\">optimale<\/option><\/select><\/span><\/label><\/div>\n\n<div class=\"content-column one_third\"><label>Allemand <span class=\"wpcf7-form-control-wrap\" data-name=\"Tedesco\"><select class=\"wpcf7-form-control wpcf7-select\" aria-invalid=\"false\" name=\"Tedesco\"><option value=\"non\">non<\/option><option value=\"assez\">assez<\/option><option value=\"discret\">discret<\/option><option value=\"bon\">bon<\/option><option value=\"optimale\">optimale<\/option><\/select><\/span><\/label><\/div>\n<div class=\"content-column one_third\"><label>Roumain <span class=\"wpcf7-form-control-wrap\" data-name=\"Rumeno\"><select class=\"wpcf7-form-control wpcf7-select\" aria-invalid=\"false\" name=\"Rumeno\"><option value=\"non\">non<\/option><option value=\"assez\">assez<\/option><option value=\"discret\">discret<\/option><option value=\"bon\">bon<\/option><option value=\"optimale\">optimale<\/option><\/select><\/span><\/label><\/div>\n<div class=\"content-column one_third\"><\/div>\n\n<div class=\"full\">\n<div class=\"content-column one_third\"><label>Autre <span class=\"wpcf7-form-control-wrap\" data-name=\"altro1\"><input size=\"40\" maxlength=\"400\" class=\"wpcf7-form-control wpcf7-text\" aria-invalid=\"false\" value=\"\" type=\"text\" name=\"altro1\" \/><\/span> <\/label><\/div>\n<div class=\"content-column one_third\"><label>Niveau <span class=\"wpcf7-form-control-wrap\" data-name=\"liv1\"><select class=\"wpcf7-form-control wpcf7-select\" aria-invalid=\"false\" name=\"liv1\"><option value=\"non\">non<\/option><option value=\"assez\">assez<\/option><option value=\"discret\">discret<\/option><option value=\"bon\">bon<\/option><option value=\"optimale\">optimale<\/option><\/select><\/span><\/label><\/div>\n<div class=\"content-column one_third\"><\/div>\n<\/div>\n\n<div class=\"full ultimo\">\n<div class=\"content-column one_third\"><label>Autre <span class=\"wpcf7-form-control-wrap\" data-name=\"altro2\"><input size=\"40\" maxlength=\"400\" class=\"wpcf7-form-control wpcf7-text\" aria-invalid=\"false\" value=\"\" type=\"text\" name=\"altro2\" \/><\/span> <\/label><\/div>\n<div class=\"content-column one_third\"><label>Niveau <span class=\"wpcf7-form-control-wrap\" data-name=\"liv2\"><select class=\"wpcf7-form-control wpcf7-select\" aria-invalid=\"false\" name=\"liv2\"><option value=\"non\">non<\/option><option value=\"assez\">assez<\/option><option value=\"discret\">discret<\/option><option value=\"bon\">bon<\/option><option value=\"optimale\">optimale<\/option><\/select><\/span><\/label><\/div>\n<div class=\"content-column one_third\"><\/div>\n<\/div>\n\n\n<div class=\"full qua\">\n\n<div class=\"content-column one_half\">Zone d'int\u00e9r\u00eat<\/div>\n<div class=\"content-column one_half\">Experience precedente<\/div>\n<\/div>\n\n<div class=\"full tre\">\n<div class=\"content-column one_half\"><label><span class=\"wpcf7-form-control-wrap\" data-name=\"a1\"><span class=\"wpcf7-form-control wpcf7-acceptance optional\"><span class=\"wpcf7-list-item\"><input type=\"checkbox\" name=\"a1\" value=\"1\" aria-invalid=\"false\" \/><\/span><\/span><\/span> Communication et commercialisation<\/label><\/div>\n<div class=\"content-column one_half\"><span class=\"wpcf7-form-control-wrap\" data-name=\"radio1\"><span class=\"wpcf7-form-control wpcf7-radio\"><span class=\"wpcf7-list-item first\"><label><input type=\"radio\" name=\"radio1\" value=\"Oui\" \/><span class=\"wpcf7-list-item-label\">Oui<\/span><\/label><\/span><span class=\"wpcf7-list-item last\"><label><input type=\"radio\" name=\"radio1\" value=\"non\" \/><span class=\"wpcf7-list-item-label\">non<\/span><\/label><\/span><\/span><\/span><\/div>\n<\/div>\n\n<div class=\"full\">\n<div class=\"content-column one_half\"><label><span class=\"wpcf7-form-control-wrap\" data-name=\"a2\"><span class=\"wpcf7-form-control wpcf7-acceptance optional\"><span class=\"wpcf7-list-item\"><input type=\"checkbox\" name=\"a2\" value=\"1\" aria-invalid=\"false\" \/><\/span><\/span><\/span> Comptabilit\u00e9 et administration<\/label><\/div>\n<div class=\"content-column one_half\"><span class=\"wpcf7-form-control-wrap\" data-name=\"radio2\"><span class=\"wpcf7-form-control wpcf7-radio\"><span class=\"wpcf7-list-item first\"><label><input type=\"radio\" name=\"radio2\" value=\"Oui\" \/><span class=\"wpcf7-list-item-label\">Oui<\/span><\/label><\/span><span class=\"wpcf7-list-item last\"><label><input type=\"radio\" name=\"radio2\" value=\"non\" \/><span class=\"wpcf7-list-item-label\">non<\/span><\/label><\/span><\/span><\/span><\/div>\n<\/div>\n\n<div class=\"full\">\n<div class=\"content-column one_half\"><label><span class=\"wpcf7-form-control-wrap\" data-name=\"a3\"><span class=\"wpcf7-form-control wpcf7-acceptance optional\"><span class=\"wpcf7-list-item\"><input type=\"checkbox\" name=\"a3\" value=\"1\" aria-invalid=\"false\" \/><\/span><\/span><\/span> Bureau de vente \u00e0 l'\u00e9tranger<\/label><\/div>\n<div class=\"content-column one_half\"><span class=\"wpcf7-form-control-wrap\" data-name=\"radio3\"><span class=\"wpcf7-form-control wpcf7-radio\"><span class=\"wpcf7-list-item first\"><label><input type=\"radio\" name=\"radio3\" value=\"Oui\" \/><span class=\"wpcf7-list-item-label\">Oui<\/span><\/label><\/span><span class=\"wpcf7-list-item last\"><label><input type=\"radio\" name=\"radio3\" value=\"non\" \/><span class=\"wpcf7-list-item-label\">non<\/span><\/label><\/span><\/span><\/span><\/div>\n<\/div>\n\n<div class=\"full\">\n<div class=\"content-column one_half\"><label><span class=\"wpcf7-form-control-wrap\" data-name=\"a4\"><span class=\"wpcf7-form-control wpcf7-acceptance optional\"><span class=\"wpcf7-list-item\"><input type=\"checkbox\" name=\"a4\" value=\"1\" aria-invalid=\"false\" \/><\/span><\/span><\/span> Bureau de vente Italie<\/label><\/div>\n<div class=\"content-column one_half\"><span class=\"wpcf7-form-control-wrap\" data-name=\"radio4\"><span class=\"wpcf7-form-control wpcf7-radio\"><span class=\"wpcf7-list-item first\"><label><input type=\"radio\" name=\"radio4\" value=\"Oui\" \/><span class=\"wpcf7-list-item-label\">Oui<\/span><\/label><\/span><span class=\"wpcf7-list-item last\"><label><input type=\"radio\" name=\"radio4\" value=\"non\" \/><span class=\"wpcf7-list-item-label\">non<\/span><\/label><\/span><\/span><\/span><\/div>\n<\/div>\n\n<div class=\"full\">\n<div class=\"content-column one_half\"><label><span class=\"wpcf7-form-control-wrap\" data-name=\"a5\"><span class=\"wpcf7-form-control wpcf7-acceptance optional\"><span class=\"wpcf7-list-item\"><input type=\"checkbox\" name=\"a5\" value=\"1\" aria-invalid=\"false\" \/><\/span><\/span><\/span> Service des achats<\/label><\/div>\n<div class=\"content-column one_half\"><span class=\"wpcf7-form-control-wrap\" data-name=\"radio5\"><span class=\"wpcf7-form-control wpcf7-radio\"><span class=\"wpcf7-list-item first\"><label><input type=\"radio\" name=\"radio5\" value=\"Oui\" \/><span class=\"wpcf7-list-item-label\">Oui<\/span><\/label><\/span><span class=\"wpcf7-list-item last\"><label><input type=\"radio\" name=\"radio5\" value=\"non\" \/><span class=\"wpcf7-list-item-label\">non<\/span><\/label><\/span><\/span><\/span><\/div>\n<\/div>\n\n<div class=\"full\">\n<div class=\"content-column one_half\"><label><span class=\"wpcf7-form-control-wrap\" data-name=\"a6\"><span class=\"wpcf7-form-control wpcf7-acceptance optional\"><span class=\"wpcf7-list-item\"><input type=\"checkbox\" name=\"a6\" value=\"1\" aria-invalid=\"false\" \/><\/span><\/span><\/span> Technicien de machines de production \/ Responsable de production<\/label><\/div>\n<div class=\"content-column one_half\"><span class=\"wpcf7-form-control-wrap\" data-name=\"radio6\"><span class=\"wpcf7-form-control wpcf7-radio\"><span class=\"wpcf7-list-item first\"><label><input type=\"radio\" name=\"radio6\" value=\"Oui\" \/><span class=\"wpcf7-list-item-label\">Oui<\/span><\/label><\/span><span class=\"wpcf7-list-item last\"><label><input type=\"radio\" name=\"radio6\" value=\"non\" \/><span class=\"wpcf7-list-item-label\">non<\/span><\/label><\/span><\/span><\/span><\/div>\n<\/div>\n\n<div class=\"full\">\n<div class=\"content-column one_half\"><label><span class=\"wpcf7-form-control-wrap\" data-name=\"a7\"><span class=\"wpcf7-form-control wpcf7-acceptance optional\"><span class=\"wpcf7-list-item\"><input type=\"checkbox\" name=\"a7\" value=\"1\" aria-invalid=\"false\" \/><\/span><\/span><\/span> Contr\u00f4le qualit\u00e9<\/label><\/div>\n<div class=\"content-column one_half\"><span class=\"wpcf7-form-control-wrap\" data-name=\"radio7\"><span class=\"wpcf7-form-control wpcf7-radio\"><span class=\"wpcf7-list-item first\"><label><input type=\"radio\" name=\"radio7\" value=\"Oui\" \/><span class=\"wpcf7-list-item-label\">Oui<\/span><\/label><\/span><span class=\"wpcf7-list-item last\"><label><input type=\"radio\" name=\"radio7\" value=\"non\" \/><span class=\"wpcf7-list-item-label\">non<\/span><\/label><\/span><\/span><\/span><\/div>\n<\/div>\n\n<div class=\"full\">\n<div class=\"content-column one_half\"><label><span class=\"wpcf7-form-control-wrap\" data-name=\"a8\"><span class=\"wpcf7-form-control wpcf7-acceptance optional\"><span class=\"wpcf7-list-item\"><input type=\"checkbox\" name=\"a8\" value=\"1\" aria-invalid=\"false\" \/><\/span><\/span><\/span> D\u00e9pot<\/label><\/div>\n<div class=\"content-column one_half\"><span class=\"wpcf7-form-control-wrap\" data-name=\"radio8\"><span class=\"wpcf7-form-control wpcf7-radio\"><span class=\"wpcf7-list-item first\"><label><input type=\"radio\" name=\"radio8\" value=\"Oui\" \/><span class=\"wpcf7-list-item-label\">Oui<\/span><\/label><\/span><span class=\"wpcf7-list-item last\"><label><input type=\"radio\" name=\"radio8\" value=\"non\" \/><span class=\"wpcf7-list-item-label\">non<\/span><\/label><\/span><\/span><\/span><\/div>\n<\/div>\n\n<div class=\"full\">\n<div class=\"content-column one_half\"><label><span class=\"wpcf7-form-control-wrap\" data-name=\"a9\"><span class=\"wpcf7-form-control wpcf7-acceptance optional\"><span class=\"wpcf7-list-item\"><input type=\"checkbox\" name=\"a9\" value=\"1\" aria-invalid=\"false\" \/><\/span><\/span><\/span> La planification de la production<\/label><\/div>\n<div class=\"content-column one_half\"><span class=\"wpcf7-form-control-wrap\" data-name=\"radio9\"><span class=\"wpcf7-form-control wpcf7-radio\"><span class=\"wpcf7-list-item first\"><label><input type=\"radio\" name=\"radio9\" value=\"Oui\" \/><span class=\"wpcf7-list-item-label\">Oui<\/span><\/label><\/span><span class=\"wpcf7-list-item last\"><label><input type=\"radio\" name=\"radio9\" value=\"non\" \/><span class=\"wpcf7-list-item-label\">non<\/span><\/label><\/span><\/span><\/span><\/div>\n<\/div>\n\n<div class=\"full\">\n<div class=\"content-column one_half\"><label><span class=\"wpcf7-form-control-wrap\" data-name=\"a10\"><span class=\"wpcf7-form-control wpcf7-acceptance optional\"><span class=\"wpcf7-list-item\"><input type=\"checkbox\" name=\"a10\" value=\"1\" aria-invalid=\"false\" \/><\/span><\/span><\/span> Recherche et d\u00e9veloppement \/ Technicien produit<\/label><\/div>\n<div class=\"content-column one_half\"><span class=\"wpcf7-form-control-wrap\" data-name=\"radio10\"><span class=\"wpcf7-form-control wpcf7-radio\"><span class=\"wpcf7-list-item first\"><label><input type=\"radio\" name=\"radio10\" value=\"Oui\" \/><span class=\"wpcf7-list-item-label\">Oui<\/span><\/label><\/span><span class=\"wpcf7-list-item last\"><label><input type=\"radio\" name=\"radio10\" value=\"non\" \/><span class=\"wpcf7-list-item-label\">non<\/span><\/label><\/span><\/span><\/span><\/div>\n<\/div>\n\n<div class=\"full\">\n<div class=\"content-column one_half\"><label><span class=\"wpcf7-form-control-wrap\" data-name=\"a11\"><span class=\"wpcf7-form-control wpcf7-acceptance optional\"><span class=\"wpcf7-list-item\"><input type=\"checkbox\" name=\"a11\" value=\"1\" aria-invalid=\"false\" \/><\/span><\/span><\/span> Repr\u00e9sentant des ventes \/ Agent \/ Officier<\/label><\/div>\n<div class=\"content-column one_half\"><span class=\"wpcf7-form-control-wrap\" data-name=\"radio11\"><span class=\"wpcf7-form-control wpcf7-radio\"><span class=\"wpcf7-list-item first\"><label><input type=\"radio\" name=\"radio11\" value=\"Oui\" \/><span class=\"wpcf7-list-item-label\">Oui<\/span><\/label><\/span><span class=\"wpcf7-list-item last\"><label><input type=\"radio\" name=\"radio11\" value=\"non\" \/><span class=\"wpcf7-list-item-label\">non<\/span><\/label><\/span><\/span><\/span><\/div>\n<\/div>\n\n<div class=\"full\">\n<div class=\"content-column one_half\"><label><span class=\"wpcf7-form-control-wrap\" data-name=\"a12\"><span class=\"wpcf7-form-control wpcf7-acceptance optional\"><span class=\"wpcf7-list-item\"><input type=\"checkbox\" name=\"a12\" value=\"1\" aria-invalid=\"false\" \/><\/span><\/span><\/span> Ouvrier<\/label><\/div>\n<div class=\"content-column one_half\"><span class=\"wpcf7-form-control-wrap\" data-name=\"radio12\"><span class=\"wpcf7-form-control wpcf7-radio\"><span class=\"wpcf7-list-item first\"><label><input type=\"radio\" name=\"radio12\" value=\"Oui\" \/><span class=\"wpcf7-list-item-label\">Oui<\/span><\/label><\/span><span class=\"wpcf7-list-item last\"><label><input type=\"radio\" name=\"radio12\" value=\"non\" \/><span class=\"wpcf7-list-item-label\">non<\/span><\/label><\/span><\/span><\/span><\/div>\n<\/div>\n\n<div class=\"full\"><label> Curriculum vitae <span class=\"wpcf7-form-control-wrap\" data-name=\"file-allegato\"><input size=\"40\" class=\"wpcf7-form-control wpcf7-file wpcf7-validates-as-required\" accept=\"audio\/*,video\/*,image\/*\" aria-required=\"true\" aria-invalid=\"false\" type=\"file\" name=\"file-allegato\" \/><\/span> <\/label><\/div>\n<div class=\"full\">\n<label> Privacy Policy\n<span class=\"wpcf7-form-control-wrap\" data-name=\"acceptance-156\"><span class=\"wpcf7-form-control wpcf7-acceptance optional\"><span class=\"wpcf7-list-item\"><label><input type=\"checkbox\" name=\"acceptance-156\" value=\"1\" aria-invalid=\"false\" \/><span class=\"wpcf7-list-item-label\">J'ai lu et j'accepte la l\u00e9gislation vie priv\u00e9e - politique de cookies conform\u00e9ment au r\u00e8glement europ\u00e9en 679\/16 (GDPR)<\/span><\/label><\/span><\/span><\/span><\/label><\/div>\n\n<div class=\"full\">\n<input class=\"wpcf7-form-control wpcf7-submit has-spinner\" type=\"submit\" value=\"Soumettez votre candidature\" \/><\/div>\n\n\n\n\n<style>\n\n.full.due {\n    border-top: solid 1px #ccc;\n    padding-top: 20px;\n    margin-top: 20px;\n}\n.full.ultimo {\n    margin-bottom: 40px !important;\n}\n.full.qua {\n    border-top: solid 1px #ccc;\n    padding-top: 20px;\n}\n.one_fourth, .one_half, .one_third, .three_fourth, .two_third {\n    float: left;\n    margin-right: 2.5%;\n    position: relative;\n}\n.full {\nwidth:100%;\nfloat: left;\n}\n.one_half{\nmargin-right: 2%; \n}\n.full.due {\n    font-weight: bold;\n}\n.full.qua {\n    font-weight: bold;\n}\n.dipe-cf7 .wpcf7 input:not([type=\"submit\"]):not([type=\"checkbox\"]):not([type=\"radio\"]), .dipe-cf7 .wpcf7 select, .dipe-cf7 .wpcf7 textarea {\n    line-height: 1.5em !important;\n}\n.wpcf7 form.sent .wpcf7-response-output {\n    border-color: #46b450;\n    position: absolute;\n    bottom: 2px;\n    width: 80%;\n}\n\n<\/style><div class=\"wpcf7-response-output\" aria-hidden=\"true\"><\/div>\n<\/form>\n<\/div>\n\n\t\t\t\t<\/div>\n\t\t\t<\/div>\n\t\t\t\t<\/div>\n\t\t\t<\/div><\/p>\n","protected":false},"author":1,"featured_media":0,"parent":0,"menu_order":0,"comment_status":"closed","ping_status":"closed","template":"","meta":{"_et_pb_use_builder":"on","_et_pb_old_content":"","_et_gb_content_width":"","footnotes":""},"class_list":["post-9603","page","type-page","status-publish","hentry"],"_links":{"self":[{"href":"https:\/\/www.crsmart.it\/fr\/wp-json\/wp\/v2\/pages\/9603","targetHints":{"allow":["GET"]}}],"collection":[{"href":"https:\/\/www.crsmart.it\/fr\/wp-json\/wp\/v2\/pages"}],"about":[{"href":"https:\/\/www.crsmart.it\/fr\/wp-json\/wp\/v2\/types\/page"}],"author":[{"embeddable":true,"href":"https:\/\/www.crsmart.it\/fr\/wp-json\/wp\/v2\/users\/1"}],"replies":[{"embeddable":true,"href":"https:\/\/www.crsmart.it\/fr\/wp-json\/wp\/v2\/comments?post=9603"}],"version-history":[{"count":5,"href":"https:\/\/www.crsmart.it\/fr\/wp-json\/wp\/v2\/pages\/9603\/revisions"}],"predecessor-version":[{"id":10546,"href":"https:\/\/www.crsmart.it\/fr\/wp-json\/wp\/v2\/pages\/9603\/revisions\/10546"}],"wp:attachment":[{"href":"https:\/\/www.crsmart.it\/fr\/wp-json\/wp\/v2\/media?parent=9603"}],"curies":[{"name":"wp","href":"https:\/\/api.w.org\/{rel}","templated":true}]}}