{"id":9619,"date":"2021-04-01T13:56:20","date_gmt":"2021-04-01T11:56:20","guid":{"rendered":"https:\/\/crsmart.sviluppo.host\/progettazione-sistemi-scarico-pilette-sifonate-lavatoi-coprilavatrice\/"},"modified":"2022-11-08T10:54:49","modified_gmt":"2022-11-08T09:54:49","slug":"recherche-et-developpement","status":"publish","type":"page","link":"https:\/\/www.crsmart.it\/fr\/recherche-et-developpement\/","title":{"rendered":"Recherche et d\u00e9veloppement"},"content":{"rendered":"<p>[et_pb_section fb_built=\u00a0\u00bb1&Prime; _builder_version=\u00a0\u00bb4.16&Prime; _module_preset=\u00a0\u00bbdefault\u00a0\u00bb background_color=\u00a0\u00bb#ECECEC\u00a0\u00bb custom_padding=\u00a0\u00bb0px||0px||false|false\u00a0\u00bb locked=\u00a0\u00bboff\u00a0\u00bb global_colors_info=\u00a0\u00bb{}\u00a0\u00bb][et_pb_row column_structure=\u00a0\u00bb3_5,2_5&Prime; _builder_version=\u00a0\u00bb4.16&Prime; _module_preset=\u00a0\u00bbdefault\u00a0\u00bb global_colors_info=\u00a0\u00bb{}\u00a0\u00bb][et_pb_column type=\u00a0\u00bb3_5&Prime; _builder_version=\u00a0\u00bb4.16&Prime; _module_preset=\u00a0\u00bbdefault\u00a0\u00bb global_colors_info=\u00a0\u00bb{}\u00a0\u00bb][et_pb_text _builder_version=\u00a0\u00bb4.17.5&Prime; _module_preset=\u00a0\u00bbdefault\u00a0\u00bb text_font=\u00a0\u00bb|300|||||||\u00a0\u00bb text_font_size=\u00a0\u00bb22px\u00a0\u00bb hover_enabled=\u00a0\u00bb0&Prime; global_colors_info=\u00a0\u00bb{}\u00a0\u00bb sticky_enabled=\u00a0\u00bb0&Prime;]<\/p>\n<p>\u00c0 PROPOS DE NOUS \/ Recherche et d\u00e9veloppement<\/p>\n<p>[\/et_pb_text][\/et_pb_column][et_pb_column type=\u00a0\u00bb2_5&Prime; _builder_version=\u00a0\u00bb4.16&Prime; _module_preset=\u00a0\u00bbdefault\u00a0\u00bb global_colors_info=\u00a0\u00bb{}\u00a0\u00bb][et_pb_button button_url=\u00a0\u00bb@ET-DC@eyJkeW5hbWljIjp0cnVlLCJjb250ZW50IjoicG9zdF9saW5rX3VybF9wYWdlIiwic2V0dGluZ3MiOnsicG9zdF9pZCI6IjE1MzIifX0=@\u00a0\u00bb button_text=\u00a0\u00bbRetourne en arri\u00e8re\u00a0\u00bb _builder_version=\u00a0\u00bb4.17.5&Prime; _dynamic_attributes=\u00a0\u00bbbutton_url\u00a0\u00bb _module_preset=\u00a0\u00bb76d1d677-911c-46f5-8cf5-dda5d4131753&Prime; hover_enabled=\u00a0\u00bb0&Prime; global_colors_info=\u00a0\u00bb{}\u00a0\u00bb sticky_enabled=\u00a0\u00bb0&Prime;][\/et_pb_button][\/et_pb_column][\/et_pb_row][\/et_pb_section][et_pb_section fb_built=\u00a0\u00bb1&Prime; custom_padding_last_edited=\u00a0\u00bbon|phone\u00a0\u00bb module_id=\u00a0\u00bbhercules\u00a0\u00bb module_class=\u00a0\u00bbhercules\u00a0\u00bb _builder_version=\u00a0\u00bb4.16&Prime; custom_margin=\u00a0\u00bb-1px||\u00a0\u00bb custom_margin_tablet=\u00a0\u00bb0px||0px||true\u00a0\u00bb custom_margin_phone=\u00a0\u00bb0px||0px||true\u00a0\u00bb custom_margin_last_edited=\u00a0\u00bbon|phone\u00a0\u00bb custom_padding=\u00a0\u00bb17px||7px||false|false\u00a0\u00bb custom_padding_tablet=\u00a0\u00bb0px||0px||true\u00a0\u00bb custom_padding_phone=\u00a0\u00bb0px||0px||true\u00a0\u00bb bottom_divider_color=\u00a0\u00bb#0c71c3&Prime; global_colors_info=\u00a0\u00bb{}\u00a0\u00bb][et_pb_row column_structure=\u00a0\u00bb3_5,2_5&Prime; _builder_version=\u00a0\u00bb4.16&Prime; box_shadow_style=\u00a0\u00bbpreset6&Prime; box_shadow_blur=\u00a0\u00bb10px\u00a0\u00bb box_shadow_color=\u00a0\u00bbrgba(0,0,0,0.1)\u00a0\u00bb global_colors_info=\u00a0\u00bb{}\u00a0\u00bb][et_pb_column type=\u00a0\u00bb3_5&Prime; _builder_version=\u00a0\u00bb4.16&Prime; custom_padding=\u00a0\u00bb|||\u00a0\u00bb global_colors_info=\u00a0\u00bb{}\u00a0\u00bb custom_padding__hover=\u00a0\u00bb|||\u00a0\u00bb][et_pb_text _builder_version=\u00a0\u00bb4.17.5&Prime; animation_style=\u00a0\u00bbfade\u00a0\u00bb hover_enabled=\u00a0\u00bb0&Prime; box_shadow_style=\u00a0\u00bbpreset6&Prime; box_shadow_blur=\u00a0\u00bb10px\u00a0\u00bb box_shadow_color=\u00a0\u00bbrgba(0,0,0,0.1)\u00a0\u00bb global_colors_info=\u00a0\u00bb{}\u00a0\u00bb sticky_enabled=\u00a0\u00bb0&Prime;]<\/p>\n<h1 class=\"p1\"><strong>CONCEPTION ET MOULAGE DE SYST\u00c8MES DE CHASSE<\/strong><\/h1>\n<p class=\"p2\">Au fil du temps, notre entreprise a su s\u2019\u00a0<b>imposer sur le march\u00e9 comme un point de r\u00e9f\u00e9rence pour la conception et le moulage en continu<\/b>\u00a0de syst\u00e8mes de chasse, de bacs \u00e0 laver, de lavoirs, de meubles pour lave-linges, de bondes siphoniques, de r\u00e9servoirs de WC, externes et encastr\u00e9s, et bien plus encore.<\/p>\n<p class=\"p2\">Afin de pouvoir offrir \u00e0 nos clients un\u00a0<b>service complet<\/b>\u00a0et une\u00a0<b>gamme de propositions adapt\u00e9es \u00e0 tout type de besoin<\/b>, nous avons\u00a0<b>investi<\/b>\u00a0au fil des ans tant en termes de\u00a0<b>ressources humaines<\/b> que dans l\u2019<b>\u00e9tude de solutions innovantes<\/b>\u00a0capables de satisfaire les diff\u00e9rentes demandes du march\u00e9.<\/p>\n<p class=\"p2\">C\u2019est pour cette raison que C.R. dispose d\u00e9sormais d\u2019un\u00a0<b>bureau interne de recherche et d\u00e9veloppement<\/b>\u00a0qui, gr\u00e2ce \u00e0 nos <b>laboratoires<\/b>\u00a0et \u00e0 des\u00a0<b>outils de conception avanc\u00e9s<\/b> tels que des\u00a0<b>logiciels sp\u00e9cialis\u00e9s<\/b>\u00a0et des\u00a0<b>imprimantes 3D<\/b>, nous permet de\u00a0<b>d\u00e9velopper<\/b>, de\u00a0<b>prototyper<\/b>\u00a0et de\u00a0<b>fabriquer des produits qui s\u2019adaptent aux exigences changeantes du march\u00e9<\/b>.<\/p>\n<p class=\"p2\">Apr\u00e8s la\u00a0<b>conception d\u00e9taill\u00e9e des articles<\/b>, la phase de r\u00e9alisation\u00a0<b>se termine par la production professionnelle du moule par l\u2019atelier d\u2019outillage interne<\/b>, qui se charge \u00e9galement de l\u2019<b>entretien quotidien des moules<\/b>.<\/p>\n<p>[\/et_pb_text][\/et_pb_column][et_pb_column type=\u00a0\u00bb2_5&Prime; _builder_version=\u00a0\u00bb4.16&Prime; custom_padding=\u00a0\u00bb|||\u00a0\u00bb global_colors_info=\u00a0\u00bb{}\u00a0\u00bb custom_padding__hover=\u00a0\u00bb|||\u00a0\u00bb][et_pb_image src=\u00a0\u00bbhttps:\/\/www.crsmart.it\/wp-content\/uploads\/2021\/07\/Progettazione-sistemi-di-scarico-wc.jpg\u00a0\u00bb alt=\u00a0\u00bbProgettazione-sistemi-di-scarico-wc\u00a0\u00bb title_text=\u00a0\u00bbProgettazione-sistemi-di-scarico-wc\u00a0\u00bb show_in_lightbox=\u00a0\u00bbon\u00a0\u00bb align_tablet=\u00a0\u00bbcenter\u00a0\u00bb align_phone=\u00a0\u00bb\u00a0\u00bb align_last_edited=\u00a0\u00bbon|desktop\u00a0\u00bb _builder_version=\u00a0\u00bb4.17.5&Prime; animation_style=\u00a0\u00bbslide\u00a0\u00bb animation_direction=\u00a0\u00bbright\u00a0\u00bb hover_enabled=\u00a0\u00bb0&Prime; global_colors_info=\u00a0\u00bb{}\u00a0\u00bb sticky_enabled=\u00a0\u00bb0&Prime;]&nbsp;<br \/>\n[\/et_pb_image][\/et_pb_column][\/et_pb_row][\/et_pb_section][et_pb_section fb_built=\u00a0\u00bb1&Prime; custom_padding_last_edited=\u00a0\u00bbon|tablet\u00a0\u00bb module_id=\u00a0\u00bbpegaso-2&Prime; module_class=\u00a0\u00bbpegaso-2&Prime; _builder_version=\u00a0\u00bb4.16&Prime; custom_margin_tablet=\u00a0\u00bb0px||0px||true\u00a0\u00bb custom_margin_phone=\u00a0\u00bb0px||0px||true\u00a0\u00bb custom_margin_last_edited=\u00a0\u00bbon|phone\u00a0\u00bb custom_padding=\u00a0\u00bb17px||15px|||\u00a0\u00bb custom_padding_tablet=\u00a0\u00bb0px||0px||true\u00a0\u00bb custom_padding_phone=\u00a0\u00bb0px||0px||true\u00a0\u00bb global_colors_info=\u00a0\u00bb{}\u00a0\u00bb][et_pb_row column_structure=\u00a0\u00bb3_5,2_5&Prime; _builder_version=\u00a0\u00bb4.17.5&Prime; global_colors_info=\u00a0\u00bb{}\u00a0\u00bb][et_pb_column type=\u00a0\u00bb3_5&Prime; _builder_version=\u00a0\u00bb4.16&Prime; custom_padding=\u00a0\u00bb|||\u00a0\u00bb global_colors_info=\u00a0\u00bb{}\u00a0\u00bb custom_padding__hover=\u00a0\u00bb|||\u00a0\u00bb][et_pb_text _builder_version=\u00a0\u00bb4.17.5&Prime; hover_enabled=\u00a0\u00bb0&Prime; box_shadow_style=\u00a0\u00bbpreset6&Prime; box_shadow_blur=\u00a0\u00bb10px\u00a0\u00bb box_shadow_color=\u00a0\u00bbrgba(0,0,0,0.1)\u00a0\u00bb global_colors_info=\u00a0\u00bb{}\u00a0\u00bb sticky_enabled=\u00a0\u00bb0&Prime;]<\/p>\n<h2 class=\"p1\"><b>DES TESTS DE CONFORMIT\u00c9 POUR GARANTIR DES STANDARDS DE QUALIT\u00c9 \u00c9LEV\u00c9S<\/b><\/h2>\n<p class=\"p2\">Le souci du d\u00e9tail est un \u00e9l\u00e9ment essentiel pour nous. Nous accordons la\u00a0<b>plus grande attention \u00e0 toutes les \u00e9tapes de la r\u00e9alisation<\/b>, de la conception au moulage. Dans cette optique, notre \u00e9quipe de\u00a0<b>recherche et d\u00e9veloppement<\/b>, en collaboration avec l\u2019<b>\u00e9quipe qualit\u00e9<\/b>, effectue r\u00e9guli\u00e8rement des\u00a0<b>tests de conformit\u00e9<\/b>\u00a0sur l\u2019ensemble de la gamme d\u2019articles et des\u00a0<b>tests \u00e0 long terme<\/b>, tels que ceux\u00a0<b>requis par la norme CE UNI EN 14055<\/b>\u00a0pour les r\u00e9servoirs de chasse.<\/p>\n<p>[\/et_pb_text][\/et_pb_column][et_pb_column type=\u00a0\u00bb2_5&Prime; _builder_version=\u00a0\u00bb4.16&Prime; custom_padding=\u00a0\u00bb|||\u00a0\u00bb global_colors_info=\u00a0\u00bb{}\u00a0\u00bb custom_padding__hover=\u00a0\u00bb|||\u00a0\u00bb][et_pb_gallery gallery_ids=\u00a0\u00bb5948,5949,5950&Prime; fullwidth=\u00a0\u00bbon\u00a0\u00bb _builder_version=\u00a0\u00bb4.17.5&Prime; _module_preset=\u00a0\u00bbdefault\u00a0\u00bb auto=\u00a0\u00bbon\u00a0\u00bb global_colors_info=\u00a0\u00bb{}\u00a0\u00bb][\/et_pb_gallery][\/et_pb_column][\/et_pb_row][\/et_pb_section][et_pb_section fb_built=\u00a0\u00bb1&Prime; custom_padding_last_edited=\u00a0\u00bbon|phone\u00a0\u00bb module_id=\u00a0\u00bbnemesi-1&Prime; module_class=\u00a0\u00bbnemesi-1&Prime; _builder_version=\u00a0\u00bb4.17.5&Prime; custom_margin_tablet=\u00a0\u00bb0px||0px||true\u00a0\u00bb custom_margin_phone=\u00a0\u00bb0px||0px||true\u00a0\u00bb custom_margin_last_edited=\u00a0\u00bbon|phone\u00a0\u00bb custom_padding=\u00a0\u00bb11px||0px||false|false\u00a0\u00bb custom_padding_tablet=\u00a0\u00bb0px||0px|\u00a0\u00bb custom_padding_phone=\u00a0\u00bb0px||0px||true\u00a0\u00bb top_divider_color=\u00a0\u00bb#f2f2f2&Prime; bottom_divider_color=\u00a0\u00bb#ffffff\u00a0\u00bb bottom_divider_height=\u00a0\u00bb5vw\u00a0\u00bb global_colors_info=\u00a0\u00bb{}\u00a0\u00bb][et_pb_row column_structure=\u00a0\u00bb1_3,1_3,1_3&Prime; use_custom_gutter=\u00a0\u00bbon\u00a0\u00bb gutter_width=\u00a0\u00bb1&Prime; module_id=\u00a0\u00bbriga-nemesi\u00a0\u00bb module_class=\u00a0\u00bbriga-nemesi\u00a0\u00bb _builder_version=\u00a0\u00bb4.17.5&Prime; width=\u00a0\u00bb100%\u00a0\u00bb max_width=\u00a0\u00bb100%\u00a0\u00bb custom_padding=\u00a0\u00bb||0px||false|false\u00a0\u00bb global_colors_info=\u00a0\u00bb{}\u00a0\u00bb][et_pb_column type=\u00a0\u00bb1_3&Prime; _builder_version=\u00a0\u00bb4.16&Prime; custom_padding=\u00a0\u00bb|||\u00a0\u00bb global_colors_info=\u00a0\u00bb{}\u00a0\u00bb custom_padding__hover=\u00a0\u00bb|||\u00a0\u00bb][et_pb_image src=\u00a0\u00bbhttps:\/\/www.crsmart.it\/wp-content\/uploads\/2021\/07\/Stampaggio-ciclo-continuo-coprilavatrice.jpg\u00a0\u00bb alt=\u00a0\u00bbStampaggio-ciclo-continuo-coprilavatrice\u00a0\u00bb title_text=\u00a0\u00bbStampaggio-ciclo-continuo-coprilavatrice\u00a0\u00bb show_in_lightbox=\u00a0\u00bbon\u00a0\u00bb align_tablet=\u00a0\u00bbcenter\u00a0\u00bb align_phone=\u00a0\u00bb\u00a0\u00bb align_last_edited=\u00a0\u00bbon|desktop\u00a0\u00bb _builder_version=\u00a0\u00bb4.17.5&Prime; global_colors_info=\u00a0\u00bb{}\u00a0\u00bb]&nbsp;<br \/>\n[\/et_pb_image][\/et_pb_column][et_pb_column type=\u00a0\u00bb1_3&Prime; _builder_version=\u00a0\u00bb4.16&Prime; custom_padding=\u00a0\u00bb|||\u00a0\u00bb global_colors_info=\u00a0\u00bb{}\u00a0\u00bb custom_padding__hover=\u00a0\u00bb|||\u00a0\u00bb][et_pb_image src=\u00a0\u00bbhttps:\/\/www.crsmart.it\/wp-content\/uploads\/2021\/06\/Avvalendosi-di-stampanti-3d.jpg\u00a0\u00bb alt=\u00a0\u00bbAvvalendosi-di-stampanti-3d\u00a0\u00bb title_text=\u00a0\u00bbAvvalendosi-di-stampanti-3d\u00a0\u00bb show_in_lightbox=\u00a0\u00bbon\u00a0\u00bb align_tablet=\u00a0\u00bbcenter\u00a0\u00bb align_phone=\u00a0\u00bb\u00a0\u00bb align_last_edited=\u00a0\u00bbon|desktop\u00a0\u00bb _builder_version=\u00a0\u00bb4.17.5&Prime; global_colors_info=\u00a0\u00bb{}\u00a0\u00bb]&nbsp;<br \/>\n[\/et_pb_image][\/et_pb_column][et_pb_column type=\u00a0\u00bb1_3&Prime; _builder_version=\u00a0\u00bb4.16&Prime; custom_padding=\u00a0\u00bb|||\u00a0\u00bb global_colors_info=\u00a0\u00bb{}\u00a0\u00bb custom_padding__hover=\u00a0\u00bb|||\u00a0\u00bb][et_pb_image src=\u00a0\u00bbhttps:\/\/www.crsmart.it\/wp-content\/uploads\/2021\/07\/Test-di-lunga-durata.jpg\u00a0\u00bb alt=\u00a0\u00bbTest-di-lunga-durata\u00a0\u00bb title_text=\u00a0\u00bbTest-di-lunga-durata\u00a0\u00bb show_in_lightbox=\u00a0\u00bbon\u00a0\u00bb align_tablet=\u00a0\u00bbcenter\u00a0\u00bb align_phone=\u00a0\u00bb\u00a0\u00bb align_last_edited=\u00a0\u00bbon|desktop\u00a0\u00bb _builder_version=\u00a0\u00bb4.17.5&Prime; global_colors_info=\u00a0\u00bb{}\u00a0\u00bb]&nbsp;<br \/>\n[\/et_pb_image][\/et_pb_column][\/et_pb_row][\/et_pb_section]<\/p>\n","protected":false},"excerpt":{"rendered":"<p>\u00c0 PROPOS DE NOUS \/ Recherche et d\u00e9veloppementCONCEPTION ET MOULAGE DE SYST\u00c8MES DE CHASSE Au fil du temps, notre entreprise a su s\u2019\u00a0imposer sur le march\u00e9 comme un point de r\u00e9f\u00e9rence pour la conception et le moulage en continu\u00a0de syst\u00e8mes de chasse, de bacs \u00e0 laver, de lavoirs, de meubles pour lave-linges, de bondes siphoniques, [&hellip;]<\/p>\n","protected":false},"author":1,"featured_media":0,"parent":0,"menu_order":0,"comment_status":"closed","ping_status":"closed","template":"","meta":{"_et_pb_use_builder":"on","_et_pb_old_content":"","_et_gb_content_width":"","footnotes":""},"class_list":["post-9619","page","type-page","status-publish","hentry"],"_links":{"self":[{"href":"https:\/\/www.crsmart.it\/fr\/wp-json\/wp\/v2\/pages\/9619","targetHints":{"allow":["GET"]}}],"collection":[{"href":"https:\/\/www.crsmart.it\/fr\/wp-json\/wp\/v2\/pages"}],"about":[{"href":"https:\/\/www.crsmart.it\/fr\/wp-json\/wp\/v2\/types\/page"}],"author":[{"embeddable":true,"href":"https:\/\/www.crsmart.it\/fr\/wp-json\/wp\/v2\/users\/1"}],"replies":[{"embeddable":true,"href":"https:\/\/www.crsmart.it\/fr\/wp-json\/wp\/v2\/comments?post=9619"}],"version-history":[{"count":8,"href":"https:\/\/www.crsmart.it\/fr\/wp-json\/wp\/v2\/pages\/9619\/revisions"}],"predecessor-version":[{"id":13616,"href":"https:\/\/www.crsmart.it\/fr\/wp-json\/wp\/v2\/pages\/9619\/revisions\/13616"}],"wp:attachment":[{"href":"https:\/\/www.crsmart.it\/fr\/wp-json\/wp\/v2\/media?parent=9619"}],"curies":[{"name":"wp","href":"https:\/\/api.w.org\/{rel}","templated":true}]}}