{"id":9636,"date":"2017-11-07T09:10:37","date_gmt":"2017-11-07T08:10:37","guid":{"rendered":"https:\/\/crsmart.sviluppo.host\/contatti\/"},"modified":"2023-10-30T15:34:24","modified_gmt":"2023-10-30T14:34:24","slug":"contacts","status":"publish","type":"page","link":"https:\/\/www.crsmart.it\/fr\/contacts\/","title":{"rendered":"Contacts"},"content":{"rendered":"<p>[et_pb_section fb_built=\u00a0\u00bb1&Prime; custom_padding_last_edited=\u00a0\u00bbon|phone\u00a0\u00bb module_id=\u00a0\u00bbares\u00a0\u00bb module_class=\u00a0\u00bbares\u00a0\u00bb _builder_version=\u00a0\u00bb4.16&Prime; background_color=\u00a0\u00bb#ECECEC\u00a0\u00bb custom_margin_tablet=\u00a0\u00bb0px||0px||true\u00a0\u00bb custom_margin_phone=\u00a0\u00bb0px||0px||true\u00a0\u00bb custom_margin_last_edited=\u00a0\u00bbon|phone\u00a0\u00bb custom_padding_tablet=\u00a0\u00bb0px||0px||true\u00a0\u00bb custom_padding_phone=\u00a0\u00bb0px||0px||true\u00a0\u00bb global_colors_info=\u00a0\u00bb{}\u00a0\u00bb][et_pb_row column_structure=\u00a0\u00bb1_3,1_3,1_3&Prime; use_custom_gutter=\u00a0\u00bbon\u00a0\u00bb gutter_width=\u00a0\u00bb1&Prime; make_equal=\u00a0\u00bbon\u00a0\u00bb _builder_version=\u00a0\u00bb4.16&Prime; custom_margin=\u00a0\u00bb||||false|false\u00a0\u00bb custom_padding=\u00a0\u00bb0px||0px|||\u00a0\u00bb locked=\u00a0\u00bboff\u00a0\u00bb global_colors_info=\u00a0\u00bb{}\u00a0\u00bb][et_pb_column type=\u00a0\u00bb1_3&Prime; _builder_version=\u00a0\u00bb4.16&Prime; background_color=\u00a0\u00bb#696969&Prime; custom_padding=\u00a0\u00bb40px|40px|60px|40px|false|true\u00a0\u00bb custom_padding_tablet=\u00a0\u00bb30px|30px|30px|30px|true|true\u00a0\u00bb custom_padding_phone=\u00a0\u00bb|20px||20px|true|true\u00a0\u00bb custom_padding_last_edited=\u00a0\u00bbon|phone\u00a0\u00bb global_colors_info=\u00a0\u00bb{}\u00a0\u00bb][et_pb_blurb title=\u00a0\u00bbC.R. Srl\u00a0\u00bb use_icon=\u00a0\u00bbon\u00a0\u00bb font_icon=\u00a0\u00bb&#xe081;||divi||400&Prime; icon_color=\u00a0\u00bb#FFFFFF\u00a0\u00bb image_icon_width=\u00a0\u00bb32px\u00a0\u00bb icon_alignment=\u00a0\u00bbleft\u00a0\u00bb _builder_version=\u00a0\u00bb4.16&Prime; header_font=\u00a0\u00bbRaleway|600|||||||\u00a0\u00bb header_text_color=\u00a0\u00bb#FFFFFF\u00a0\u00bb header_line_height=\u00a0\u00bb1.4em\u00a0\u00bb body_font=\u00a0\u00bbRaleway|700|||||||\u00a0\u00bb body_text_color=\u00a0\u00bb#FFFFFF\u00a0\u00bb body_font_size=\u00a0\u00bb15px\u00a0\u00bb body_line_height=\u00a0\u00bb1.6em\u00a0\u00bb body_link_font=\u00a0\u00bb|||||||#ffffff|\u00a0\u00bb body_link_text_color=\u00a0\u00bb#ffffff\u00a0\u00bb background_layout=\u00a0\u00bbdark\u00a0\u00bb body_font_size_tablet=\u00a0\u00bb18px\u00a0\u00bb body_font_size_phone=\u00a0\u00bb16px\u00a0\u00bb body_font_size_last_edited=\u00a0\u00bbon|phone\u00a0\u00bb icon_font_size=\u00a0\u00bb32px\u00a0\u00bb locked=\u00a0\u00bboff\u00a0\u00bb global_colors_info=\u00a0\u00bb{}\u00a0\u00bb]Via dei Liutai, n. 3\/5<br \/>\n41013 Castelfranco Emilia (MO) \u2013 ITALY<\/p>\n<p>Code Fiscal et num\u00e9ro de TVA: IT 01592220360<br \/>\nCapital social 115 920,00 euros E.V.<br \/>\nN. REA: MO-228543<\/p>\n<p>Code du destinataire: M5UXCR1[\/et_pb_blurb][\/et_pb_column][et_pb_column type=\u00a0\u00bb1_3&Prime; _builder_version=\u00a0\u00bb4.16&Prime; background_color=\u00a0\u00bb#ffffff\u00a0\u00bb custom_padding=\u00a0\u00bb40px|40px|60px|40px|false|true\u00a0\u00bb custom_padding_tablet=\u00a0\u00bb30px|30px|30px|30px|true|true\u00a0\u00bb custom_padding_phone=\u00a0\u00bb|20px||20px|true|true\u00a0\u00bb custom_padding_last_edited=\u00a0\u00bbon|phone\u00a0\u00bb global_colors_info=\u00a0\u00bb{}\u00a0\u00bb][et_pb_blurb title=\u00a0\u00bbT\u00c9L\u00c9PHONE\u00a0\u00bb use_icon=\u00a0\u00bbon\u00a0\u00bb font_icon=\u00a0\u00bb&#xe090;||divi||400&Prime; icon_color=\u00a0\u00bbrgba(0,0,0,0.95)\u00a0\u00bb image_icon_width=\u00a0\u00bb32px\u00a0\u00bb icon_alignment=\u00a0\u00bbleft\u00a0\u00bb _builder_version=\u00a0\u00bb4.17.5&Prime; header_font=\u00a0\u00bbRaleway||||||||\u00a0\u00bb header_text_color=\u00a0\u00bb#E30D0D\u00a0\u00bb header_line_height=\u00a0\u00bb1.4em\u00a0\u00bb body_font=\u00a0\u00bbRaleway|700|||||||\u00a0\u00bb body_text_color=\u00a0\u00bb#000000&Prime; body_font_size=\u00a0\u00bb16px\u00a0\u00bb body_line_height=\u00a0\u00bb1.8em\u00a0\u00bb body_font_size_tablet=\u00a0\u00bb18px\u00a0\u00bb body_font_size_phone=\u00a0\u00bb16px\u00a0\u00bb body_font_size_last_edited=\u00a0\u00bboff|desktop\u00a0\u00bb icon_font_size=\u00a0\u00bb32px\u00a0\u00bb global_colors_info=\u00a0\u00bb{}\u00a0\u00bb]<\/p>\n<p>T\u00e9l\u00e9. <a href=\"tel:+39059924713\">+39.059.924.713<\/a><br \/>Fax. 0039.059.927.980<\/p>\n<p>[\/et_pb_blurb][\/et_pb_column][et_pb_column type=\u00a0\u00bb1_3&Prime; _builder_version=\u00a0\u00bb4.16&Prime; background_color=\u00a0\u00bb#E30D0D\u00a0\u00bb custom_padding=\u00a0\u00bb40px|40px|60px|40px|false|true\u00a0\u00bb custom_padding_tablet=\u00a0\u00bb30px|30px|30px|30px|true|true\u00a0\u00bb custom_padding_phone=\u00a0\u00bb|20px||20px|true|true\u00a0\u00bb custom_padding_last_edited=\u00a0\u00bbon|phone\u00a0\u00bb global_colors_info=\u00a0\u00bb{}\u00a0\u00bb][et_pb_blurb title=\u00a0\u00bbE-mail\u00a0\u00bb use_icon=\u00a0\u00bbon\u00a0\u00bb font_icon=\u00a0\u00bb&#xe076;||divi||400&Prime; icon_color=\u00a0\u00bb#ffffff\u00a0\u00bb image_icon_width=\u00a0\u00bb32px\u00a0\u00bb icon_alignment=\u00a0\u00bbleft\u00a0\u00bb _builder_version=\u00a0\u00bb4.16&Prime; header_font=\u00a0\u00bbRaleway||||||||\u00a0\u00bb header_line_height=\u00a0\u00bb1.4em\u00a0\u00bb body_font=\u00a0\u00bbRaleway|700|||||||\u00a0\u00bb body_font_size=\u00a0\u00bb16px\u00a0\u00bb body_line_height=\u00a0\u00bb1.8em\u00a0\u00bb body_link_font=\u00a0\u00bb|||||||#ffffff|\u00a0\u00bb body_link_text_color=\u00a0\u00bb#ffffff\u00a0\u00bb background_layout=\u00a0\u00bbdark\u00a0\u00bb body_font_size_tablet=\u00a0\u00bb18px\u00a0\u00bb body_font_size_phone=\u00a0\u00bb16px\u00a0\u00bb body_font_size_last_edited=\u00a0\u00bbon|phone\u00a0\u00bb icon_font_size=\u00a0\u00bb32px\u00a0\u00bb locked=\u00a0\u00bboff\u00a0\u00bb global_colors_info=\u00a0\u00bb{}\u00a0\u00bb]<a href=\"mailto:contatti@crsmart.it\">contatti@crsmart.it<\/a>[\/et_pb_blurb][\/et_pb_column][\/et_pb_row][\/et_pb_section][et_pb_section fb_built=\u00a0\u00bb1&Prime; custom_padding_last_edited=\u00a0\u00bbon|phone\u00a0\u00bb _builder_version=\u00a0\u00bb4.16&Prime; custom_margin_tablet=\u00a0\u00bb0px||0px||true\u00a0\u00bb custom_margin_phone=\u00a0\u00bb0px||0px||true\u00a0\u00bb custom_margin_last_edited=\u00a0\u00bbon|phone\u00a0\u00bb custom_padding_tablet=\u00a0\u00bb0px||0px||true\u00a0\u00bb custom_padding_phone=\u00a0\u00bb0px||0px||true\u00a0\u00bb global_colors_info=\u00a0\u00bb{}\u00a0\u00bb][et_pb_row column_structure=\u00a0\u00bb1_4,1_2,1_4&Prime; custom_padding_last_edited=\u00a0\u00bbon|phone\u00a0\u00bb _builder_version=\u00a0\u00bb4.16&Prime; background_size=\u00a0\u00bbinitial\u00a0\u00bb background_position=\u00a0\u00bbtop_left\u00a0\u00bb background_repeat=\u00a0\u00bbrepeat\u00a0\u00bb custom_padding_tablet=\u00a0\u00bb||0px||false\u00a0\u00bb custom_padding_phone=\u00a0\u00bb||0px||false\u00a0\u00bb global_colors_info=\u00a0\u00bb{}\u00a0\u00bb][et_pb_column type=\u00a0\u00bb1_4&Prime; _builder_version=\u00a0\u00bb4.16&Prime; custom_padding=\u00a0\u00bb|||\u00a0\u00bb global_colors_info=\u00a0\u00bb{}\u00a0\u00bb custom_padding__hover=\u00a0\u00bb|||\u00a0\u00bb][\/et_pb_column][et_pb_column type=\u00a0\u00bb1_2&Prime; _builder_version=\u00a0\u00bb4.16&Prime; custom_padding=\u00a0\u00bb|||\u00a0\u00bb global_colors_info=\u00a0\u00bb{}\u00a0\u00bb custom_padding__hover=\u00a0\u00bb|||\u00a0\u00bb][et_pb_text _builder_version=\u00a0\u00bb4.16&Prime; _module_preset=\u00a0\u00bbdefault\u00a0\u00bb global_colors_info=\u00a0\u00bb{}\u00a0\u00bb]<\/p>\n<h3 style=\"text-align: center;\">Remplissez le formulaire pour obtenir des informations gratuites!<\/h3>\n<p>[\/et_pb_text][dvppl_cf7_styler use_form_button_fullwidth=\u00a0\u00bbon\u00a0\u00bb cf7=\u00a0\u00bb9731&Prime; _builder_version=\u00a0\u00bb4.16&Prime; _module_preset=\u00a0\u00bbdefault\u00a0\u00bb form_field_font_line_height=\u00a0\u00bb2.1em\u00a0\u00bb custom_submit_button=\u00a0\u00bbon\u00a0\u00bb submit_button_text_color=\u00a0\u00bb#FFFFFF\u00a0\u00bb submit_button_bg_color=\u00a0\u00bb#696969&Prime; submit_button_border_width=\u00a0\u00bb0px\u00a0\u00bb submit_button_font=\u00a0\u00bbRaleway|600|||||||\u00a0\u00bb submit_button_custom_margin=\u00a0\u00bb20px||||false|false\u00a0\u00bb submit_button_custom_padding=\u00a0\u00bb10px||||false|false\u00a0\u00bb border_width_all_field=\u00a0\u00bb3px\u00a0\u00bb global_colors_info=\u00a0\u00bb{}\u00a0\u00bb][\/dvppl_cf7_styler][\/et_pb_column][et_pb_column type=\u00a0\u00bb1_4&Prime; _builder_version=\u00a0\u00bb4.16&Prime; custom_padding=\u00a0\u00bb|||\u00a0\u00bb global_colors_info=\u00a0\u00bb{}\u00a0\u00bb custom_padding__hover=\u00a0\u00bb|||\u00a0\u00bb][\/et_pb_column][\/et_pb_row][\/et_pb_section][et_pb_section fb_built=\u00a0\u00bb1&Prime; fullwidth=\u00a0\u00bbon\u00a0\u00bb _builder_version=\u00a0\u00bb4.16&Prime; _module_preset=\u00a0\u00bbdefault\u00a0\u00bb link_option_url=\u00a0\u00bbhttps:\/\/goo.gl\/maps\/TK3uaxeb5jVFbXum9&Prime; link_option_url_new_window=\u00a0\u00bbon\u00a0\u00bb global_colors_info=\u00a0\u00bb{}\u00a0\u00bb][et_pb_fullwidth_image src=\u00a0\u00bbhttps:\/\/www.crsmart.it\/wp-content\/uploads\/2021\/07\/mappa-CR.png\u00a0\u00bb title_text=\u00a0\u00bbmappa-CR\u00a0\u00bb _builder_version=\u00a0\u00bb4.16&Prime; _module_preset=\u00a0\u00bbdefault\u00a0\u00bb global_colors_info=\u00a0\u00bb{}\u00a0\u00bb][\/et_pb_fullwidth_image][\/et_pb_section]<\/p>\n","protected":false},"excerpt":{"rendered":"<p>Via dei Liutai, n. 3\/5 41013 Castelfranco Emilia (MO) \u2013 ITALY Code Fiscal et num\u00e9ro de TVA: IT 01592220360 Capital social 115 920,00 euros E.V. N. REA: MO-228543 Code du destinataire: M5UXCR1T\u00e9l\u00e9. +39.059.924.713Fax. 0039.059.927.980contatti@crsmart.itRemplissez le formulaire pour obtenir des informations gratuites!<div class=\"et_pb_with_border et_pb_module dvppl_cf7_styler dvppl_cf7_styler_0\">\n\t\t\t\t\n\t\t\t\t\n\t\t\t\t\n\t\t\t\t\n\t\t\t\t\n\t\t\t\t\n\t\t\t\t<div class=\"et_pb_module_inner\">\n\t\t\t\t\t<div class=\"dipe-cf7-container dipe-cf7-button-fullwidth\">\n\t\t\t\t\n\t\t\t\t<div class=\"dipe-cf7 dipe-cf7-styler \">\n\t\t\t\t\t\n<div class=\"wpcf7 no-js\" id=\"wpcf7-f9731-o1\" lang=\"it-IT\" dir=\"ltr\" data-wpcf7-id=\"9731\">\n<div class=\"screen-reader-response\"><p role=\"status\" aria-live=\"polite\" aria-atomic=\"true\"><\/p> <ul><\/ul><\/div>\n<form action=\"\/fr\/wp-json\/wp\/v2\/pages\/9636#wpcf7-f9731-o1\" method=\"post\" class=\"wpcf7-form init\" aria-label=\"Modulo di contatto\" novalidate=\"novalidate\" data-status=\"init\">\n<fieldset class=\"hidden-fields-container\"><input type=\"hidden\" name=\"_wpcf7\" value=\"9731\" \/><input type=\"hidden\" name=\"_wpcf7_version\" value=\"6.1.4\" \/><input type=\"hidden\" name=\"_wpcf7_locale\" value=\"it_IT\" \/><input type=\"hidden\" name=\"_wpcf7_unit_tag\" value=\"wpcf7-f9731-o1\" \/><input type=\"hidden\" name=\"_wpcf7_container_post\" value=\"0\" \/><input type=\"hidden\" name=\"_wpcf7_posted_data_hash\" value=\"\" \/><input type=\"hidden\" name=\"_wpcf7_recaptcha_response\" value=\"\" \/>\n<\/fieldset>\n<div class=\"content-column one_half\"><label> Pr\u00e9nom <span class=\"wpcf7-form-control-wrap\" data-name=\"nome\"><input size=\"40\" maxlength=\"400\" class=\"wpcf7-form-control wpcf7-text wpcf7-validates-as-required\" aria-required=\"true\" aria-invalid=\"false\" value=\"\" type=\"text\" name=\"nome\" \/><\/span> <\/label><\/div>\n<div class=\"content-column one_half\"><label> Nom <span class=\"wpcf7-form-control-wrap\" data-name=\"cognome\"><input size=\"40\" maxlength=\"400\" class=\"wpcf7-form-control wpcf7-text wpcf7-validates-as-required\" aria-required=\"true\" aria-invalid=\"false\" value=\"\" type=\"text\" name=\"cognome\" \/><\/span> <\/label><\/div> \n\n\n<div class=\"content-column one_half\"><label>Typologie <span class=\"wpcf7-form-control-wrap\" data-name=\"tipo\"><select class=\"wpcf7-form-control wpcf7-select wpcf7-validates-as-required\" aria-required=\"true\" aria-invalid=\"false\" name=\"tipo\"><option value=\"Selezione\">Selezione<\/option><option value=\"Rivenditore\">Rivenditore<\/option><option value=\"Installatore\">Installatore<\/option><option value=\"Privato\">Privato<\/option><\/select><\/span><\/label><\/div>\n<div class=\"content-column one_half\"><label>Si revendeur : nom de l'entreprise<\/label> <span class=\"wpcf7-form-control-wrap\" data-name=\"piva\"><input size=\"40\" maxlength=\"400\" class=\"wpcf7-form-control wpcf7-text\" aria-invalid=\"false\" value=\"\" type=\"text\" name=\"piva\" \/><\/span><\/div>    \n\n\n<div class=\"content-column one_third\"><label> Ville <span class=\"wpcf7-form-control-wrap\" data-name=\"citta\"><input size=\"40\" maxlength=\"400\" class=\"wpcf7-form-control wpcf7-text wpcf7-validates-as-required\" aria-required=\"true\" aria-invalid=\"false\" value=\"\" type=\"text\" name=\"citta\" \/><\/span> <\/label><\/div>\n<div class=\"content-column one_third\"><label> Province <span class=\"wpcf7-form-control-wrap\" data-name=\"provincia\"><input size=\"40\" maxlength=\"400\" class=\"wpcf7-form-control wpcf7-text wpcf7-validates-as-required\" aria-required=\"true\" aria-invalid=\"false\" value=\"\" type=\"text\" name=\"provincia\" \/><\/span> <\/label><\/div>\n<div class=\"content-column one_third\"><label> Nationalit\u00e9 <span class=\"wpcf7-form-control-wrap\" data-name=\"nazionalita\"><input size=\"40\" maxlength=\"400\" class=\"wpcf7-form-control wpcf7-text wpcf7-validates-as-required\" aria-required=\"true\" aria-invalid=\"false\" value=\"\" type=\"text\" name=\"nazionalita\" \/><\/span> <\/label><\/div>  \n\n<div class=\"content-column one_third\"><label> E-mail <span class=\"wpcf7-form-control-wrap\" data-name=\"email\"><input size=\"40\" maxlength=\"400\" class=\"wpcf7-form-control wpcf7-email wpcf7-validates-as-required wpcf7-text wpcf7-validates-as-email\" aria-required=\"true\" aria-invalid=\"false\" value=\"\" type=\"email\" name=\"email\" \/><\/span> <\/label><\/div>\n<div class=\"content-column one_third\"><label> T\u00e9l\u00e9phone <span class=\"wpcf7-form-control-wrap\" data-name=\"tel\"><input size=\"40\" maxlength=\"400\" class=\"wpcf7-form-control wpcf7-text\" aria-invalid=\"false\" value=\"\" type=\"text\" name=\"tel\" \/><\/span> <\/label><\/div>\n<div class=\"content-column one_third\"><label> Web <span class=\"wpcf7-form-control-wrap\" data-name=\"web\"><input size=\"40\" maxlength=\"400\" class=\"wpcf7-form-control wpcf7-text\" aria-invalid=\"false\" value=\"\" type=\"text\" name=\"web\" \/><\/span> <\/label><\/div>\n\n<div class=\"full\">\n<label>Demande\n<span class=\"wpcf7-form-control-wrap\" data-name=\"testo\"><textarea cols=\"40\" rows=\"10\" maxlength=\"2000\" class=\"wpcf7-form-control wpcf7-textarea\" aria-invalid=\"false\" name=\"testo\"><\/textarea><\/span><\/label>\n<\/div>\n\n<\/div>\n\n<label> Newsletter<\/label>\n<span class=\"wpcf7-form-control-wrap\" data-name=\"checkbox-711\"><span class=\"wpcf7-form-control wpcf7-checkbox\"><span class=\"wpcf7-list-item first last\"><label><input type=\"checkbox\" name=\"checkbox-711[]\" value=\"Recevez nos promotions et actualit\u00e9s par e-mail. Nous traiterons vos donn\u00e9es conform\u00e9ment \u00e0 la politique de confidentialit\u00e9, sans les transf\u00e9rer \u00e0 des tiers\" \/><span class=\"wpcf7-list-item-label\">Recevez nos promotions et actualit\u00e9s par e-mail. Nous traiterons vos donn\u00e9es conform\u00e9ment \u00e0 la politique de confidentialit\u00e9, sans les transf\u00e9rer \u00e0 des tiers<\/span><\/label><\/span><\/span><\/span>\n\n<div class=\"full\">\n\n<label> Privacy Policy<\/label>\n<span class=\"wpcf7-form-control-wrap\" data-name=\"acceptance-440\"><span class=\"wpcf7-form-control wpcf7-acceptance\"><span class=\"wpcf7-list-item\"><label><input type=\"checkbox\" name=\"acceptance-440\" value=\"1\" aria-invalid=\"false\" \/><span class=\"wpcf7-list-item-label\">J'ai lu et j'accepte la l\u00e9gislation vie priv\u00e9e - politique de cookies conform\u00e9ment au r\u00e8glement europ\u00e9en 679\/16 (GDPR)<\/span><\/label><\/span><\/span><\/span>\n\n\n<\/div>\n\n\n\n\n<div class=\"full\">\n<input class=\"wpcf7-form-control wpcf7-submit has-spinner\" type=\"submit\" value=\"Soumettre\" \/><\/div>\n\n\n\n\n<style>\n\/**\n.wpcf7 form.invalid .wpcf7-response-output, .wpcf7 form.unaccepted .wpcf7-response-output {\n    border-color: transparent;\n}**\/\n.full.due {\n    border-top: solid 1px #ccc;\n    padding-top: 20px;\n    margin-top: 20px;\n}\n.full.ultimo {\n    margin-bottom: 40px !important;\n}\n.full.qua {\n    border-top: solid 1px #ccc;\n    padding-top: 20px;\n}\n.one_fourth, .one_half, .one_third, .three_fourth, .two_third {\n    float: left;\n    margin-right: 2.5%;\n    position: relative;\n}\n.full {\nwidth:100%;\nfloat: left;\n}\n.one_half{\nmargin-right: 2%; \n}\n.full.due {\n    font-weight: bold;\n}\n.full.qua {\n    font-weight: bold;\n}\n.dipe-cf7 .wpcf7 input:not([type=\"submit\"]):not([type=\"checkbox\"]):not([type=\"radio\"]), .dipe-cf7 .wpcf7 select, .dipe-cf7 .wpcf7 textarea {\n    line-height: 1.5em !important;\n}\n.wpcf7 form.sent .wpcf7-response-output {\n    border-color: #46b450;\n    position: absolute;\n    bottom: 2px;\n    width: 80%;\n}\n\n<\/style><div class=\"wpcf7-response-output\" aria-hidden=\"true\"><\/div>\n<\/form>\n<\/div>\n\n\t\t\t\t<\/div>\n\t\t\t<\/div>\n\t\t\t\t<\/div>\n\t\t\t<\/div><\/p>\n","protected":false},"author":1,"featured_media":0,"parent":0,"menu_order":0,"comment_status":"closed","ping_status":"closed","template":"","meta":{"_et_pb_use_builder":"on","_et_pb_old_content":"","_et_gb_content_width":"","footnotes":""},"class_list":["post-9636","page","type-page","status-publish","hentry"],"_links":{"self":[{"href":"https:\/\/www.crsmart.it\/fr\/wp-json\/wp\/v2\/pages\/9636","targetHints":{"allow":["GET"]}}],"collection":[{"href":"https:\/\/www.crsmart.it\/fr\/wp-json\/wp\/v2\/pages"}],"about":[{"href":"https:\/\/www.crsmart.it\/fr\/wp-json\/wp\/v2\/types\/page"}],"author":[{"embeddable":true,"href":"https:\/\/www.crsmart.it\/fr\/wp-json\/wp\/v2\/users\/1"}],"replies":[{"embeddable":true,"href":"https:\/\/www.crsmart.it\/fr\/wp-json\/wp\/v2\/comments?post=9636"}],"version-history":[{"count":9,"href":"https:\/\/www.crsmart.it\/fr\/wp-json\/wp\/v2\/pages\/9636\/revisions"}],"predecessor-version":[{"id":13920,"href":"https:\/\/www.crsmart.it\/fr\/wp-json\/wp\/v2\/pages\/9636\/revisions\/13920"}],"wp:attachment":[{"href":"https:\/\/www.crsmart.it\/fr\/wp-json\/wp\/v2\/media?parent=9636"}],"curies":[{"name":"wp","href":"https:\/\/api.w.org\/{rel}","templated":true}]}}