{"id":10697,"date":"2021-06-21T10:13:29","date_gmt":"2021-06-21T08:13:29","guid":{"rendered":"https:\/\/crsmart.sviluppo.host\/prodotto\/doccia-1-lato\/"},"modified":"2021-09-29T02:33:55","modified_gmt":"2021-09-29T00:33:55","slug":"douche-1-cote","status":"publish","type":"product","link":"https:\/\/www.crsmart.it\/fr\/prodotto\/douche-1-cote\/","title":{"rendered":"Douche 1 c\u00f4t\u00e9"},"content":{"rendered":"<div id=\"subtitle\" class=\"sof et_pb_module et_pb_text et_pb_text_0_tb_body et_pb_text_align_left et_pb_bg_layout_light\">Cabine de douche pliante Superbruco, extensible et r\u00e9ductible,  1 c\u00f4t\u00e9<br \/>\nProfils extensibles, pour une extension de 24 cm<br \/>\nDimensions r\u00e9ductibles, en coupant les patins sup\u00e9rieurs et inf\u00e9rieurs<br \/>\nHauteur 184 cm<br \/>\nPratique poign\u00e9e encastr\u00e9e avec fermeture s\u00e9curis\u00e9e par un joint en caoutchouc<br \/>\nLarge ouverture pour un acc\u00e8s facile \u00e0 la douche<br \/>\nVis d&rsquo;installation en acier inoxydable<br \/>\nInstallation rapide, m\u00eame si le mur et le receveur de douche ne sont pas parfaitement perpendiculaires.<br \/>\nPeut \u00e9galement \u00eatre install\u00e9 sur des receveurs de douche de tr\u00e8s petite taille ou de taille inhabituelle.<br \/>\nPeut \u00eatre hygi\u00e9nis\u00e9 avec n&rsquo;importe quel produit de nettoyage<br \/>\nEmballage compact et l\u00e9ger, facile \u00e0 transporter et \u00e0 stocker<br \/>\nComplet avec instructions d&rsquo;installation<\/div>\n","protected":false},"excerpt":{"rendered":"<p>La cabine de douche pliante et extensible propos\u00e9e par C.R. se distingue par son acc\u00e8s facile, son montage rapide, sa structure r\u00e9sistante et son excellente facilit\u00e9 de nettoyage.<\/p>\n","protected":false},"featured_media":7198,"comment_status":"closed","ping_status":"closed","template":"","meta":{"_et_pb_use_builder":"on","_et_pb_old_content":"<div class=\"et_pb_module et_pb_post_content et_pb_post_content_0_tb_body\">\r\n\r\nBox doccia a soffietto Superbruco, estensibile e riducibile, a un lato\r\nProfili estensibili, per un'estensibilit\u00e0 di 24 cm\r\nDimensioni riducibili, mediante il taglio delle guide di scorrimento superiori e inferiori\r\nAltezza 184 cm\r\nPratica maniglia ad incasso con chiusura sicura tramite guarnizione in gomma\r\nApertura ampia per un semplice accesso alla doccia\r\nViti per l'installazione in acciaio inox\r\nMontaggio rapido anche con parete e piatto doccia non perfettamente perpendicolari\r\nInstallabile anche su piatti doccia molto piccoli o di misure non comuni\r\nIgienizzabile con qualsiasi prodotto di pulizia\r\nImballo compatto e leggero, pratico da trasportare e da immagazzainare\r\nCompleto di istruzioni di montaggio\r\n\r\n<\/div>","_et_gb_content_width":""},"product_brand":[],"product_cat":[165],"product_tag":[],"class_list":{"0":"post-10697","1":"product","2":"type-product","3":"status-publish","4":"has-post-thumbnail","6":"product_cat-superbruco-extensibles-et-reductibles","8":"first","9":"instock","10":"sold-individually","11":"shipping-taxable","12":"product-type-simple"},"_links":{"self":[{"href":"https:\/\/www.crsmart.it\/fr\/wp-json\/wp\/v2\/product\/10697","targetHints":{"allow":["GET"]}}],"collection":[{"href":"https:\/\/www.crsmart.it\/fr\/wp-json\/wp\/v2\/product"}],"about":[{"href":"https:\/\/www.crsmart.it\/fr\/wp-json\/wp\/v2\/types\/product"}],"replies":[{"embeddable":true,"href":"https:\/\/www.crsmart.it\/fr\/wp-json\/wp\/v2\/comments?post=10697"}],"wp:featuredmedia":[{"embeddable":true,"href":"https:\/\/www.crsmart.it\/fr\/wp-json\/wp\/v2\/media\/7198"}],"wp:attachment":[{"href":"https:\/\/www.crsmart.it\/fr\/wp-json\/wp\/v2\/media?parent=10697"}],"wp:term":[{"taxonomy":"product_brand","embeddable":true,"href":"https:\/\/www.crsmart.it\/fr\/wp-json\/wp\/v2\/product_brand?post=10697"},{"taxonomy":"product_cat","embeddable":true,"href":"https:\/\/www.crsmart.it\/fr\/wp-json\/wp\/v2\/product_cat?post=10697"},{"taxonomy":"product_tag","embeddable":true,"href":"https:\/\/www.crsmart.it\/fr\/wp-json\/wp\/v2\/product_tag?post=10697"}],"curies":[{"name":"wp","href":"https:\/\/api.w.org\/{rel}","templated":true}]}}