{"id":10774,"date":"2021-06-18T17:00:21","date_gmt":"2021-06-18T15:00:21","guid":{"rendered":"https:\/\/crsmart.sviluppo.host\/prodotto\/sifone-2-vie-a-ingombro-ridotto\/"},"modified":"2021-09-29T02:33:21","modified_gmt":"2021-09-29T00:33:21","slug":"siphon-bidirectionnel-avec-gain-despace","status":"publish","type":"product","link":"https:\/\/www.crsmart.it\/fr\/prodotto\/siphon-bidirectionnel-avec-gain-despace\/","title":{"rendered":"SIPHON BIDIRECTIONNEL AVEC GAIN D&rsquo;ESPACE"},"content":{"rendered":"<div id=\"subtitle\" class=\"sof et_pb_module et_pb_text et_pb_text_0_tb_body et_pb_text_align_left et_pb_bg_layout_light\">Siphon en U, bidirectionnel, polypropyl\u00e8ne blanc<br \/>\nMod\u00e8le peu encombrant, convenant \u00e9galement aux \u00e9viers avec cuvettes de diff\u00e9rentes hauteurs<br \/>\nAvec 2 raccords pour lave-vaisselle<br \/>\nConvient aux \u00e9viers en acier inoxydable et en c\u00e9ramique<br \/>\nRaccordement 1&Prime;1\/2<br \/>\nSortie \u00d840<br \/>\nComplet avec joints, \u00e9crous et plaque de montage.<\/div>\n","protected":false},"excerpt":{"rendered":"<p>bidirectionnel<\/p>\n","protected":false},"featured_media":7436,"comment_status":"closed","ping_status":"closed","template":"","meta":{"_et_pb_use_builder":"on","_et_pb_old_content":"<div id=\"subtitle\" class=\"et_pb_module et_pb_text et_pb_text_0_tb_body et_pb_text_align_left et_pb_bg_layout_light\">\r\n<div class=\"et_pb_text_inner\">\r\n\r\nSifone U, 2 vie, in polipropilene bianco\r\nModello a ingombro ridotto, adatto anche per lavelli con vasche ad altezze diverse\r\nCon 2 attacchi lavastoviglie\r\nAdatto a lavelli inox e ceramica\r\nRaccordo 1\"1\/2\r\nUscita \u00f840\r\nCompleto di guarnizioni, ghiere e rosone per il montaggio\r\n\r\n<\/div>\r\n<\/div>","_et_gb_content_width":""},"product_brand":[],"product_cat":[175],"product_tag":[],"class_list":{"0":"post-10774","1":"product","2":"type-product","3":"status-publish","4":"has-post-thumbnail","6":"product_cat-siphons-traditionnels-cuisines-buanderies","8":"first","9":"instock","10":"sold-individually","11":"shipping-taxable","12":"product-type-simple"},"_links":{"self":[{"href":"https:\/\/www.crsmart.it\/fr\/wp-json\/wp\/v2\/product\/10774","targetHints":{"allow":["GET"]}}],"collection":[{"href":"https:\/\/www.crsmart.it\/fr\/wp-json\/wp\/v2\/product"}],"about":[{"href":"https:\/\/www.crsmart.it\/fr\/wp-json\/wp\/v2\/types\/product"}],"replies":[{"embeddable":true,"href":"https:\/\/www.crsmart.it\/fr\/wp-json\/wp\/v2\/comments?post=10774"}],"wp:featuredmedia":[{"embeddable":true,"href":"https:\/\/www.crsmart.it\/fr\/wp-json\/wp\/v2\/media\/7436"}],"wp:attachment":[{"href":"https:\/\/www.crsmart.it\/fr\/wp-json\/wp\/v2\/media?parent=10774"}],"wp:term":[{"taxonomy":"product_brand","embeddable":true,"href":"https:\/\/www.crsmart.it\/fr\/wp-json\/wp\/v2\/product_brand?post=10774"},{"taxonomy":"product_cat","embeddable":true,"href":"https:\/\/www.crsmart.it\/fr\/wp-json\/wp\/v2\/product_cat?post=10774"},{"taxonomy":"product_tag","embeddable":true,"href":"https:\/\/www.crsmart.it\/fr\/wp-json\/wp\/v2\/product_tag?post=10774"}],"curies":[{"name":"wp","href":"https:\/\/api.w.org\/{rel}","templated":true}]}}