{"id":10814,"date":"2021-06-18T15:33:01","date_gmt":"2021-06-18T13:33:01","guid":{"rendered":"https:\/\/crsmart.sviluppo.host\/prodotto\/tubo-estensibile-con-terminale-in-ottone\/"},"modified":"2021-09-29T02:33:11","modified_gmt":"2021-09-29T00:33:11","slug":"tuyau-extensible-avec-embout-en-laiton","status":"publish","type":"product","link":"https:\/\/www.crsmart.it\/fr\/prodotto\/tuyau-extensible-avec-embout-en-laiton\/","title":{"rendered":"TUYAU EXTENSIBLE AVEC EMBOUT EN LAITON"},"content":{"rendered":"<div id=\"subtitle\" class=\"sof et_pb_module et_pb_text et_pb_text_0_tb_body et_pb_text_align_left et_pb_bg_layout_light\">Tube extensible-compressible en polypropyl\u00e8ne<br \/>\nComplet avec \u00e9crou en plastique et joint d&rsquo;\u00e9tanch\u00e9it\u00e9<br \/>\nEmbout en laiton<br \/>\nConnexion 1&Prime;1\/4<br \/>\nSortie \u00c3\u00b832<\/div>\n","protected":false},"excerpt":{"rendered":"<p>Tube extensible-compressible en polypropyl\u00e8ne Complet avec \u00e9crou en plastique et joint d&rsquo;\u00e9tanch\u00e9it\u00e9 Embout en laiton Connexion 1&Prime;1\/4 Sortie \u00c3\u00b832<\/p>\n","protected":false},"featured_media":7552,"comment_status":"closed","ping_status":"closed","template":"","meta":{"_et_pb_use_builder":"on","_et_pb_old_content":"<div id=\"subtitle\" class=\"et_pb_module et_pb_text et_pb_text_0_tb_body et_pb_text_align_left et_pb_bg_layout_light\">\r\n<div class=\"et_pb_text_inner\">\r\n\r\nTubo estensibile-comprimibile in polipropilene\r\nCompleto di ghiera in plastica e guarnizione di tenuta\r\nTerminale in ottone\r\nRaccordo 1\"1\/4\r\nUscita \u00f832\r\n\r\n<\/div>\r\n<\/div>","_et_gb_content_width":""},"product_brand":[],"product_cat":[179],"product_tag":[],"class_list":{"0":"post-10814","1":"product","2":"type-product","3":"status-publish","4":"has-post-thumbnail","6":"product_cat-tuyaux-extensibles","8":"first","9":"instock","10":"sold-individually","11":"shipping-taxable","12":"product-type-simple"},"_links":{"self":[{"href":"https:\/\/www.crsmart.it\/fr\/wp-json\/wp\/v2\/product\/10814","targetHints":{"allow":["GET"]}}],"collection":[{"href":"https:\/\/www.crsmart.it\/fr\/wp-json\/wp\/v2\/product"}],"about":[{"href":"https:\/\/www.crsmart.it\/fr\/wp-json\/wp\/v2\/types\/product"}],"replies":[{"embeddable":true,"href":"https:\/\/www.crsmart.it\/fr\/wp-json\/wp\/v2\/comments?post=10814"}],"wp:featuredmedia":[{"embeddable":true,"href":"https:\/\/www.crsmart.it\/fr\/wp-json\/wp\/v2\/media\/7552"}],"wp:attachment":[{"href":"https:\/\/www.crsmart.it\/fr\/wp-json\/wp\/v2\/media?parent=10814"}],"wp:term":[{"taxonomy":"product_brand","embeddable":true,"href":"https:\/\/www.crsmart.it\/fr\/wp-json\/wp\/v2\/product_brand?post=10814"},{"taxonomy":"product_cat","embeddable":true,"href":"https:\/\/www.crsmart.it\/fr\/wp-json\/wp\/v2\/product_cat?post=10814"},{"taxonomy":"product_tag","embeddable":true,"href":"https:\/\/www.crsmart.it\/fr\/wp-json\/wp\/v2\/product_tag?post=10814"}],"curies":[{"name":"wp","href":"https:\/\/api.w.org\/{rel}","templated":true}]}}