{"id":10874,"date":"2021-06-18T12:44:43","date_gmt":"2021-06-18T10:44:43","guid":{"rendered":"https:\/\/crsmart.sviluppo.host\/prodotto\/set-scarico-alto-valvola-laterale\/"},"modified":"2021-09-29T02:32:52","modified_gmt":"2021-09-29T00:32:52","slug":"set-devacuation-haut-robinet-par-le-cote","status":"publish","type":"product","link":"https:\/\/www.crsmart.it\/fr\/prodotto\/set-devacuation-haut-robinet-par-le-cote\/","title":{"rendered":"SET D&rsquo;\u00c9VACUATION HAUT + ROBINET PAR LE C\u00d4T\u00c9"},"content":{"rendered":"<div id=\"subtitle\" class=\"sof et_pb_module et_pb_text et_pb_text_0_tb_body et_pb_text_align_left et_pb_bg_layout_light\">M\u00e9canisme simple poussoir avec tirette<br \/>\nAdapt\u00e9 pour l&rsquo;installation sur des r\u00e9servoirs de chasse en c\u00e9ramique hauts<br \/>\nTrop-plein r\u00e9glable en hauteur<br \/>\nFlotteur \u00e0 entr\u00e9e lat\u00e9rale 3\/8&Prime;<br \/>\nVis en laiton chrom\u00e9<\/div>\n","protected":false},"excerpt":{"rendered":"<p>M\u00e9canisme simple poussoir avec tirette Adapt\u00e9 pour l&rsquo;installation sur des r\u00e9servoirs de chasse en c\u00e9ramique hauts Trop-plein r\u00e9glable en hauteur Flotteur \u00e0 entr\u00e9e lat\u00e9rale 3\/8&Prime; Vis en laiton chrom\u00e9<\/p>\n","protected":false},"featured_media":7748,"comment_status":"closed","ping_status":"closed","template":"","meta":{"_et_pb_use_builder":"on","_et_pb_old_content":"<div id=\"subtitle\" class=\"et_pb_module et_pb_text et_pb_text_0_tb_body et_pb_text_align_left et_pb_bg_layout_light\">\r\n<div class=\"et_pb_text_inner\">\r\n\r\nMeccanismo a scarico singolo con pull a perlina\r\nAdatto all'installazione su cassette alte in ceramica\r\nTroppopieno regolabile in altezza\r\nGalleggiante a entrata laterale 3\/8\"\r\nVitone in ottone cromato\r\n\r\n<\/div>\r\n<\/div>","_et_gb_content_width":""},"product_brand":[],"product_cat":[190],"product_tag":[],"class_list":{"0":"post-10874","1":"product","2":"type-product","3":"status-publish","4":"has-post-thumbnail","6":"product_cat-kits-pour-reservoirs-hauts","8":"first","9":"instock","10":"sold-individually","11":"shipping-taxable","12":"product-type-simple"},"_links":{"self":[{"href":"https:\/\/www.crsmart.it\/fr\/wp-json\/wp\/v2\/product\/10874","targetHints":{"allow":["GET"]}}],"collection":[{"href":"https:\/\/www.crsmart.it\/fr\/wp-json\/wp\/v2\/product"}],"about":[{"href":"https:\/\/www.crsmart.it\/fr\/wp-json\/wp\/v2\/types\/product"}],"replies":[{"embeddable":true,"href":"https:\/\/www.crsmart.it\/fr\/wp-json\/wp\/v2\/comments?post=10874"}],"wp:featuredmedia":[{"embeddable":true,"href":"https:\/\/www.crsmart.it\/fr\/wp-json\/wp\/v2\/media\/7748"}],"wp:attachment":[{"href":"https:\/\/www.crsmart.it\/fr\/wp-json\/wp\/v2\/media?parent=10874"}],"wp:term":[{"taxonomy":"product_brand","embeddable":true,"href":"https:\/\/www.crsmart.it\/fr\/wp-json\/wp\/v2\/product_brand?post=10874"},{"taxonomy":"product_cat","embeddable":true,"href":"https:\/\/www.crsmart.it\/fr\/wp-json\/wp\/v2\/product_cat?post=10874"},{"taxonomy":"product_tag","embeddable":true,"href":"https:\/\/www.crsmart.it\/fr\/wp-json\/wp\/v2\/product_tag?post=10874"}],"curies":[{"name":"wp","href":"https:\/\/api.w.org\/{rel}","templated":true}]}}