{"id":10906,"date":"2021-06-18T12:18:23","date_gmt":"2021-06-18T10:18:23","guid":{"rendered":"https:\/\/crsmart.sviluppo.host\/prodotto\/1511l-attacco-laterale\/"},"modified":"2021-09-29T02:32:46","modified_gmt":"2021-09-29T00:32:46","slug":"1511l-alimentation-lateral","status":"publish","type":"product","link":"https:\/\/www.crsmart.it\/fr\/prodotto\/1511l-alimentation-lateral\/","title":{"rendered":"1511L &#8211; alimentation lat\u00e9ral"},"content":{"rendered":"<div id=\"subtitle\" class=\"sof et_pb_module et_pb_text et_pb_text_0_tb_body et_pb_text_align_left et_pb_bg_layout_light\">Flotteur en laiton<br \/>\nAlimentation lat\u00e9ral<br \/>\nConstitu\u00e9 d&rsquo;une tige lisse et d&rsquo;une boule de glissement<br \/>\nLongueur r\u00e9glable<br \/>\nConvient aux r\u00e9servoirs en plastique ou en porcelaine.<\/div>\n","protected":false},"excerpt":{"rendered":"<p>Flotteur en laiton Alimentation lat\u00e9ral Constitu\u00e9 d&rsquo;une tige lisse et d&rsquo;une boule de glissement Longueur r\u00e9glable Convient aux r\u00e9servoirs en plastique ou en porcelaine.<\/p>\n","protected":false},"featured_media":7890,"comment_status":"closed","ping_status":"closed","template":"","meta":{"_et_pb_use_builder":"on","_et_pb_old_content":"<div id=\"subtitle\" class=\"et_pb_module et_pb_text et_pb_text_0_tb_body et_pb_text_align_left et_pb_bg_layout_light\">\r\n<div class=\"et_pb_text_inner\">\r\n\r\nGalleggiante in ottone\r\nAttacco idrico laterale\r\nComposto da asta liscia e sfera scorrevole\r\nRegolabile in lunghezza\r\nAdatto per cassette in plastica o porcellana\r\n\r\n<\/div>\r\n<\/div>","_et_gb_content_width":""},"product_brand":[],"product_cat":[197],"product_tag":[],"class_list":{"0":"post-10906","1":"product","2":"type-product","3":"status-publish","4":"has-post-thumbnail","6":"product_cat-robinets-a-flotteur","8":"first","9":"instock","10":"sold-individually","11":"shipping-taxable","12":"product-type-simple"},"_links":{"self":[{"href":"https:\/\/www.crsmart.it\/fr\/wp-json\/wp\/v2\/product\/10906","targetHints":{"allow":["GET"]}}],"collection":[{"href":"https:\/\/www.crsmart.it\/fr\/wp-json\/wp\/v2\/product"}],"about":[{"href":"https:\/\/www.crsmart.it\/fr\/wp-json\/wp\/v2\/types\/product"}],"replies":[{"embeddable":true,"href":"https:\/\/www.crsmart.it\/fr\/wp-json\/wp\/v2\/comments?post=10906"}],"wp:featuredmedia":[{"embeddable":true,"href":"https:\/\/www.crsmart.it\/fr\/wp-json\/wp\/v2\/media\/7890"}],"wp:attachment":[{"href":"https:\/\/www.crsmart.it\/fr\/wp-json\/wp\/v2\/media?parent=10906"}],"wp:term":[{"taxonomy":"product_brand","embeddable":true,"href":"https:\/\/www.crsmart.it\/fr\/wp-json\/wp\/v2\/product_brand?post=10906"},{"taxonomy":"product_cat","embeddable":true,"href":"https:\/\/www.crsmart.it\/fr\/wp-json\/wp\/v2\/product_cat?post=10906"},{"taxonomy":"product_tag","embeddable":true,"href":"https:\/\/www.crsmart.it\/fr\/wp-json\/wp\/v2\/product_tag?post=10906"}],"curies":[{"name":"wp","href":"https:\/\/api.w.org\/{rel}","templated":true}]}}