{"id":10916,"date":"2021-06-18T12:12:39","date_gmt":"2021-06-18T10:12:39","guid":{"rendered":"https:\/\/crsmart.sviluppo.host\/prodotto\/1515-attacco-basso\/"},"modified":"2021-09-29T02:32:43","modified_gmt":"2021-09-29T00:32:43","slug":"1515-alimentation-bas","status":"publish","type":"product","link":"https:\/\/www.crsmart.it\/fr\/prodotto\/1515-alimentation-bas\/","title":{"rendered":"1515 &#8211; alimentation bas"},"content":{"rendered":"<div id=\"subtitle\" class=\"sof et_pb_module et_pb_text et_pb_text_0_tb_body et_pb_text_align_left et_pb_bg_layout_light\">Flotteur \u00e0 commande m\u00e9canique<br \/>\nAlimentation par le bas<br \/>\nCorps t\u00e9lescopique pour s&rsquo;adapter \u00e0 vos besoins<br \/>\nPlage de r\u00e9glage de la hauteur d&rsquo;eau 162 mm<br \/>\n1\u00e8re classe de bruit (<20 d\u00e9cibels)\nConforme \u00e0 la norme CE UNI EN 14124, selon les conditions d'essai UNI EN 3822-1<\/div>\n","protected":false},"excerpt":{"rendered":"<p>Flotteur alimentation bas, \u00e9quip\u00e9 d&rsquo;un corps t\u00e9lescopique, adapt\u00e9 \u00e0 tous les types de r\u00e9servoirs.<\/p>\n","protected":false},"featured_media":7920,"comment_status":"closed","ping_status":"closed","template":"","meta":{"_et_pb_use_builder":"on","_et_pb_old_content":"<div id=\"subtitle\" class=\"et_pb_module et_pb_text et_pb_text_0_tb_body et_pb_text_align_left et_pb_bg_layout_light\">\r\n<div class=\"et_pb_text_inner\">\r\n\r\nGalleggiante a funzionamento meccanico\r\nAttacco idrico dal basso\r\nCorpo telescopico, per adattarlo in base alle proprie esigenze\r\nIntervallo di regolazione altezza dell'acqua 162 mm\r\n1\u00b0 classe (&lt;20 decibel) di rumorosit\u00e0\r\nConforme allo standard CE UNI EN 14124, in accordo con le condizioni di test UNI EN 3822-1\r\n\r\n<\/div>\r\n<\/div>","_et_gb_content_width":""},"product_brand":[],"product_cat":[197],"product_tag":[],"class_list":{"0":"post-10916","1":"product","2":"type-product","3":"status-publish","4":"has-post-thumbnail","6":"product_cat-robinets-a-flotteur","8":"first","9":"instock","10":"sold-individually","11":"shipping-taxable","12":"product-type-simple"},"_links":{"self":[{"href":"https:\/\/www.crsmart.it\/fr\/wp-json\/wp\/v2\/product\/10916","targetHints":{"allow":["GET"]}}],"collection":[{"href":"https:\/\/www.crsmart.it\/fr\/wp-json\/wp\/v2\/product"}],"about":[{"href":"https:\/\/www.crsmart.it\/fr\/wp-json\/wp\/v2\/types\/product"}],"replies":[{"embeddable":true,"href":"https:\/\/www.crsmart.it\/fr\/wp-json\/wp\/v2\/comments?post=10916"}],"wp:featuredmedia":[{"embeddable":true,"href":"https:\/\/www.crsmart.it\/fr\/wp-json\/wp\/v2\/media\/7920"}],"wp:attachment":[{"href":"https:\/\/www.crsmart.it\/fr\/wp-json\/wp\/v2\/media?parent=10916"}],"wp:term":[{"taxonomy":"product_brand","embeddable":true,"href":"https:\/\/www.crsmart.it\/fr\/wp-json\/wp\/v2\/product_brand?post=10916"},{"taxonomy":"product_cat","embeddable":true,"href":"https:\/\/www.crsmart.it\/fr\/wp-json\/wp\/v2\/product_cat?post=10916"},{"taxonomy":"product_tag","embeddable":true,"href":"https:\/\/www.crsmart.it\/fr\/wp-json\/wp\/v2\/product_tag?post=10916"}],"curies":[{"name":"wp","href":"https:\/\/api.w.org\/{rel}","templated":true}]}}