{"id":10919,"date":"2021-06-18T12:10:07","date_gmt":"2021-06-18T10:10:07","guid":{"rendered":"https:\/\/crsmart.sviluppo.host\/prodotto\/blue-attacco-laterale\/"},"modified":"2021-09-29T02:32:42","modified_gmt":"2021-09-29T00:32:42","slug":"blue-alimentation-lateral","status":"publish","type":"product","link":"https:\/\/www.crsmart.it\/fr\/prodotto\/blue-alimentation-lateral\/","title":{"rendered":"Blue &#8211; alimentation lat\u00e9ral"},"content":{"rendered":"<div id=\"subtitle\" class=\"sof et_pb_module et_pb_text et_pb_text_0_tb_body et_pb_text_align_left et_pb_bg_layout_light\">Flotteur bleu \u00e0 commande m\u00e9canique<br \/>\nAlimentation lat\u00e9ral<br \/>\nDimensions ultra-compactes, pour permettre l&rsquo;installation sur tous les types de r\u00e9servoirs de chasse<br \/>\nPlage de r\u00e9glage de la hauteur d&rsquo;eau 67 mm<br \/>\nUltra-silencieux : 10 Db de bruit avec une pression de 3 bar<\/div>\n","protected":false},"excerpt":{"rendered":"<p>Le flotteur CR qui fait de la simplicit\u00e9 et de la performance ses points forts. Adapt\u00e9 \u00e0 toutes les situations, compatible et performant sur tous les types de r\u00e9servoirs de chasse.<\/p>\n","protected":false},"featured_media":7931,"comment_status":"closed","ping_status":"closed","template":"","meta":{"_et_pb_use_builder":"on","_et_pb_old_content":"<div id=\"subtitle\" class=\"et_pb_module et_pb_text et_pb_text_0_tb_body et_pb_text_align_left et_pb_bg_layout_light\">\r\n<div class=\"et_pb_text_inner\">\r\n\r\nGalleggiante Blue a funzionamento meccanico\r\nAttacco idrico laterale\r\nDimensioni ultra-compatte, per permetterne l'installazione su tutte le tipologie di cassette di scarico\r\nIntervallo di regolazione altezza dell'acqua 67 mm\r\nUltra-silenzioso: 10 Db di rumorosit\u00e0 con pressione a 3 bar\r\n\r\n<\/div>\r\n<\/div>","_et_gb_content_width":""},"product_brand":[],"product_cat":[197],"product_tag":[],"class_list":{"0":"post-10919","1":"product","2":"type-product","3":"status-publish","4":"has-post-thumbnail","6":"product_cat-robinets-a-flotteur","8":"first","9":"instock","10":"sold-individually","11":"shipping-taxable","12":"product-type-simple"},"_links":{"self":[{"href":"https:\/\/www.crsmart.it\/fr\/wp-json\/wp\/v2\/product\/10919","targetHints":{"allow":["GET"]}}],"collection":[{"href":"https:\/\/www.crsmart.it\/fr\/wp-json\/wp\/v2\/product"}],"about":[{"href":"https:\/\/www.crsmart.it\/fr\/wp-json\/wp\/v2\/types\/product"}],"replies":[{"embeddable":true,"href":"https:\/\/www.crsmart.it\/fr\/wp-json\/wp\/v2\/comments?post=10919"}],"wp:featuredmedia":[{"embeddable":true,"href":"https:\/\/www.crsmart.it\/fr\/wp-json\/wp\/v2\/media\/7931"}],"wp:attachment":[{"href":"https:\/\/www.crsmart.it\/fr\/wp-json\/wp\/v2\/media?parent=10919"}],"wp:term":[{"taxonomy":"product_brand","embeddable":true,"href":"https:\/\/www.crsmart.it\/fr\/wp-json\/wp\/v2\/product_brand?post=10919"},{"taxonomy":"product_cat","embeddable":true,"href":"https:\/\/www.crsmart.it\/fr\/wp-json\/wp\/v2\/product_cat?post=10919"},{"taxonomy":"product_tag","embeddable":true,"href":"https:\/\/www.crsmart.it\/fr\/wp-json\/wp\/v2\/product_tag?post=10919"}],"curies":[{"name":"wp","href":"https:\/\/api.w.org\/{rel}","templated":true}]}}