{"id":10922,"date":"2021-06-18T12:10:05","date_gmt":"2021-06-18T10:10:05","guid":{"rendered":"https:\/\/crsmart.sviluppo.host\/prodotto\/guarnizione-conica-per-tubo-cassette-alte-o32\/"},"modified":"2021-09-29T02:32:41","modified_gmt":"2021-09-29T00:32:41","slug":"joint-conique-pour-tuyeau-reservoirs-chasse-deau-hauts-o32","status":"publish","type":"product","link":"https:\/\/www.crsmart.it\/fr\/prodotto\/joint-conique-pour-tuyeau-reservoirs-chasse-deau-hauts-o32\/","title":{"rendered":"JOINT CONIQUE POUR TUYEAU R\u00c9SERVOIRS CHASSE D&rsquo;EAU HAUTS \u00d832"},"content":{"rendered":"<div id=\"subtitle\" class=\"sof et_pb_module et_pb_text et_pb_text_0_tb_body et_pb_text_align_left et_pb_bg_layout_light\">Joint conique pour tuyau d&rsquo;\u00e9vacuation \u00d832<br \/>\nAdapt\u00e9 aux mod\u00e8les CR : Alfa et Cabrio<br \/>\nPaquet de 10 pi\u00e8ces<\/div>\n","protected":false},"excerpt":{"rendered":"<p>Joint conique pour tuyau d&rsquo;\u00e9vacuation \u00d832 Adapt\u00e9 aux mod\u00e8les CR : Alfa et Cabrio Paquet de 10 pi\u00e8ces<\/p>\n","protected":false},"featured_media":7940,"comment_status":"closed","ping_status":"closed","template":"","meta":{"_et_pb_use_builder":"on","_et_pb_old_content":"<div id=\"subtitle\" class=\"et_pb_module et_pb_text et_pb_text_0_tb_body et_pb_text_align_left et_pb_bg_layout_light\">\r\n<div class=\"et_pb_text_inner\">\r\n\r\nGuarnizione conica per tubo di scarico \u00f832\r\nAdatta ai modelli CR: Alfa e Cabrio\r\nConfezione da 10 pezzi\r\n\r\n<\/div>\r\n<\/div>","_et_gb_content_width":""},"product_brand":[],"product_cat":[195],"product_tag":[],"class_list":{"0":"post-10922","1":"product","2":"type-product","3":"status-publish","4":"has-post-thumbnail","6":"product_cat-joints-pour-reservoirs","8":"first","9":"instock","10":"sold-individually","11":"shipping-taxable","12":"product-type-simple"},"_links":{"self":[{"href":"https:\/\/www.crsmart.it\/fr\/wp-json\/wp\/v2\/product\/10922","targetHints":{"allow":["GET"]}}],"collection":[{"href":"https:\/\/www.crsmart.it\/fr\/wp-json\/wp\/v2\/product"}],"about":[{"href":"https:\/\/www.crsmart.it\/fr\/wp-json\/wp\/v2\/types\/product"}],"replies":[{"embeddable":true,"href":"https:\/\/www.crsmart.it\/fr\/wp-json\/wp\/v2\/comments?post=10922"}],"wp:featuredmedia":[{"embeddable":true,"href":"https:\/\/www.crsmart.it\/fr\/wp-json\/wp\/v2\/media\/7940"}],"wp:attachment":[{"href":"https:\/\/www.crsmart.it\/fr\/wp-json\/wp\/v2\/media?parent=10922"}],"wp:term":[{"taxonomy":"product_brand","embeddable":true,"href":"https:\/\/www.crsmart.it\/fr\/wp-json\/wp\/v2\/product_brand?post=10922"},{"taxonomy":"product_cat","embeddable":true,"href":"https:\/\/www.crsmart.it\/fr\/wp-json\/wp\/v2\/product_cat?post=10922"},{"taxonomy":"product_tag","embeddable":true,"href":"https:\/\/www.crsmart.it\/fr\/wp-json\/wp\/v2\/product_tag?post=10922"}],"curies":[{"name":"wp","href":"https:\/\/api.w.org\/{rel}","templated":true}]}}