{"id":10927,"date":"2021-06-18T12:06:37","date_gmt":"2021-06-18T10:06:37","guid":{"rendered":"https:\/\/crsmart.sviluppo.host\/prodotto\/rambo-attacco-laterale\/"},"modified":"2021-09-29T02:32:40","modified_gmt":"2021-09-29T00:32:40","slug":"rambo-alimentation-lateral","status":"publish","type":"product","link":"https:\/\/www.crsmart.it\/fr\/prodotto\/rambo-alimentation-lateral\/","title":{"rendered":"Rambo &#8211; alimentation lat\u00e9ral"},"content":{"rendered":"<div id=\"subtitle\" class=\"sof et_pb_module et_pb_text et_pb_text_0_tb_body et_pb_text_align_left et_pb_bg_layout_light\">Flotteur Rambo \u00e0 commande m\u00e9canique<br \/>\nAlimentation lat\u00e9ral<br \/>\nPlage de r\u00e9glage de la hauteur d&rsquo;eau 70 mm<br \/>\n1\u00e8re classe de bruit (20 d\u00e9cibels)<br \/>\nConforme \u00e0 la norme CE UNI EN 14124, selon les conditions d&rsquo;essai UNI EN 3822-1<\/div>\n","protected":false},"excerpt":{"rendered":"<p>Le flotteur CR par excellence avec une double bo\u00eete pour des performances \u00e9lev\u00e9es, m\u00eame dans les eaux sales et calcaires. En plus de sa large plage de r\u00e9glage, le flotteur Rambo est extr\u00eamement silencieux et efficace, garantissant une excellente \u00e9tanch\u00e9it\u00e9 lors de la fermeture, m\u00eame sous une pression hydraulique \u00e9lev\u00e9e.<\/p>\n","protected":false},"featured_media":7955,"comment_status":"closed","ping_status":"closed","template":"","meta":{"_et_pb_use_builder":"on","_et_pb_old_content":"<div id=\"subtitle\" class=\"et_pb_module et_pb_text et_pb_text_0_tb_body et_pb_text_align_left et_pb_bg_layout_light\">\r\n<div class=\"et_pb_text_inner\">\r\n\r\nGalleggiante Rambo a funzionamento meccanico\r\nAttacco idrico laterale\r\nIntervallo di regolazione altezza dell'acqua 70 mm\r\n1\u00b0 classe (&lt;20 decibel) di rumorosit\u00e0\r\nConforme allo standard CE UNI EN 14124, in accordo con le condizioni di test UNI EN 3822-1\r\n\r\n<\/div>\r\n<\/div>","_et_gb_content_width":""},"product_brand":[],"product_cat":[197],"product_tag":[],"class_list":{"0":"post-10927","1":"product","2":"type-product","3":"status-publish","4":"has-post-thumbnail","6":"product_cat-robinets-a-flotteur","8":"first","9":"instock","10":"sold-individually","11":"shipping-taxable","12":"product-type-simple"},"_links":{"self":[{"href":"https:\/\/www.crsmart.it\/fr\/wp-json\/wp\/v2\/product\/10927","targetHints":{"allow":["GET"]}}],"collection":[{"href":"https:\/\/www.crsmart.it\/fr\/wp-json\/wp\/v2\/product"}],"about":[{"href":"https:\/\/www.crsmart.it\/fr\/wp-json\/wp\/v2\/types\/product"}],"replies":[{"embeddable":true,"href":"https:\/\/www.crsmart.it\/fr\/wp-json\/wp\/v2\/comments?post=10927"}],"wp:featuredmedia":[{"embeddable":true,"href":"https:\/\/www.crsmart.it\/fr\/wp-json\/wp\/v2\/media\/7955"}],"wp:attachment":[{"href":"https:\/\/www.crsmart.it\/fr\/wp-json\/wp\/v2\/media?parent=10927"}],"wp:term":[{"taxonomy":"product_brand","embeddable":true,"href":"https:\/\/www.crsmart.it\/fr\/wp-json\/wp\/v2\/product_brand?post=10927"},{"taxonomy":"product_cat","embeddable":true,"href":"https:\/\/www.crsmart.it\/fr\/wp-json\/wp\/v2\/product_cat?post=10927"},{"taxonomy":"product_tag","embeddable":true,"href":"https:\/\/www.crsmart.it\/fr\/wp-json\/wp\/v2\/product_tag?post=10927"}],"curies":[{"name":"wp","href":"https:\/\/api.w.org\/{rel}","templated":true}]}}