{"id":10932,"date":"2021-06-18T11:59:04","date_gmt":"2021-06-18T09:59:04","guid":{"rendered":"https:\/\/crsmart.sviluppo.host\/prodotto\/pulsante-pneumatico-incasso-a-pedale\/"},"modified":"2021-09-29T02:32:39","modified_gmt":"2021-09-29T00:32:39","slug":"commande-pneumatique-encastre-a-pedale","status":"publish","type":"product","link":"https:\/\/www.crsmart.it\/fr\/prodotto\/commande-pneumatique-encastre-a-pedale\/","title":{"rendered":"COMMANDE PNEUMATIQUE ENCASTR\u00c9 \u00c0 P\u00c9DALE"},"content":{"rendered":"<div id=\"subtitle\" class=\"sof et_pb_module et_pb_text et_pb_text_0_tb_body et_pb_text_align_left et_pb_bg_layout_light\">Bouton pneumatique encastr\u00e9 \u00e0 p\u00e9dale, chrom\u00e9<br \/>\nAdapt\u00e9 pour une installation au sol sur des r\u00e9servoirs de chasse \u00e0 fonctionnement pneumatique.<br \/>\nComplet avec tube pneumatique et manchon flexible<\/div>\n","protected":false},"excerpt":{"rendered":"<p>Bouton pneumatique encastr\u00e9 \u00e0 p\u00e9dale, chrom\u00e9 Adapt\u00e9 pour une installation au sol sur des r\u00e9servoirs de chasse \u00e0 fonctionnement pneumatique. Complet avec tube pneumatique et manchon flexible<\/p>\n","protected":false},"featured_media":7972,"comment_status":"closed","ping_status":"closed","template":"","meta":{"_et_pb_use_builder":"on","_et_pb_old_content":"<div id=\"subtitle\" class=\"et_pb_module et_pb_text et_pb_text_0_tb_body et_pb_text_align_left et_pb_bg_layout_light\">\r\n<div class=\"et_pb_text_inner\">\r\n\r\nPulsante pneumatico incasso a pedale, cromato\r\nAdatto all'installazione a terra su cassette di scarico con funzionamento pneumatico\r\nConfezione completa di tubetto pneumatico e guaina flessibile\r\n\r\n<\/div>\r\n<\/div>","_et_gb_content_width":""},"product_brand":[],"product_cat":[199],"product_tag":[],"class_list":{"0":"post-10932","1":"product","2":"type-product","3":"status-publish","4":"has-post-thumbnail","6":"product_cat-commandes-pneumatiques","8":"first","9":"instock","10":"sold-individually","11":"shipping-taxable","12":"product-type-simple"},"_links":{"self":[{"href":"https:\/\/www.crsmart.it\/fr\/wp-json\/wp\/v2\/product\/10932","targetHints":{"allow":["GET"]}}],"collection":[{"href":"https:\/\/www.crsmart.it\/fr\/wp-json\/wp\/v2\/product"}],"about":[{"href":"https:\/\/www.crsmart.it\/fr\/wp-json\/wp\/v2\/types\/product"}],"replies":[{"embeddable":true,"href":"https:\/\/www.crsmart.it\/fr\/wp-json\/wp\/v2\/comments?post=10932"}],"wp:featuredmedia":[{"embeddable":true,"href":"https:\/\/www.crsmart.it\/fr\/wp-json\/wp\/v2\/media\/7972"}],"wp:attachment":[{"href":"https:\/\/www.crsmart.it\/fr\/wp-json\/wp\/v2\/media?parent=10932"}],"wp:term":[{"taxonomy":"product_brand","embeddable":true,"href":"https:\/\/www.crsmart.it\/fr\/wp-json\/wp\/v2\/product_brand?post=10932"},{"taxonomy":"product_cat","embeddable":true,"href":"https:\/\/www.crsmart.it\/fr\/wp-json\/wp\/v2\/product_cat?post=10932"},{"taxonomy":"product_tag","embeddable":true,"href":"https:\/\/www.crsmart.it\/fr\/wp-json\/wp\/v2\/product_tag?post=10932"}],"curies":[{"name":"wp","href":"https:\/\/api.w.org\/{rel}","templated":true}]}}