{"id":10939,"date":"2021-06-18T11:49:35","date_gmt":"2021-06-18T09:49:35","guid":{"rendered":"https:\/\/crsmart.sviluppo.host\/prodotto\/pulsante-pneumatico-incasso-cromato\/"},"modified":"2021-09-29T02:32:38","modified_gmt":"2021-09-29T00:32:38","slug":"bouton-pneumatique-encastre-chrome","status":"publish","type":"product","link":"https:\/\/www.crsmart.it\/fr\/prodotto\/bouton-pneumatique-encastre-chrome\/","title":{"rendered":"BOUTON PNEUMATIQUE ENCASTR\u00c9 CHROM\u00c9"},"content":{"rendered":"<div id=\"subtitle\" class=\"sof et_pb_module et_pb_text et_pb_text_0_tb_body et_pb_text_align_left et_pb_bg_layout_light\">Bouton pneumatique encastr\u00e9, chrom\u00e9<br \/>\nAdapt\u00e9 pour l&rsquo;installation sur des r\u00e9servoirs de chasse \u00e0 fonctionnement pneumatique.<br \/>\nComplet avec tube pneumatique et manchon flexible<\/div>\n","protected":false},"excerpt":{"rendered":"<p>Bouton pneumatique encastr\u00e9, chrom\u00e9 Adapt\u00e9 pour l&rsquo;installation sur des r\u00e9servoirs de chasse \u00e0 fonctionnement pneumatique. Complet avec tube pneumatique et manchon flexible<\/p>\n","protected":false},"featured_media":7997,"comment_status":"closed","ping_status":"closed","template":"","meta":{"_et_pb_use_builder":"on","_et_pb_old_content":"<div id=\"subtitle\" class=\"et_pb_module et_pb_text et_pb_text_0_tb_body et_pb_text_align_left et_pb_bg_layout_light\">\r\n<div class=\"et_pb_text_inner\">\r\n\r\nPulsante pneumatico incasso, cromato\r\nAdatto all'installazione su cassette di scarico con funzionamento pneumatico\r\nConfezione completa di tubetto pneumatico e guaina flessibile\r\n\r\n<\/div>\r\n<\/div>","_et_gb_content_width":""},"product_brand":[],"product_cat":[199],"product_tag":[],"class_list":{"0":"post-10939","1":"product","2":"type-product","3":"status-publish","4":"has-post-thumbnail","6":"product_cat-commandes-pneumatiques","8":"first","9":"instock","10":"sold-individually","11":"shipping-taxable","12":"product-type-simple"},"_links":{"self":[{"href":"https:\/\/www.crsmart.it\/fr\/wp-json\/wp\/v2\/product\/10939","targetHints":{"allow":["GET"]}}],"collection":[{"href":"https:\/\/www.crsmart.it\/fr\/wp-json\/wp\/v2\/product"}],"about":[{"href":"https:\/\/www.crsmart.it\/fr\/wp-json\/wp\/v2\/types\/product"}],"replies":[{"embeddable":true,"href":"https:\/\/www.crsmart.it\/fr\/wp-json\/wp\/v2\/comments?post=10939"}],"wp:featuredmedia":[{"embeddable":true,"href":"https:\/\/www.crsmart.it\/fr\/wp-json\/wp\/v2\/media\/7997"}],"wp:attachment":[{"href":"https:\/\/www.crsmart.it\/fr\/wp-json\/wp\/v2\/media?parent=10939"}],"wp:term":[{"taxonomy":"product_brand","embeddable":true,"href":"https:\/\/www.crsmart.it\/fr\/wp-json\/wp\/v2\/product_brand?post=10939"},{"taxonomy":"product_cat","embeddable":true,"href":"https:\/\/www.crsmart.it\/fr\/wp-json\/wp\/v2\/product_cat?post=10939"},{"taxonomy":"product_tag","embeddable":true,"href":"https:\/\/www.crsmart.it\/fr\/wp-json\/wp\/v2\/product_tag?post=10939"}],"curies":[{"name":"wp","href":"https:\/\/api.w.org\/{rel}","templated":true}]}}