{"id":10942,"date":"2021-06-18T11:46:57","date_gmt":"2021-06-18T09:46:57","guid":{"rendered":"https:\/\/crsmart.sviluppo.host\/prodotto\/pulsante-pneumatico-esterno-cromato\/"},"modified":"2021-09-29T02:32:37","modified_gmt":"2021-09-29T00:32:37","slug":"bouton-pneumatique-externe-chrome","status":"publish","type":"product","link":"https:\/\/www.crsmart.it\/fr\/prodotto\/bouton-pneumatique-externe-chrome\/","title":{"rendered":"BOUTON PNEUMATIQUE EXTERNE CHROM\u00c9"},"content":{"rendered":"<div id=\"subtitle\" class=\"sof et_pb_module et_pb_text et_pb_text_0_tb_body et_pb_text_align_left et_pb_bg_layout_light\">Bouton pneumatique externe, chrom\u00e9<br \/>\nAdapt\u00e9 pour l&rsquo;installation sur des r\u00e9servoirs de chasse \u00e0 fonctionnement pneumatique.<br \/>\nComplet avec tube pneumatique, caniveau rigide et fixations.<\/div>\n","protected":false},"excerpt":{"rendered":"<p>Bouton pneumatique externe, chrom\u00e9 Adapt\u00e9 pour l&rsquo;installation sur des r\u00e9servoirs de chasse \u00e0 fonctionnement pneumatique. Complet avec tube pneumatique, caniveau rigide et fixations.<\/p>\n","protected":false},"featured_media":8010,"comment_status":"closed","ping_status":"closed","template":"","meta":{"_et_pb_use_builder":"on","_et_pb_old_content":"<div id=\"subtitle\" class=\"et_pb_module et_pb_text et_pb_text_0_tb_body et_pb_text_align_left et_pb_bg_layout_light\">\r\n<div class=\"et_pb_text_inner\">\r\n\r\nPulsante pneumatico esterno, cromato\r\nAdatto all'installazione su cassette di scarico con funzionamento pneumatico\r\nConfezione completa di tubetto pneumatico, canalina rigida e fissaggi\r\n\r\n<\/div>\r\n<\/div>","_et_gb_content_width":""},"product_brand":[],"product_cat":[199],"product_tag":[],"class_list":{"0":"post-10942","1":"product","2":"type-product","3":"status-publish","4":"has-post-thumbnail","6":"product_cat-commandes-pneumatiques","8":"first","9":"instock","10":"sold-individually","11":"shipping-taxable","12":"product-type-simple"},"_links":{"self":[{"href":"https:\/\/www.crsmart.it\/fr\/wp-json\/wp\/v2\/product\/10942","targetHints":{"allow":["GET"]}}],"collection":[{"href":"https:\/\/www.crsmart.it\/fr\/wp-json\/wp\/v2\/product"}],"about":[{"href":"https:\/\/www.crsmart.it\/fr\/wp-json\/wp\/v2\/types\/product"}],"replies":[{"embeddable":true,"href":"https:\/\/www.crsmart.it\/fr\/wp-json\/wp\/v2\/comments?post=10942"}],"wp:featuredmedia":[{"embeddable":true,"href":"https:\/\/www.crsmart.it\/fr\/wp-json\/wp\/v2\/media\/8010"}],"wp:attachment":[{"href":"https:\/\/www.crsmart.it\/fr\/wp-json\/wp\/v2\/media?parent=10942"}],"wp:term":[{"taxonomy":"product_brand","embeddable":true,"href":"https:\/\/www.crsmart.it\/fr\/wp-json\/wp\/v2\/product_brand?post=10942"},{"taxonomy":"product_cat","embeddable":true,"href":"https:\/\/www.crsmart.it\/fr\/wp-json\/wp\/v2\/product_cat?post=10942"},{"taxonomy":"product_tag","embeddable":true,"href":"https:\/\/www.crsmart.it\/fr\/wp-json\/wp\/v2\/product_tag?post=10942"}],"curies":[{"name":"wp","href":"https:\/\/api.w.org\/{rel}","templated":true}]}}