{"id":10956,"date":"2021-06-18T11:15:40","date_gmt":"2021-06-18T09:15:40","guid":{"rendered":"https:\/\/crsmart.sviluppo.host\/prodotto\/placca-cromata-classic\/"},"modified":"2021-09-29T02:32:32","modified_gmt":"2021-09-29T00:32:32","slug":"plaque-chromee-classic","status":"publish","type":"product","link":"https:\/\/www.crsmart.it\/fr\/prodotto\/plaque-chromee-classic\/","title":{"rendered":"Plaque chrom\u00e9e classic"},"content":{"rendered":"<div id=\"subtitle\" class=\"sof et_pb_module et_pb_text et_pb_text_0_tb_body et_pb_text_align_left et_pb_bg_layout_light\">Plaque \u00e0 double poussoir en finition chrom\u00e9e, mod\u00e8le classique<br \/>\nAdapt\u00e9 pour l&rsquo;installation sur les r\u00e9servoirs de chasse encastr\u00e9s Fusion.<\/div>\n","protected":false},"excerpt":{"rendered":"<p>Plaque de commande \u00e0 deux boutons pour chasse encastr\u00e9, en finition chrom\u00e9e<\/p>\n","protected":false},"featured_media":8064,"comment_status":"closed","ping_status":"closed","template":"","meta":{"_et_pb_use_builder":"on","_et_pb_old_content":"<div id=\"subtitle\" class=\"et_pb_module et_pb_text et_pb_text_0_tb_body et_pb_text_align_left et_pb_bg_layout_light\">\r\n<div class=\"et_pb_text_inner\">\r\n\r\nPlacca a doppio scarico in finitura cromata, modello classico\r\nAdatta all'installazione su cassetta incasso Fusion\r\n\r\n<\/div>\r\n<\/div>","_et_gb_content_width":""},"product_brand":[],"product_cat":[200],"product_tag":[],"class_list":{"0":"post-10956","1":"product","2":"type-product","3":"status-publish","4":"has-post-thumbnail","6":"product_cat-reservoirs-de-chasse-encastres","8":"first","9":"instock","10":"sold-individually","11":"shipping-taxable","12":"product-type-simple"},"_links":{"self":[{"href":"https:\/\/www.crsmart.it\/fr\/wp-json\/wp\/v2\/product\/10956","targetHints":{"allow":["GET"]}}],"collection":[{"href":"https:\/\/www.crsmart.it\/fr\/wp-json\/wp\/v2\/product"}],"about":[{"href":"https:\/\/www.crsmart.it\/fr\/wp-json\/wp\/v2\/types\/product"}],"replies":[{"embeddable":true,"href":"https:\/\/www.crsmart.it\/fr\/wp-json\/wp\/v2\/comments?post=10956"}],"wp:featuredmedia":[{"embeddable":true,"href":"https:\/\/www.crsmart.it\/fr\/wp-json\/wp\/v2\/media\/8064"}],"wp:attachment":[{"href":"https:\/\/www.crsmart.it\/fr\/wp-json\/wp\/v2\/media?parent=10956"}],"wp:term":[{"taxonomy":"product_brand","embeddable":true,"href":"https:\/\/www.crsmart.it\/fr\/wp-json\/wp\/v2\/product_brand?post=10956"},{"taxonomy":"product_cat","embeddable":true,"href":"https:\/\/www.crsmart.it\/fr\/wp-json\/wp\/v2\/product_cat?post=10956"},{"taxonomy":"product_tag","embeddable":true,"href":"https:\/\/www.crsmart.it\/fr\/wp-json\/wp\/v2\/product_tag?post=10956"}],"curies":[{"name":"wp","href":"https:\/\/api.w.org\/{rel}","templated":true}]}}