{"id":10959,"date":"2021-06-18T11:13:28","date_gmt":"2021-06-18T09:13:28","guid":{"rendered":"https:\/\/crsmart.sviluppo.host\/prodotto\/kit-conversione-pneumatico-mod-b\/"},"modified":"2021-09-29T02:32:31","modified_gmt":"2021-09-29T00:32:31","slug":"kit-de-conversion-pneumatique-mod-b","status":"publish","type":"product","link":"https:\/\/www.crsmart.it\/fr\/prodotto\/kit-de-conversion-pneumatique-mod-b\/","title":{"rendered":"KIT DE CONVERSION PNEUMATIQUE MOD. B"},"content":{"rendered":"<div id=\"subtitle\" class=\"sof et_pb_module et_pb_text et_pb_text_0_tb_body et_pb_text_align_left et_pb_bg_layout_light\">M\u00e9canisme de chasse d&rsquo;eau pour conversion pneumatique<br \/>\nComplet avec une pince de r\u00e9duction \u00d832 pour l&rsquo;installation sur des r\u00e9servoirs de chasse hauts.<br \/>\nPeut \u00eatre install\u00e9 sur les mod\u00e8les de r\u00e9servoirs de chasse CR suivants : Concept, Genius, Sfera.<\/div>\n","protected":false},"excerpt":{"rendered":"<p>M\u00e9canisme de chasse d&rsquo;eau pour conversion pneumatique Complet avec une pince de r\u00e9duction \u00d832 pour l&rsquo;installation sur des r\u00e9servoirs de chasse hauts. Peut \u00eatre install\u00e9 sur les mod\u00e8les de r\u00e9servoirs de chasse CR suivants : Concept, Genius, Sfera.<\/p>\n","protected":false},"featured_media":8081,"comment_status":"closed","ping_status":"closed","template":"","meta":{"_et_pb_use_builder":"on","_et_pb_old_content":"<div id=\"subtitle\" class=\"et_pb_module et_pb_text et_pb_text_0_tb_body et_pb_text_align_left et_pb_bg_layout_light\">\r\n<div class=\"et_pb_text_inner\">\r\n\r\nMeccanismo di scarico wc per conversione pneumatica\r\nCompleto di morsetto di riduzione \u00f832 per installazione su cassette alte\r\nInstallabile sui seguenti modelli di cassette CR: Concept, Genius, Sfera\r\n\r\n<\/div>\r\n<\/div>","_et_gb_content_width":""},"product_brand":[],"product_cat":[199],"product_tag":[],"class_list":{"0":"post-10959","1":"product","2":"type-product","3":"status-publish","4":"has-post-thumbnail","6":"product_cat-commandes-pneumatiques","8":"first","9":"instock","10":"sold-individually","11":"shipping-taxable","12":"product-type-simple"},"_links":{"self":[{"href":"https:\/\/www.crsmart.it\/fr\/wp-json\/wp\/v2\/product\/10959","targetHints":{"allow":["GET"]}}],"collection":[{"href":"https:\/\/www.crsmart.it\/fr\/wp-json\/wp\/v2\/product"}],"about":[{"href":"https:\/\/www.crsmart.it\/fr\/wp-json\/wp\/v2\/types\/product"}],"replies":[{"embeddable":true,"href":"https:\/\/www.crsmart.it\/fr\/wp-json\/wp\/v2\/comments?post=10959"}],"wp:featuredmedia":[{"embeddable":true,"href":"https:\/\/www.crsmart.it\/fr\/wp-json\/wp\/v2\/media\/8081"}],"wp:attachment":[{"href":"https:\/\/www.crsmart.it\/fr\/wp-json\/wp\/v2\/media?parent=10959"}],"wp:term":[{"taxonomy":"product_brand","embeddable":true,"href":"https:\/\/www.crsmart.it\/fr\/wp-json\/wp\/v2\/product_brand?post=10959"},{"taxonomy":"product_cat","embeddable":true,"href":"https:\/\/www.crsmart.it\/fr\/wp-json\/wp\/v2\/product_cat?post=10959"},{"taxonomy":"product_tag","embeddable":true,"href":"https:\/\/www.crsmart.it\/fr\/wp-json\/wp\/v2\/product_tag?post=10959"}],"curies":[{"name":"wp","href":"https:\/\/api.w.org\/{rel}","templated":true}]}}