{"id":10967,"date":"2021-06-18T11:11:24","date_gmt":"2021-06-18T09:11:24","guid":{"rendered":"https:\/\/crsmart.sviluppo.host\/prodotto\/fusion-per-vaso-sospeso\/"},"modified":"2021-09-29T02:32:29","modified_gmt":"2021-09-29T00:32:29","slug":"fusion-pour-cuvette-suspendue","status":"publish","type":"product","link":"https:\/\/www.crsmart.it\/fr\/prodotto\/fusion-pour-cuvette-suspendue\/","title":{"rendered":"Fusion pour cuvette suspendue"},"content":{"rendered":"<div id=\"subtitle\" class=\"sof et_pb_module et_pb_text et_pb_text_0_tb_body et_pb_text_align_left et_pb_bg_layout_light\"><strong>Type d&rsquo;application :<\/strong><br \/>\nInstallation encastr\u00e9e dans les murs ou devant le mur<br \/>\n<strong>Sp\u00e9cifications techniques :<\/strong><br \/>\nProfondeur 92 mm<br \/>\nCadre de support pour toilettes suspendues avec r\u00e9servoir de chasse pr\u00e9mont\u00e9<br \/>\nCommande frontale pour l&rsquo;activation de la chasse d&rsquo;eau<br \/>\nCapacit\u00e9 de 7 litres avec possibilit\u00e9s de r\u00e9glage<br \/>\nCompatible avec les plaques \u00e0 1 et 2 boutons<br \/>\nChasse d&rsquo;eau double r\u00e9glable<br \/>\nRaccordement d&rsquo;eau 1\/2&Prime; sur le dessus<br \/>\nIsolation anti-condensation<br \/>\nFilet de pl\u00e2tre<br \/>\nComplet avec mat\u00e9riel de fixation<br \/>\nPlaque d&rsquo;activation \u00e0 commander s\u00e9par\u00e9ment<\/div>\n","protected":false},"excerpt":{"rendered":"<p>Le r\u00e9servoir de chasse encastr\u00e9 avec semi-structure d\u00e9di\u00e9 aux installations pour les WC suspendus. \u00c9quip\u00e9 d&rsquo;un flotteur de contre-pression Nanotek, il garantit des performances \u00e9lev\u00e9es.<\/p>\n","protected":false},"featured_media":8111,"comment_status":"closed","ping_status":"closed","template":"","meta":{"_et_pb_use_builder":"on","_et_pb_old_content":"<div id=\"subtitle\" class=\"et_pb_module et_pb_text et_pb_text_0_tb_body et_pb_text_align_left et_pb_bg_layout_light\">\r\n<div class=\"et_pb_text_inner\">\r\n\r\n<strong>Tipo di applicazione:<\/strong>\r\nInstallazione ad incasso in pareti di muratura o davanti parete\r\n<strong>Caratteristiche tecniche:<\/strong>\r\nProfondit\u00e0 92 mm\r\nTelaio di supporto wc sospeso con cassetta pre-asssemblata\r\nComando frontale di attivazione scarico\r\nCapacit\u00e0 7 litri con possibilit\u00e0 di regolazione\r\nCompatibile con placche 1 tasto e 2 tasti\r\nDoppio scarico regolabile\r\nAllacciamento rete idrica 1\/2\u201d in alto\r\nIsolamento anticondensa\r\nRete per intonaco\r\nCompleta di materiale di fissaggio\r\nPlacca di attivazione da ordinare separatamente\r\n\r\n<\/div>\r\n<\/div>","_et_gb_content_width":""},"product_brand":[],"product_cat":[200],"product_tag":[],"class_list":{"0":"post-10967","1":"product","2":"type-product","3":"status-publish","4":"has-post-thumbnail","6":"product_cat-reservoirs-de-chasse-encastres","8":"first","9":"instock","10":"sold-individually","11":"shipping-taxable","12":"product-type-simple"},"_links":{"self":[{"href":"https:\/\/www.crsmart.it\/fr\/wp-json\/wp\/v2\/product\/10967","targetHints":{"allow":["GET"]}}],"collection":[{"href":"https:\/\/www.crsmart.it\/fr\/wp-json\/wp\/v2\/product"}],"about":[{"href":"https:\/\/www.crsmart.it\/fr\/wp-json\/wp\/v2\/types\/product"}],"replies":[{"embeddable":true,"href":"https:\/\/www.crsmart.it\/fr\/wp-json\/wp\/v2\/comments?post=10967"}],"wp:featuredmedia":[{"embeddable":true,"href":"https:\/\/www.crsmart.it\/fr\/wp-json\/wp\/v2\/media\/8111"}],"wp:attachment":[{"href":"https:\/\/www.crsmart.it\/fr\/wp-json\/wp\/v2\/media?parent=10967"}],"wp:term":[{"taxonomy":"product_brand","embeddable":true,"href":"https:\/\/www.crsmart.it\/fr\/wp-json\/wp\/v2\/product_brand?post=10967"},{"taxonomy":"product_cat","embeddable":true,"href":"https:\/\/www.crsmart.it\/fr\/wp-json\/wp\/v2\/product_cat?post=10967"},{"taxonomy":"product_tag","embeddable":true,"href":"https:\/\/www.crsmart.it\/fr\/wp-json\/wp\/v2\/product_tag?post=10967"}],"curies":[{"name":"wp","href":"https:\/\/api.w.org\/{rel}","templated":true}]}}