{"id":10969,"date":"2021-06-18T11:09:57","date_gmt":"2021-06-18T09:09:57","guid":{"rendered":"https:\/\/crsmart.sviluppo.host\/prodotto\/fusion-per-muratura-pneu\/"},"modified":"2021-09-29T02:32:29","modified_gmt":"2021-09-29T00:32:29","slug":"fusion-pour-reservoirs-encastres-pneu","status":"publish","type":"product","link":"https:\/\/www.crsmart.it\/fr\/prodotto\/fusion-pour-reservoirs-encastres-pneu\/","title":{"rendered":"Fusion pour r\u00e9servoirs encastr\u00e9s &#8211; Pneu"},"content":{"rendered":"<div id=\"subtitle\" class=\"sof et_pb_module et_pb_text et_pb_text_0_tb_body et_pb_text_align_left et_pb_bg_layout_light\">Type d&rsquo;application :<br \/>\nInstallation encastr\u00e9e dans les murs<br \/>\nFonctionnement pneumatique avec installation par bouton poussoir<br \/>\n<strong>Caract\u00e9ristiques techniques :<\/strong><br \/>\nProfondeur 90 mm<br \/>\nContr\u00f4le frontal de l&rsquo;activation des drains<br \/>\nCapacit\u00e9 de 7 litres avec possibilit\u00e9 de r\u00e9glage<br \/>\nCompatible avec les plaques \u00e0 1 et 2 boutons<br \/>\nDouble poussoir r\u00e9glable<br \/>\nRaccordement d&rsquo;alimentation 1\/2&Prime; sur le dessus<br \/>\nIsolation anti-condensation<br \/>\nFilet de pl\u00e2tre<br \/>\nComplet avec mat\u00e9riel de fixation<br \/>\nPlaque d&rsquo;activation \u00e0 commander s\u00e9par\u00e9ment<\/div>\n","protected":false},"excerpt":{"rendered":"<p>Le r\u00e9servoir de chasse encastr\u00e9 d\u00e9di\u00e9 \u00e0 l&rsquo;installation sur des cuvettes au sol, la solution avec pr\u00e9paration pneumatique, est id\u00e9ale pour les environnements commerciaux et publics.<\/p>\n","protected":false},"featured_media":8117,"comment_status":"closed","ping_status":"closed","template":"","meta":{"_et_pb_use_builder":"on","_et_pb_old_content":"<div id=\"subtitle\" class=\"et_pb_module et_pb_text et_pb_text_0_tb_body et_pb_text_align_left et_pb_bg_layout_light\">\r\n<div class=\"et_pb_text_inner\">\r\n\r\n<strong>Tipo di applicazione:<\/strong>\r\nInstallazione ad incasso in pareti di muratura\r\nFunzionamento pneumatico con installazione di pulsante\r\n<strong>Caratteristiche tecniche:<\/strong>\r\nProfondit\u00e0 90 mm\r\nComando frontale di attivazione scarico\r\nCapacit\u00e0 7 litri con possibilit\u00e0 di regolazione\r\nCompatibile con placche 1 tasto e 2 tasti\r\nDoppio scarico regolabile\r\nAllacciamento rete idrica 1\/2\u201d in alto\r\nIsolamento anticondensa\r\nRete per intonaco\r\nCompleta di materiale di fissaggio\r\nPlacca di attivazione da ordinare separatamente\r\n\r\n<\/div>\r\n<\/div>","_et_gb_content_width":""},"product_brand":[],"product_cat":[200],"product_tag":[],"class_list":{"0":"post-10969","1":"product","2":"type-product","3":"status-publish","4":"has-post-thumbnail","6":"product_cat-reservoirs-de-chasse-encastres","8":"first","9":"instock","10":"sold-individually","11":"shipping-taxable","12":"product-type-simple"},"_links":{"self":[{"href":"https:\/\/www.crsmart.it\/fr\/wp-json\/wp\/v2\/product\/10969","targetHints":{"allow":["GET"]}}],"collection":[{"href":"https:\/\/www.crsmart.it\/fr\/wp-json\/wp\/v2\/product"}],"about":[{"href":"https:\/\/www.crsmart.it\/fr\/wp-json\/wp\/v2\/types\/product"}],"replies":[{"embeddable":true,"href":"https:\/\/www.crsmart.it\/fr\/wp-json\/wp\/v2\/comments?post=10969"}],"wp:featuredmedia":[{"embeddable":true,"href":"https:\/\/www.crsmart.it\/fr\/wp-json\/wp\/v2\/media\/8117"}],"wp:attachment":[{"href":"https:\/\/www.crsmart.it\/fr\/wp-json\/wp\/v2\/media?parent=10969"}],"wp:term":[{"taxonomy":"product_brand","embeddable":true,"href":"https:\/\/www.crsmart.it\/fr\/wp-json\/wp\/v2\/product_brand?post=10969"},{"taxonomy":"product_cat","embeddable":true,"href":"https:\/\/www.crsmart.it\/fr\/wp-json\/wp\/v2\/product_cat?post=10969"},{"taxonomy":"product_tag","embeddable":true,"href":"https:\/\/www.crsmart.it\/fr\/wp-json\/wp\/v2\/product_tag?post=10969"}],"curies":[{"name":"wp","href":"https:\/\/api.w.org\/{rel}","templated":true}]}}