{"id":10986,"date":"2021-06-18T11:01:16","date_gmt":"2021-06-18T09:01:16","guid":{"rendered":"https:\/\/crsmart.sviluppo.host\/prodotto\/alfa\/"},"modified":"2021-09-29T02:32:24","modified_gmt":"2021-09-29T00:32:24","slug":"alfa","status":"publish","type":"product","link":"https:\/\/www.crsmart.it\/fr\/prodotto\/alfa\/","title":{"rendered":"Alfa"},"content":{"rendered":"<div id=\"subtitle\" class=\"sof et_pb_module et_pb_text et_pb_text_0_tb_body et_pb_text_align_left et_pb_bg_layout_light\">R\u00e9servoir de chasse externe<br \/>\nInstallation en position haute, compl\u00e8te avec cordon de tirage<br \/>\n\u00c9vacuation par aspiration<br \/>\nLogement avec traitement anti-vieillissement<br \/>\nCapacit\u00e9 de 8 litres avec possibilit\u00e9 de r\u00e9glage<br \/>\nRaccordement d&rsquo;eau \u00e0 droite ou \u00e0 gauche<br \/>\nInterrupteur \u00e0 flotteur 3\/8&Prime; compact, rapide et silencieux<br \/>\nCouvercle sur demande (art. 1041S)<\/div>\n","protected":false},"excerpt":{"rendered":"<p>Le r\u00e9servoir est con\u00e7ue pour \u00eatre install\u00e9 en haut. Adapt\u00e9 pour compl\u00e9ter l&rsquo;\u00e9vacuation des sanitaires publics et priv\u00e9s.<\/p>\n","protected":false},"featured_media":8202,"comment_status":"closed","ping_status":"closed","template":"","meta":{"_et_pb_use_builder":"on","_et_pb_old_content":"<div id=\"subtitle\" class=\"et_pb_module et_pb_text et_pb_text_0_tb_body et_pb_text_align_left et_pb_bg_layout_light\">\r\n<div class=\"et_pb_text_inner\">\r\n\r\nCassetta per installazione esterna\r\nInstallazione in posizione alta, completa di pull a corda\r\nScarico a tirare\r\nScocca con trattamento anti-invecchiamento\r\nCapacit\u00e0 8 litri con possibilit\u00e0 di regolazione\r\nAllacciamento idrico destro o sinistro\r\nGalleggiante 3\/8\" compatto, rapido e silenzioso\r\nCoperchio su richiesta (art. 1041S)\r\n\r\n<\/div>\r\n<\/div>","_et_gb_content_width":""},"product_brand":[],"product_cat":[204],"product_tag":[],"class_list":{"0":"post-10986","1":"product","2":"type-product","3":"status-publish","4":"has-post-thumbnail","6":"product_cat-reservoirs-de-chasse-externes","8":"first","9":"instock","10":"sold-individually","11":"shipping-taxable","12":"product-type-simple"},"_links":{"self":[{"href":"https:\/\/www.crsmart.it\/fr\/wp-json\/wp\/v2\/product\/10986","targetHints":{"allow":["GET"]}}],"collection":[{"href":"https:\/\/www.crsmart.it\/fr\/wp-json\/wp\/v2\/product"}],"about":[{"href":"https:\/\/www.crsmart.it\/fr\/wp-json\/wp\/v2\/types\/product"}],"replies":[{"embeddable":true,"href":"https:\/\/www.crsmart.it\/fr\/wp-json\/wp\/v2\/comments?post=10986"}],"wp:featuredmedia":[{"embeddable":true,"href":"https:\/\/www.crsmart.it\/fr\/wp-json\/wp\/v2\/media\/8202"}],"wp:attachment":[{"href":"https:\/\/www.crsmart.it\/fr\/wp-json\/wp\/v2\/media?parent=10986"}],"wp:term":[{"taxonomy":"product_brand","embeddable":true,"href":"https:\/\/www.crsmart.it\/fr\/wp-json\/wp\/v2\/product_brand?post=10986"},{"taxonomy":"product_cat","embeddable":true,"href":"https:\/\/www.crsmart.it\/fr\/wp-json\/wp\/v2\/product_cat?post=10986"},{"taxonomy":"product_tag","embeddable":true,"href":"https:\/\/www.crsmart.it\/fr\/wp-json\/wp\/v2\/product_tag?post=10986"}],"curies":[{"name":"wp","href":"https:\/\/api.w.org\/{rel}","templated":true}]}}