{"id":10987,"date":"2021-06-18T10:59:21","date_gmt":"2021-06-18T08:59:21","guid":{"rendered":"https:\/\/crsmart.sviluppo.host\/prodotto\/concept-alta\/"},"modified":"2021-09-29T02:32:23","modified_gmt":"2021-09-29T00:32:23","slug":"concept-haut","status":"publish","type":"product","link":"https:\/\/www.crsmart.it\/fr\/prodotto\/concept-haut\/","title":{"rendered":"Concept haut"},"content":{"rendered":"<div id=\"subtitle\" class=\"sof et_pb_module et_pb_text et_pb_text_0_tb_body et_pb_text_align_left et_pb_bg_layout_light\">R\u00e9servoir de chasse externe<br \/>\nInstallation en position haute<br \/>\nChasse d&rsquo;eau \u00e0 commande manuelle ou simple, avec bouton d&rsquo;\u00e9conomie d&rsquo;eau start\/stop.<br \/>\nLogement avec traitement anti-vieillissement<br \/>\nCapacit\u00e9 de 8 litres avec possibilit\u00e9 de r\u00e9glage<br \/>\nHomologu\u00e9 pour 7 litres conform\u00e9ment \u00e0 la norme CE EN 14055<br \/>\nIsolation anti-condensation et insonorisation<br \/>\nRaccordement d&rsquo;eau \u00e0 l&rsquo;arri\u00e8re droit, gauche ou central<br \/>\nInterrupteur \u00e0 flotteur 3\/8&Prime; compact, rapide et silencieux<br \/>\n\u00c9vacuation avec r\u00e9duction \u00d832 pour les r\u00e9servoirs de chasse hauts<\/div>\n","protected":false},"excerpt":{"rendered":"<p>Design italien lou\u00e9 pour sa facilit\u00e9 d&rsquo;installation et sa double fonctionnalit\u00e9 : fonctionnement par bouton-poussoir et traction par cordon pratique.<\/p>\n","protected":false},"featured_media":8211,"comment_status":"closed","ping_status":"closed","template":"","meta":{"_et_pb_use_builder":"on","_et_pb_old_content":"<div id=\"subtitle\" class=\"et_pb_module et_pb_text et_pb_text_0_tb_body et_pb_text_align_left et_pb_bg_layout_light\">\r\n<div class=\"et_pb_text_inner\">\r\n\r\nCassetta per installazione esterna\r\nInstallazione in posizione alta, completa di pull a perlina\r\nScarico a tirare o singolo, con tasto economizzatore d'acqua start\/stop\r\nScocca con trattamento anti-invecchiamento\r\nCapacit\u00e0 8 litri con possibilit\u00e0 di regolazione\r\nOmologazione 7 litri per normativa CE EN 14055\r\nCoibentazione anti-condensa ed insonorizzante\r\nAllacciamento idrico destro, sinistro o posteriore centrale\r\nGalleggiante 3\/8\" compatto, rapido e silenzioso\r\nScarico con riduzione \u00f832 per tubi cassette alte\r\n\r\n<\/div>\r\n<\/div>","_et_gb_content_width":""},"product_brand":[],"product_cat":[204],"product_tag":[],"class_list":{"0":"post-10987","1":"product","2":"type-product","3":"status-publish","4":"has-post-thumbnail","6":"product_cat-reservoirs-de-chasse-externes","8":"first","9":"instock","10":"sold-individually","11":"shipping-taxable","12":"product-type-simple"},"_links":{"self":[{"href":"https:\/\/www.crsmart.it\/fr\/wp-json\/wp\/v2\/product\/10987","targetHints":{"allow":["GET"]}}],"collection":[{"href":"https:\/\/www.crsmart.it\/fr\/wp-json\/wp\/v2\/product"}],"about":[{"href":"https:\/\/www.crsmart.it\/fr\/wp-json\/wp\/v2\/types\/product"}],"replies":[{"embeddable":true,"href":"https:\/\/www.crsmart.it\/fr\/wp-json\/wp\/v2\/comments?post=10987"}],"wp:featuredmedia":[{"embeddable":true,"href":"https:\/\/www.crsmart.it\/fr\/wp-json\/wp\/v2\/media\/8211"}],"wp:attachment":[{"href":"https:\/\/www.crsmart.it\/fr\/wp-json\/wp\/v2\/media?parent=10987"}],"wp:term":[{"taxonomy":"product_brand","embeddable":true,"href":"https:\/\/www.crsmart.it\/fr\/wp-json\/wp\/v2\/product_brand?post=10987"},{"taxonomy":"product_cat","embeddable":true,"href":"https:\/\/www.crsmart.it\/fr\/wp-json\/wp\/v2\/product_cat?post=10987"},{"taxonomy":"product_tag","embeddable":true,"href":"https:\/\/www.crsmart.it\/fr\/wp-json\/wp\/v2\/product_tag?post=10987"}],"curies":[{"name":"wp","href":"https:\/\/api.w.org\/{rel}","templated":true}]}}