{"id":10997,"date":"2021-06-18T10:52:10","date_gmt":"2021-06-18T08:52:10","guid":{"rendered":"https:\/\/crsmart.sviluppo.host\/prodotto\/concept-2-idrocassetta\/"},"modified":"2021-09-29T02:32:19","modified_gmt":"2021-09-29T00:32:19","slug":"concept-2-reservoir-deau","status":"publish","type":"product","link":"https:\/\/www.crsmart.it\/fr\/prodotto\/concept-2-reservoir-deau\/","title":{"rendered":"Concept 2 r\u00e9servoir d&rsquo;eau"},"content":{"rendered":"<div id=\"subtitle\" class=\"sof et_pb_module et_pb_text et_pb_text_0_tb_body et_pb_text_align_left et_pb_bg_layout_light\">R\u00e9servoir de chasse externe<br \/>\nInstallation en applique basse ou \u00e0 mi-hauteur<br \/>\nDouble poussoir, avec \u00e9vacuation partielle r\u00e9glable<br \/>\nComplet avec jet d&rsquo;eau, douchette shut-off et robinet r\u00e9gulateur d&rsquo;eau.<br \/>\nLogement avec traitement anti-vieillissement<br \/>\nCapacit\u00e9 de 8 litres avec possibilit\u00e9 de r\u00e9glage<br \/>\nHomologu\u00e9 pour 7 litres selon la norme CE EN 14055<br \/>\nIsolation anti-condensation et insonorisation<br \/>\nRaccordement d&rsquo;eau \u00e0 l&rsquo;arri\u00e8re droit, gauche ou central<br \/>\nInterrupteur \u00e0 flotteur 3\/8&Prime; compact, rapide et silencieux<br \/>\nComplet avec tuyau<\/div>\n","protected":false},"excerpt":{"rendered":"<p>Solution multifonctionnelle \u00e9quip\u00e9e d&rsquo;un jet d&rsquo;eau pour WC . Id\u00e9al pour les solutions de salle de bains int\u00e9gr\u00e9es<\/p>\n","protected":false},"featured_media":8251,"comment_status":"closed","ping_status":"closed","template":"","meta":{"_et_pb_use_builder":"on","_et_pb_old_content":"<div id=\"subtitle\" class=\"et_pb_module et_pb_text et_pb_text_0_tb_body et_pb_text_align_left et_pb_bg_layout_light\">\r\n<div class=\"et_pb_text_inner\">\r\n\r\nCassetta per installazione esterna\r\nInstallazione bassa a zaino o media posizione\r\nDoppio scarico, con scarico parziale regolabile\r\nCompleta di idroscopino, doccetta shut-off e rubinetto di regolazione dell'acqua.\r\nScocca con trattamento anti-invecchiamento\r\nCapacit\u00e0 8 litri con possibilit\u00e0 di regolazione\r\nOmologazione 7 litri per normativa CE EN 14055\r\nCoibentazione anti-condensa ed insonorizzante\r\nAllacciamento idrico destro, sinistro o posteriore centrale\r\nGalleggiante 3\/8\" compatto, rapido e silenzioso\r\nCompleta di tubo\r\n\r\n<\/div>\r\n<\/div>","_et_gb_content_width":""},"product_brand":[],"product_cat":[204],"product_tag":[],"class_list":{"0":"post-10997","1":"product","2":"type-product","3":"status-publish","4":"has-post-thumbnail","6":"product_cat-reservoirs-de-chasse-externes","8":"first","9":"instock","10":"sold-individually","11":"shipping-taxable","12":"product-type-simple"},"_links":{"self":[{"href":"https:\/\/www.crsmart.it\/fr\/wp-json\/wp\/v2\/product\/10997","targetHints":{"allow":["GET"]}}],"collection":[{"href":"https:\/\/www.crsmart.it\/fr\/wp-json\/wp\/v2\/product"}],"about":[{"href":"https:\/\/www.crsmart.it\/fr\/wp-json\/wp\/v2\/types\/product"}],"replies":[{"embeddable":true,"href":"https:\/\/www.crsmart.it\/fr\/wp-json\/wp\/v2\/comments?post=10997"}],"wp:featuredmedia":[{"embeddable":true,"href":"https:\/\/www.crsmart.it\/fr\/wp-json\/wp\/v2\/media\/8251"}],"wp:attachment":[{"href":"https:\/\/www.crsmart.it\/fr\/wp-json\/wp\/v2\/media?parent=10997"}],"wp:term":[{"taxonomy":"product_brand","embeddable":true,"href":"https:\/\/www.crsmart.it\/fr\/wp-json\/wp\/v2\/product_brand?post=10997"},{"taxonomy":"product_cat","embeddable":true,"href":"https:\/\/www.crsmart.it\/fr\/wp-json\/wp\/v2\/product_cat?post=10997"},{"taxonomy":"product_tag","embeddable":true,"href":"https:\/\/www.crsmart.it\/fr\/wp-json\/wp\/v2\/product_tag?post=10997"}],"curies":[{"name":"wp","href":"https:\/\/api.w.org\/{rel}","templated":true}]}}