{"id":11006,"date":"2021-06-18T10:41:53","date_gmt":"2021-06-18T08:41:53","guid":{"rendered":"https:\/\/crsmart.sviluppo.host\/prodotto\/concept-pneumatica-pe\/"},"modified":"2021-09-29T02:32:16","modified_gmt":"2021-09-29T00:32:16","slug":"concept-pneumatique-pe","status":"publish","type":"product","link":"https:\/\/www.crsmart.it\/fr\/prodotto\/concept-pneumatique-pe\/","title":{"rendered":"Concept pneumatique PE"},"content":{"rendered":"<div id=\"subtitle\" class=\"sof et_pb_module et_pb_text et_pb_text_0_tb_body et_pb_text_align_left et_pb_bg_layout_light\">R\u00e9servoir de chasse externe<br \/>\nInstallation en applique bas ou \u00e0 mi-hauteur<br \/>\nFonctionnement hybride : pneumatique avec bouton externe ou avec bouton du couvercle<br \/>\nLogement avec traitement anti-vieillissement<br \/>\nCapacit\u00e9 de 8 litres avec possibilit\u00e9 de r\u00e9glage<br \/>\nHomologu\u00e9 pour 7 litres selon la norme CE EN 14055<br \/>\nIsolation anti-condensation et insonorisation<br \/>\nRaccordement d&rsquo;eau \u00e0 l&rsquo;arri\u00e8re droit, gauche ou central<br \/>\nInterrupteur \u00e0 flotteur 3\/8&Prime; compact, rapide et silencieux<br \/>\nComplet avec bouton pneumatique, r\u00e9duction pour le raccordement \u00e9ventuel \u00e0 des tuyaux de \u00d832 et tuyau d&rsquo;\u00e9vacuation<\/div>\n","protected":false},"excerpt":{"rendered":"<p>La solution optimale pour les activit\u00e9s commerciales et les environnements publics, r\u00e9pondant aux besoins des personnes souffrant de handicaps.\u00a0<\/p>\n","protected":false},"featured_media":8288,"comment_status":"closed","ping_status":"closed","template":"","meta":{"_et_pb_use_builder":"on","_et_pb_old_content":"<div id=\"subtitle\" class=\"et_pb_module et_pb_text et_pb_text_0_tb_body et_pb_text_align_left et_pb_bg_layout_light\">\r\n<div class=\"et_pb_text_inner\">\r\n\r\nCassetta per installazione esterna\r\nInstallazione bassa a zaino o media posizione\r\nFunzionamento ibrido: pneumatico con pulsante esterno o con pulsante a coperchio\r\nScocca con trattamento anti-invecchiamento\r\nCapacit\u00e0 8 litri con possibilit\u00e0 di regolazione\r\nOmologazione 7 litri per normativa CE EN 14055\r\nCoibentazione anti-condensa ed insonorizzante\r\nAllacciamento idrico destro, sinistro o posteriore centrale\r\nGalleggiante 3\/8\" compatto, rapido e silenzioso\r\nCompleta di pulsante pneumatico, riduzione per eventuale collegamento a tubi \u00f832 e tubo di scarico\r\n\r\n<\/div>\r\n<\/div>","_et_gb_content_width":""},"product_brand":[],"product_cat":[204],"product_tag":[],"class_list":{"0":"post-11006","1":"product","2":"type-product","3":"status-publish","4":"has-post-thumbnail","6":"product_cat-reservoirs-de-chasse-externes","8":"first","9":"instock","10":"sold-individually","11":"shipping-taxable","12":"product-type-simple"},"_links":{"self":[{"href":"https:\/\/www.crsmart.it\/fr\/wp-json\/wp\/v2\/product\/11006","targetHints":{"allow":["GET"]}}],"collection":[{"href":"https:\/\/www.crsmart.it\/fr\/wp-json\/wp\/v2\/product"}],"about":[{"href":"https:\/\/www.crsmart.it\/fr\/wp-json\/wp\/v2\/types\/product"}],"replies":[{"embeddable":true,"href":"https:\/\/www.crsmart.it\/fr\/wp-json\/wp\/v2\/comments?post=11006"}],"wp:featuredmedia":[{"embeddable":true,"href":"https:\/\/www.crsmart.it\/fr\/wp-json\/wp\/v2\/media\/8288"}],"wp:attachment":[{"href":"https:\/\/www.crsmart.it\/fr\/wp-json\/wp\/v2\/media?parent=11006"}],"wp:term":[{"taxonomy":"product_brand","embeddable":true,"href":"https:\/\/www.crsmart.it\/fr\/wp-json\/wp\/v2\/product_brand?post=11006"},{"taxonomy":"product_cat","embeddable":true,"href":"https:\/\/www.crsmart.it\/fr\/wp-json\/wp\/v2\/product_cat?post=11006"},{"taxonomy":"product_tag","embeddable":true,"href":"https:\/\/www.crsmart.it\/fr\/wp-json\/wp\/v2\/product_tag?post=11006"}],"curies":[{"name":"wp","href":"https:\/\/api.w.org\/{rel}","templated":true}]}}