{"id":11036,"date":"2021-06-18T09:55:38","date_gmt":"2021-06-18T07:55:38","guid":{"rendered":"https:\/\/crsmart.sviluppo.host\/prodotto\/tubo-turca-o32\/"},"modified":"2021-09-29T02:32:02","modified_gmt":"2021-09-29T00:32:02","slug":"tuyau-wc-turcs-o-32","status":"publish","type":"product","link":"https:\/\/www.crsmart.it\/fr\/prodotto\/tuyau-wc-turcs-o-32\/","title":{"rendered":"TUYAU WC TURCS \u00d8 32"},"content":{"rendered":"<div id=\"subtitle\" class=\"sof et_pb_module et_pb_text et_pb_text_0_tb_body et_pb_text_align_left et_pb_bg_layout_light\">Tuyau d&rsquo;\u00e9vacuation \u00d832, dimensions 1950 mm<br \/>\nAdapt\u00e9 pour une installation externe sur les WC turcs.<\/div>\n","protected":false},"excerpt":{"rendered":"<p>Tuyau d&rsquo;\u00e9vacuation \u00d832, dimensions 1950 mm Adapt\u00e9 pour une installation externe sur les WC turcs.<\/p>\n","protected":false},"featured_media":8440,"comment_status":"closed","ping_status":"closed","template":"","meta":{"_et_pb_use_builder":"on","_et_pb_old_content":"<div id=\"subtitle\" class=\"et_pb_module et_pb_text et_pb_text_0_tb_body et_pb_text_align_left et_pb_bg_layout_light\">\r\n<div class=\"et_pb_text_inner\">\r\n\r\nTubo di scarico \u00f832, dimensioni 1950 mm\r\nAdatto all'installazione esterna su vasi alla turca\r\n\r\n<\/div>\r\n<\/div>","_et_gb_content_width":""},"product_brand":[],"product_cat":[206],"product_tag":[],"class_list":{"0":"post-11036","1":"product","2":"type-product","3":"status-publish","4":"has-post-thumbnail","6":"product_cat-tuyaux-de-chasse","8":"first","9":"instock","10":"sold-individually","11":"shipping-taxable","12":"product-type-simple"},"_links":{"self":[{"href":"https:\/\/www.crsmart.it\/fr\/wp-json\/wp\/v2\/product\/11036","targetHints":{"allow":["GET"]}}],"collection":[{"href":"https:\/\/www.crsmart.it\/fr\/wp-json\/wp\/v2\/product"}],"about":[{"href":"https:\/\/www.crsmart.it\/fr\/wp-json\/wp\/v2\/types\/product"}],"replies":[{"embeddable":true,"href":"https:\/\/www.crsmart.it\/fr\/wp-json\/wp\/v2\/comments?post=11036"}],"wp:featuredmedia":[{"embeddable":true,"href":"https:\/\/www.crsmart.it\/fr\/wp-json\/wp\/v2\/media\/8440"}],"wp:attachment":[{"href":"https:\/\/www.crsmart.it\/fr\/wp-json\/wp\/v2\/media?parent=11036"}],"wp:term":[{"taxonomy":"product_brand","embeddable":true,"href":"https:\/\/www.crsmart.it\/fr\/wp-json\/wp\/v2\/product_brand?post=11036"},{"taxonomy":"product_cat","embeddable":true,"href":"https:\/\/www.crsmart.it\/fr\/wp-json\/wp\/v2\/product_cat?post=11036"},{"taxonomy":"product_tag","embeddable":true,"href":"https:\/\/www.crsmart.it\/fr\/wp-json\/wp\/v2\/product_tag?post=11036"}],"curies":[{"name":"wp","href":"https:\/\/api.w.org\/{rel}","templated":true}]}}