{"id":11054,"date":"2021-06-18T09:37:57","date_gmt":"2021-06-18T07:37:57","guid":{"rendered":"https:\/\/crsmart.sviluppo.host\/prodotto\/tubo-a-zaino-o50x40-2-pezzi\/"},"modified":"2021-09-29T02:31:55","modified_gmt":"2021-09-29T00:31:55","slug":"tuyau-en-applique-o50x40-2-pieces","status":"publish","type":"product","link":"https:\/\/www.crsmart.it\/fr\/prodotto\/tuyau-en-applique-o50x40-2-pieces\/","title":{"rendered":"TUYAU EN APPLIQUE \u00d850&#215;40, 2 PI\u00c8CES"},"content":{"rendered":"<div id=\"subtitle\" class=\"sof et_pb_module et_pb_text et_pb_text_0_tb_body et_pb_text_align_left et_pb_bg_layout_light\">Tuyau d&rsquo;\u00e9vacuation \u00d850 x \u00d840, dimensions 1091&#215;275 mm, en 2 pi\u00e8ces<br \/>\nComplet avec les raccords, les fixations, le joint conique \u00d850 et le collier de serrage de la cuvette.<br \/>\nAdapt\u00e9 pour l&rsquo;installation sur des r\u00e9servoirs wc en applique.<\/div>\n","protected":false},"excerpt":{"rendered":"<p>Tuyau d&rsquo;\u00e9vacuation \u00d850 x \u00d840, dimensions 1091&#215;275 mm, en 2 pi\u00e8ces Complet avec les raccords, les fixations, le joint conique \u00d850 et le collier de serrage de la cuvette. Adapt\u00e9 pour l&rsquo;installation sur des r\u00e9servoirs wc en applique.<\/p>\n","protected":false},"featured_media":8512,"comment_status":"closed","ping_status":"closed","template":"","meta":{"_et_pb_use_builder":"on","_et_pb_old_content":"<div id=\"subtitle\" class=\"et_pb_module et_pb_text et_pb_text_0_tb_body et_pb_text_align_left et_pb_bg_layout_light\">\r\n<div class=\"et_pb_text_inner\">\r\n\r\nTubo di scarico \u00f850 x \u00f840, dimensioni 1091x275 mm, in 2 pezzi\r\nCompleto di raccordi, fissaggi, guarnizione conica \u00f850 e morsetto per vaso wc\r\nAdatto all'installazione su cassette wc a zaino\r\n\r\n<\/div>\r\n<\/div>","_et_gb_content_width":""},"product_brand":[],"product_cat":[206],"product_tag":[],"class_list":{"0":"post-11054","1":"product","2":"type-product","3":"status-publish","4":"has-post-thumbnail","6":"product_cat-tuyaux-de-chasse","8":"first","9":"instock","10":"sold-individually","11":"shipping-taxable","12":"product-type-simple"},"_links":{"self":[{"href":"https:\/\/www.crsmart.it\/fr\/wp-json\/wp\/v2\/product\/11054","targetHints":{"allow":["GET"]}}],"collection":[{"href":"https:\/\/www.crsmart.it\/fr\/wp-json\/wp\/v2\/product"}],"about":[{"href":"https:\/\/www.crsmart.it\/fr\/wp-json\/wp\/v2\/types\/product"}],"replies":[{"embeddable":true,"href":"https:\/\/www.crsmart.it\/fr\/wp-json\/wp\/v2\/comments?post=11054"}],"wp:featuredmedia":[{"embeddable":true,"href":"https:\/\/www.crsmart.it\/fr\/wp-json\/wp\/v2\/media\/8512"}],"wp:attachment":[{"href":"https:\/\/www.crsmart.it\/fr\/wp-json\/wp\/v2\/media?parent=11054"}],"wp:term":[{"taxonomy":"product_brand","embeddable":true,"href":"https:\/\/www.crsmart.it\/fr\/wp-json\/wp\/v2\/product_brand?post=11054"},{"taxonomy":"product_cat","embeddable":true,"href":"https:\/\/www.crsmart.it\/fr\/wp-json\/wp\/v2\/product_cat?post=11054"},{"taxonomy":"product_tag","embeddable":true,"href":"https:\/\/www.crsmart.it\/fr\/wp-json\/wp\/v2\/product_tag?post=11054"}],"curies":[{"name":"wp","href":"https:\/\/api.w.org\/{rel}","templated":true}]}}