{"id":11069,"date":"2021-06-18T08:48:53","date_gmt":"2021-06-18T06:48:53","guid":{"rendered":"https:\/\/crsmart.sviluppo.host\/prodotto\/legno\/"},"modified":"2021-09-29T02:31:49","modified_gmt":"2021-09-29T00:31:49","slug":"legno","status":"publish","type":"product","link":"https:\/\/www.crsmart.it\/fr\/prodotto\/legno\/","title":{"rendered":"LEGNO"},"content":{"rendered":"<div id=\"subtitle\" class=\"sof et_pb_module et_pb_text et_pb_text_0_tb_body et_pb_text_align_left et_pb_bg_layout_light\">Abattant wc universel, en bois peint en blanc<br \/>\n<strong>Poids :<\/strong> 3,600 kg<br \/>\nCharni\u00e8re et vis de fixation m\u00e9tallique<br \/>\nEmballage complet avec charni\u00e8res et kit de fixation<\/div>\n","protected":false},"excerpt":{"rendered":"<p>Abattant wc universel, en bois peint en blanc Poids : 3,600 kg Charni\u00e8re et vis de fixation m\u00e9tallique Emballage complet avec charni\u00e8res et kit de fixation<\/p>\n","protected":false},"featured_media":8571,"comment_status":"closed","ping_status":"closed","template":"","meta":{"_et_pb_use_builder":"off","_et_pb_old_content":"<div id=\"subtitle\" class=\"et_pb_module et_pb_text et_pb_text_0_tb_body et_pb_text_align_left et_pb_bg_layout_light\">\r\n<div class=\"et_pb_text_inner\">\r\n\r\nSedile wc universale, realizzato in legno verniciato bianco\r\nPeso: 3,600 kg\r\nCerniera e viti di fissaggio in metallo\r\nConfezione completa di cerniere e kit di fissaggio\r\n\r\n<\/div>\r\n<\/div>","_et_gb_content_width":""},"product_brand":[],"product_cat":[208],"product_tag":[],"class_list":{"0":"post-11069","1":"product","2":"type-product","3":"status-publish","4":"has-post-thumbnail","6":"product_cat-abattants","8":"first","9":"instock","10":"sold-individually","11":"shipping-taxable","12":"product-type-simple"},"_links":{"self":[{"href":"https:\/\/www.crsmart.it\/fr\/wp-json\/wp\/v2\/product\/11069","targetHints":{"allow":["GET"]}}],"collection":[{"href":"https:\/\/www.crsmart.it\/fr\/wp-json\/wp\/v2\/product"}],"about":[{"href":"https:\/\/www.crsmart.it\/fr\/wp-json\/wp\/v2\/types\/product"}],"replies":[{"embeddable":true,"href":"https:\/\/www.crsmart.it\/fr\/wp-json\/wp\/v2\/comments?post=11069"}],"wp:featuredmedia":[{"embeddable":true,"href":"https:\/\/www.crsmart.it\/fr\/wp-json\/wp\/v2\/media\/8571"}],"wp:attachment":[{"href":"https:\/\/www.crsmart.it\/fr\/wp-json\/wp\/v2\/media?parent=11069"}],"wp:term":[{"taxonomy":"product_brand","embeddable":true,"href":"https:\/\/www.crsmart.it\/fr\/wp-json\/wp\/v2\/product_brand?post=11069"},{"taxonomy":"product_cat","embeddable":true,"href":"https:\/\/www.crsmart.it\/fr\/wp-json\/wp\/v2\/product_cat?post=11069"},{"taxonomy":"product_tag","embeddable":true,"href":"https:\/\/www.crsmart.it\/fr\/wp-json\/wp\/v2\/product_tag?post=11069"}],"curies":[{"name":"wp","href":"https:\/\/api.w.org\/{rel}","templated":true}]}}