{"id":11076,"date":"2021-06-18T08:41:33","date_gmt":"2021-06-18T06:41:33","guid":{"rendered":"https:\/\/crsmart.sviluppo.host\/prodotto\/atlantic\/"},"modified":"2021-09-29T02:31:47","modified_gmt":"2021-09-29T00:31:47","slug":"atlantic","status":"publish","type":"product","link":"https:\/\/www.crsmart.it\/fr\/prodotto\/atlantic\/","title":{"rendered":"ATLANTIC"},"content":{"rendered":"<div id=\"subtitle\" class=\"sof et_pb_module et_pb_text et_pb_text_0_tb_body et_pb_text_align_left et_pb_bg_layout_light\">Abattant wc universel, fabriqu\u00e9 en r\u00e9sine de polypropyl\u00e8ne incassable<br \/>\n<strong>Poids :<\/strong> 0,650 kg<br \/>\nCharni\u00e8re unibloc avec 4 ajustements en polypropyl\u00e8ne<br \/>\nComplet avec charni\u00e8res et kit de fixation<\/div>\n","protected":false},"excerpt":{"rendered":"<p>Abattant wc universel, fabriqu\u00e9 en r\u00e9sine de polypropyl\u00e8ne incassable Poids : 0,650 kg Charni\u00e8re unibloc avec 4 ajustements en polypropyl\u00e8ne Complet avec charni\u00e8res et kit de fixation<\/p>\n","protected":false},"featured_media":8592,"comment_status":"closed","ping_status":"closed","template":"","meta":{"_et_pb_use_builder":"off","_et_pb_old_content":"<div id=\"subtitle\" class=\"et_pb_module et_pb_text et_pb_text_0_tb_body et_pb_text_align_left et_pb_bg_layout_light\">\r\n<div class=\"et_pb_text_inner\">Sedile wc universale, realizzato in resina infrangibile di polipropilene Peso: 0,650 kg Cerniera uniblock a 4 regolazioni in polipropilene Confezione completa di cerniere e kit di fissaggio<\/div>\r\n<\/div>","_et_gb_content_width":""},"product_brand":[],"product_cat":[208],"product_tag":[],"class_list":{"0":"post-11076","1":"product","2":"type-product","3":"status-publish","4":"has-post-thumbnail","6":"product_cat-abattants","8":"first","9":"instock","10":"sold-individually","11":"shipping-taxable","12":"product-type-simple"},"_links":{"self":[{"href":"https:\/\/www.crsmart.it\/fr\/wp-json\/wp\/v2\/product\/11076","targetHints":{"allow":["GET"]}}],"collection":[{"href":"https:\/\/www.crsmart.it\/fr\/wp-json\/wp\/v2\/product"}],"about":[{"href":"https:\/\/www.crsmart.it\/fr\/wp-json\/wp\/v2\/types\/product"}],"replies":[{"embeddable":true,"href":"https:\/\/www.crsmart.it\/fr\/wp-json\/wp\/v2\/comments?post=11076"}],"wp:featuredmedia":[{"embeddable":true,"href":"https:\/\/www.crsmart.it\/fr\/wp-json\/wp\/v2\/media\/8592"}],"wp:attachment":[{"href":"https:\/\/www.crsmart.it\/fr\/wp-json\/wp\/v2\/media?parent=11076"}],"wp:term":[{"taxonomy":"product_brand","embeddable":true,"href":"https:\/\/www.crsmart.it\/fr\/wp-json\/wp\/v2\/product_brand?post=11076"},{"taxonomy":"product_cat","embeddable":true,"href":"https:\/\/www.crsmart.it\/fr\/wp-json\/wp\/v2\/product_cat?post=11076"},{"taxonomy":"product_tag","embeddable":true,"href":"https:\/\/www.crsmart.it\/fr\/wp-json\/wp\/v2\/product_tag?post=11076"}],"curies":[{"name":"wp","href":"https:\/\/api.w.org\/{rel}","templated":true}]}}