{"id":11084,"date":"2021-06-17T16:49:28","date_gmt":"2021-06-17T14:49:28","guid":{"rendered":"https:\/\/crsmart.sviluppo.host\/prodotto\/boxer\/"},"modified":"2021-09-29T02:31:44","modified_gmt":"2021-09-29T00:31:44","slug":"boxer","status":"publish","type":"product","link":"https:\/\/www.crsmart.it\/fr\/prodotto\/boxer\/","title":{"rendered":"BOXER"},"content":{"rendered":"<div id=\"subtitle\" class=\"sof et_pb_module et_pb_text et_pb_text_0_tb_body et_pb_text_align_left et_pb_bg_layout_light\">Abattant wc universel, fabriqu\u00e9 en r\u00e9sine de polypropyl\u00e8ne incassable<br \/>\n<strong>Poids :<\/strong> 1 700 kg<br \/>\nDisponible avec charni\u00e8re uniblock \u00e0 4 r\u00e9glages en polypropyl\u00e8ne (art. 1104) ou avec charni\u00e8res r\u00e9glables en acier inoxydable (art. 1104X)<br \/>\nEmballage complet avec charni\u00e8res, kit de fixation et pare-chocs.<\/div>\n","protected":false},"excerpt":{"rendered":"<p>Abattant wc universel, fabriqu\u00e9 en r\u00e9sine de polypropyl\u00e8ne incassable Poids : 1 700 kg Disponible avec charni\u00e8re uniblock \u00e0 4 r\u00e9glages en polypropyl\u00e8ne (art. 1104) ou avec charni\u00e8res r\u00e9glables en acier inoxydable (art. 1104X) Emballage complet avec charni\u00e8res, kit de fixation et pare-chocs.<\/p>\n","protected":false},"featured_media":8644,"comment_status":"closed","ping_status":"closed","template":"","meta":{"_et_pb_use_builder":"on","_et_pb_old_content":"<div id=\"subtitle\" class=\"et_pb_module et_pb_text et_pb_text_0_tb_body et_pb_text_align_left et_pb_bg_layout_light\">\r\n<div class=\"et_pb_text_inner\">\r\n\r\nSedile wc universale, realizzato in resina infrangibile di polipropilene\r\nPeso: 1,700 kg\r\nDisponibile nella versione con cerniera uniblock a 4 regolazioni in polipropilene (art. 1104) o con cerniere in acciaio inox regolabili (art. 1104X)\r\nConfezione completa di cerniere, kit di fissaggio e paracolpi\r\n\r\n<\/div>\r\n<\/div>","_et_gb_content_width":""},"product_brand":[],"product_cat":[208],"product_tag":[],"class_list":{"0":"post-11084","1":"product","2":"type-product","3":"status-publish","4":"has-post-thumbnail","6":"product_cat-abattants","8":"first","9":"instock","10":"sold-individually","11":"shipping-taxable","12":"product-type-simple"},"_links":{"self":[{"href":"https:\/\/www.crsmart.it\/fr\/wp-json\/wp\/v2\/product\/11084","targetHints":{"allow":["GET"]}}],"collection":[{"href":"https:\/\/www.crsmart.it\/fr\/wp-json\/wp\/v2\/product"}],"about":[{"href":"https:\/\/www.crsmart.it\/fr\/wp-json\/wp\/v2\/types\/product"}],"replies":[{"embeddable":true,"href":"https:\/\/www.crsmart.it\/fr\/wp-json\/wp\/v2\/comments?post=11084"}],"wp:featuredmedia":[{"embeddable":true,"href":"https:\/\/www.crsmart.it\/fr\/wp-json\/wp\/v2\/media\/8644"}],"wp:attachment":[{"href":"https:\/\/www.crsmart.it\/fr\/wp-json\/wp\/v2\/media?parent=11084"}],"wp:term":[{"taxonomy":"product_brand","embeddable":true,"href":"https:\/\/www.crsmart.it\/fr\/wp-json\/wp\/v2\/product_brand?post=11084"},{"taxonomy":"product_cat","embeddable":true,"href":"https:\/\/www.crsmart.it\/fr\/wp-json\/wp\/v2\/product_cat?post=11084"},{"taxonomy":"product_tag","embeddable":true,"href":"https:\/\/www.crsmart.it\/fr\/wp-json\/wp\/v2\/product_tag?post=11084"}],"curies":[{"name":"wp","href":"https:\/\/api.w.org\/{rel}","templated":true}]}}