{"id":11089,"date":"2021-06-17T16:31:33","date_gmt":"2021-06-17T14:31:33","guid":{"rendered":"https:\/\/crsmart.sviluppo.host\/prodotto\/malaga\/"},"modified":"2021-09-29T02:31:42","modified_gmt":"2021-09-29T00:31:42","slug":"malaga","status":"publish","type":"product","link":"https:\/\/www.crsmart.it\/fr\/prodotto\/malaga\/","title":{"rendered":"MALAGA"},"content":{"rendered":"<div id=\"subtitle\" class=\"sof et_pb_module et_pb_text et_pb_text_0_tb_body et_pb_text_align_left et_pb_bg_layout_light\">Abattant WC carr\u00e9, en r\u00e9sine thermodurcissable<br \/>\n<strong>Poids :<\/strong> 2,120 kg<br \/>\nFermeture lente<br \/>\nLe si\u00e8ge se d\u00e9tache rapidement de la cuvette des toilettes, pour une facilit\u00e9 de nettoyage optimale.<br \/>\nCharni\u00e8res Top-fix, mont\u00e9es sur le dessus, adapt\u00e9es \u00e0 l&rsquo;installation sur des toilettes au ras du mur<br \/>\nEmballage complet avec charni\u00e8res et pare-chocs.<\/div>\n","protected":false},"excerpt":{"rendered":"<p>Abattant WC carr\u00e9, en r\u00e9sine thermodurcissable Poids : 2,120 kg Fermeture lente Le si\u00e8ge se d\u00e9tache rapidement de la cuvette des toilettes, pour une facilit\u00e9 de nettoyage optimale. Charni\u00e8res Top-fix, mont\u00e9es sur le dessus, adapt\u00e9es \u00e0 l&rsquo;installation sur des toilettes au ras du mur Emballage complet avec charni\u00e8res et pare-chocs.<\/p>\n","protected":false},"featured_media":8671,"comment_status":"closed","ping_status":"closed","template":"","meta":{"_et_pb_use_builder":"on","_et_pb_old_content":"<div id=\"subtitle\" class=\"et_pb_module et_pb_text et_pb_text_0_tb_body et_pb_text_align_left et_pb_bg_layout_light\">\r\n<div class=\"et_pb_text_inner\">\r\n\r\nSedile wc squadrato, realizzato in resina termoindurente\r\nPeso: 2,120 kg\r\nChiusura rallentata\r\nSgancio rapido del sedile dal vaso, per un'ottima facilit\u00e0 di pulizia\r\nCerniere top-fix, a fissaggio dall'alto, adatte all'installazione su vasi a filomuro\r\nConfezione completa di cerniere e paracolpi\r\n\r\n<\/div>\r\n<\/div>","_et_gb_content_width":""},"product_brand":[],"product_cat":[208],"product_tag":[],"class_list":{"0":"post-11089","1":"product","2":"type-product","3":"status-publish","4":"has-post-thumbnail","6":"product_cat-abattants","8":"first","9":"instock","10":"sold-individually","11":"shipping-taxable","12":"product-type-simple"},"_links":{"self":[{"href":"https:\/\/www.crsmart.it\/fr\/wp-json\/wp\/v2\/product\/11089","targetHints":{"allow":["GET"]}}],"collection":[{"href":"https:\/\/www.crsmart.it\/fr\/wp-json\/wp\/v2\/product"}],"about":[{"href":"https:\/\/www.crsmart.it\/fr\/wp-json\/wp\/v2\/types\/product"}],"replies":[{"embeddable":true,"href":"https:\/\/www.crsmart.it\/fr\/wp-json\/wp\/v2\/comments?post=11089"}],"wp:featuredmedia":[{"embeddable":true,"href":"https:\/\/www.crsmart.it\/fr\/wp-json\/wp\/v2\/media\/8671"}],"wp:attachment":[{"href":"https:\/\/www.crsmart.it\/fr\/wp-json\/wp\/v2\/media?parent=11089"}],"wp:term":[{"taxonomy":"product_brand","embeddable":true,"href":"https:\/\/www.crsmart.it\/fr\/wp-json\/wp\/v2\/product_brand?post=11089"},{"taxonomy":"product_cat","embeddable":true,"href":"https:\/\/www.crsmart.it\/fr\/wp-json\/wp\/v2\/product_cat?post=11089"},{"taxonomy":"product_tag","embeddable":true,"href":"https:\/\/www.crsmart.it\/fr\/wp-json\/wp\/v2\/product_tag?post=11089"}],"curies":[{"name":"wp","href":"https:\/\/api.w.org\/{rel}","templated":true}]}}