{"id":11097,"date":"2021-06-17T16:13:23","date_gmt":"2021-06-17T14:13:23","guid":{"rendered":"https:\/\/crsmart.sviluppo.host\/prodotto\/nilo-800k\/"},"modified":"2021-09-29T02:31:40","modified_gmt":"2021-09-29T00:31:40","slug":"nilo-800k","status":"publish","type":"product","link":"https:\/\/www.crsmart.it\/fr\/prodotto\/nilo-800k\/","title":{"rendered":"NILO 800K"},"content":{"rendered":"<div id=\"subtitle\" class=\"sof et_pb_module et_pb_text et_pb_text_0_tb_body et_pb_text_align_left et_pb_bg_layout_light\">Caniveau de douche avec grille \u00e0 carreler en acier inoxydable, taille 762 mm<br \/>\nInstallation au ras du sol<br \/>\nD\u00e9charge avec valve gravitaire anti-odeur et inspectable<br \/>\nProfil ext\u00e9rieur en acier inoxydable expos\u00e9<br \/>\nPieds r\u00e9glables manuellement en hauteur 18 mm<br \/>\nCapacit\u00e9 de d\u00e9charge 60 l\/min<br \/>\n\u00c9quip\u00e9 d&rsquo;un tissu hydrofuge pour la mise \u00e0 la terre et d&rsquo;un crochet pour retirer la grille.<\/div>\n","protected":false},"excerpt":{"rendered":"<p>Caniveau de douche avec grille \u00e0 carreler en acier inoxydable, taille 762 mm Installation au ras du sol D\u00e9charge avec valve gravitaire anti-odeur et inspectable Profil ext\u00e9rieur en acier inoxydable expos\u00e9 Pieds r\u00e9glables manuellement en hauteur 18 mm Capacit\u00e9 de d\u00e9charge 60 l\/min \u00c9quip\u00e9 d&rsquo;un tissu hydrofuge pour la mise \u00e0 la terre et d&rsquo;un [&hellip;]<\/p>\n","protected":false},"featured_media":8724,"comment_status":"closed","ping_status":"closed","template":"","meta":{"_et_pb_use_builder":"on","_et_pb_old_content":"<div id=\"subtitle\" class=\"et_pb_module et_pb_text et_pb_text_0_tb_body et_pb_text_align_left et_pb_bg_layout_light\">\r\n<div class=\"et_pb_text_inner\">\r\n\r\nCanalina doccia con griglia piastrellabile in acciaio inox, dimensione 762 mm\r\nInstallazione a filo pavimento\r\nScarico con valvola gravitazionale anti-odore e ispezionabile\r\nProfilo esterno a vista in acciaio inox\r\nPiedini regolabili manualmente in altezza 18 mm\r\nPortata di scarico 60 l\/min\r\nEquipaggiata con panno idrorepellente per la messa a terra e gancio per rimozione griglia\r\n\r\n<\/div>\r\n<\/div>","_et_gb_content_width":""},"product_brand":[],"product_cat":[211],"product_tag":[],"class_list":{"0":"post-11097","1":"product","2":"type-product","3":"status-publish","4":"has-post-thumbnail","6":"product_cat-grille-a-carreler","8":"first","9":"instock","10":"sold-individually","11":"shipping-taxable","12":"product-type-simple"},"_links":{"self":[{"href":"https:\/\/www.crsmart.it\/fr\/wp-json\/wp\/v2\/product\/11097","targetHints":{"allow":["GET"]}}],"collection":[{"href":"https:\/\/www.crsmart.it\/fr\/wp-json\/wp\/v2\/product"}],"about":[{"href":"https:\/\/www.crsmart.it\/fr\/wp-json\/wp\/v2\/types\/product"}],"replies":[{"embeddable":true,"href":"https:\/\/www.crsmart.it\/fr\/wp-json\/wp\/v2\/comments?post=11097"}],"wp:featuredmedia":[{"embeddable":true,"href":"https:\/\/www.crsmart.it\/fr\/wp-json\/wp\/v2\/media\/8724"}],"wp:attachment":[{"href":"https:\/\/www.crsmart.it\/fr\/wp-json\/wp\/v2\/media?parent=11097"}],"wp:term":[{"taxonomy":"product_brand","embeddable":true,"href":"https:\/\/www.crsmart.it\/fr\/wp-json\/wp\/v2\/product_brand?post=11097"},{"taxonomy":"product_cat","embeddable":true,"href":"https:\/\/www.crsmart.it\/fr\/wp-json\/wp\/v2\/product_cat?post=11097"},{"taxonomy":"product_tag","embeddable":true,"href":"https:\/\/www.crsmart.it\/fr\/wp-json\/wp\/v2\/product_tag?post=11097"}],"curies":[{"name":"wp","href":"https:\/\/api.w.org\/{rel}","templated":true}]}}