{"id":11146,"date":"2021-06-17T08:48:39","date_gmt":"2021-06-17T06:48:39","guid":{"rendered":"https:\/\/crsmart.sviluppo.host\/prodotto\/kasko\/"},"modified":"2021-09-29T02:31:19","modified_gmt":"2021-09-29T00:31:19","slug":"kasko-extra-large","status":"publish","type":"product","link":"https:\/\/www.crsmart.it\/fr\/prodotto\/kasko-extra-large\/","title":{"rendered":"Kasko &#8211; EXTRA LARGE"},"content":{"rendered":"<div id=\"subtitle\" class=\"sof et_pb_module et_pb_text et_pb_text_0_tb_body et_pb_text_align_left et_pb_bg_layout_light\">Meuble en plastique r\u00e9sistant \u00e0 l&rsquo;eau, avec fermeture \u00e0 double rideaux peu encombrante<br \/>\nDimensions \u00e9largies pour s&rsquo;adapter aux lave-linges plus profondes<br \/>\nAcc\u00e8s facile au filtre de la machine \u00e0 laver<br \/>\nPieds r\u00e9glables en hauteur 15 mm<br \/>\nComplet avec kit de montage mural<br \/>\nDimensions internes pour le positionnement du lave-linge<br \/>\n<strong>Profondeur :<\/strong> 65 cm \u00e0 la base, 69 cm \u00e0 la hauteur du hublot<br \/>\n<strong>Largeur : <\/strong>68 cm<br \/>\n<strong>Hauteur :<\/strong> 91 cm<\/div>\n","protected":false},"excerpt":{"rendered":"<p>Meuble en plastique r\u00e9sistant \u00e0 l&rsquo;eau, avec fermeture \u00e0 double rideaux peu encombrante Dimensions \u00e9largies pour s&rsquo;adapter aux lave-linges plus profondes Acc\u00e8s facile au filtre de la machine \u00e0 laver Pieds r\u00e9glables en hauteur 15 mm Complet avec kit de montage mural Dimensions internes pour le positionnement du lave-linge Profondeur : 65 cm \u00e0 la [&hellip;]<\/p>\n","protected":false},"featured_media":8872,"comment_status":"closed","ping_status":"closed","template":"","meta":{"_et_pb_use_builder":"on","_et_pb_old_content":"<div id=\"subtitle\" class=\"et_pb_module et_pb_text et_pb_text_0_tb_body et_pb_text_align_left et_pb_bg_layout_light\">\r\n<div class=\"et_pb_text_inner\">Mobile in materiale plastico resistente all'acqua, con chiusura salvaspazio a due serrandine\r\nDimensioni maggiorate per contenere lavatrici pi\u00f9 profonde\r\nComodo accesso al filtro della lavatrice\r\nPiedini regolabili in altezza 15 mm\r\nCompleto di kit di fissaggio al muro<\/div>\r\n<div class=\"et_pb_text_inner\">Dimensioni interne per alloggio lavatrice\r\n<strong>Profondit\u00e0:<\/strong> 65 cm alla base, 69 cm ad altezza obl\u00f2\r\n<strong>Larghezza:<\/strong> 68 cm\r\n<strong>Altezza:<\/strong> 91 cm<\/div>\r\n<\/div>","_et_gb_content_width":""},"product_brand":[],"product_cat":[217],"product_tag":[],"class_list":{"0":"post-11146","1":"product","2":"type-product","3":"status-publish","4":"has-post-thumbnail","6":"product_cat-meubles-dexterieur-pour-lave-linges","8":"first","9":"instock","10":"sold-individually","11":"shipping-taxable","12":"product-type-simple"},"_links":{"self":[{"href":"https:\/\/www.crsmart.it\/fr\/wp-json\/wp\/v2\/product\/11146","targetHints":{"allow":["GET"]}}],"collection":[{"href":"https:\/\/www.crsmart.it\/fr\/wp-json\/wp\/v2\/product"}],"about":[{"href":"https:\/\/www.crsmart.it\/fr\/wp-json\/wp\/v2\/types\/product"}],"replies":[{"embeddable":true,"href":"https:\/\/www.crsmart.it\/fr\/wp-json\/wp\/v2\/comments?post=11146"}],"wp:featuredmedia":[{"embeddable":true,"href":"https:\/\/www.crsmart.it\/fr\/wp-json\/wp\/v2\/media\/8872"}],"wp:attachment":[{"href":"https:\/\/www.crsmart.it\/fr\/wp-json\/wp\/v2\/media?parent=11146"}],"wp:term":[{"taxonomy":"product_brand","embeddable":true,"href":"https:\/\/www.crsmart.it\/fr\/wp-json\/wp\/v2\/product_brand?post=11146"},{"taxonomy":"product_cat","embeddable":true,"href":"https:\/\/www.crsmart.it\/fr\/wp-json\/wp\/v2\/product_cat?post=11146"},{"taxonomy":"product_tag","embeddable":true,"href":"https:\/\/www.crsmart.it\/fr\/wp-json\/wp\/v2\/product_tag?post=11146"}],"curies":[{"name":"wp","href":"https:\/\/api.w.org\/{rel}","templated":true}]}}