{"id":11152,"date":"2021-06-17T08:11:23","date_gmt":"2021-06-17T06:11:23","guid":{"rendered":"https:\/\/crsmart.sviluppo.host\/prodotto\/vasca-45x60\/"},"modified":"2021-09-29T02:31:21","modified_gmt":"2021-09-29T00:31:21","slug":"bac-45x60","status":"publish","type":"product","link":"https:\/\/www.crsmart.it\/fr\/prodotto\/bac-45x60\/","title":{"rendered":"BAC 45X60"},"content":{"rendered":"<div id=\"subtitle\" class=\"sof et_pb_module et_pb_text et_pb_text_0_tb_body et_pb_text_align_left et_pb_bg_layout_light\">Per\u00e7able pour l&rsquo;installation d&rsquo;un robinet<br \/>\nFabriqu\u00e9 en r\u00e9sine plastique<\/p>\n<p><strong>Largeur :<\/strong> 45 cm<br \/>\n<strong>Saillie murale :<\/strong> 60 cm<br \/>\n<strong>Profondeur :<\/strong> 22,5 cm<br \/>\n<strong>Dimensions int\u00e9rieures :<\/strong> 36&#215;41,5 cm<\/p>\n<p><strong>Compatible avec :<\/strong><br \/>\nplanche en r\u00e9sine plastique art. 2040CR<br \/>\nplanche de bois art. 2040<\/div>\n","protected":false},"excerpt":{"rendered":"<p>Per\u00e7able pour l&rsquo;installation d&rsquo;un robinet Fabriqu\u00e9 en r\u00e9sine plastique Largeur : 45 cm Saillie murale : 60 cm Profondeur : 22,5 cm Dimensions int\u00e9rieures : 36&#215;41,5 cm Compatible avec : planche en r\u00e9sine plastique art. 2040CR planche de bois art. 2040<\/p>\n","protected":false},"featured_media":8898,"comment_status":"closed","ping_status":"closed","template":"","meta":{"_et_pb_use_builder":"on","_et_pb_old_content":"<div id=\"subtitle\" class=\"et_pb_module et_pb_text et_pb_text_0_tb_body et_pb_text_align_left et_pb_bg_layout_light\">\r\n<div class=\"et_pb_text_inner\">\r\n\r\nForabile per eventuale installazione rubinetto\r\nRealizzata in resina plastica\r\n\r\nLarghezza: 45 cm\r\nSporgenza dal muro: 60 cm\r\nProfondit\u00e0: 22,5 cm\r\nDimensioni interne: 36x41,5 cm\r\n\r\nCompatibile con:\r\nasse in resina plastica art. 2040CR\r\nasse in legno art. 2040\r\n\r\n\r\n<\/div>\r\n<\/div>","_et_gb_content_width":""},"product_brand":[],"product_cat":[218],"product_tag":[],"class_list":{"0":"post-11152","1":"product","2":"type-product","3":"status-publish","4":"has-post-thumbnail","6":"product_cat-bacs","8":"first","9":"instock","10":"sold-individually","11":"shipping-taxable","12":"product-type-simple"},"_links":{"self":[{"href":"https:\/\/www.crsmart.it\/fr\/wp-json\/wp\/v2\/product\/11152","targetHints":{"allow":["GET"]}}],"collection":[{"href":"https:\/\/www.crsmart.it\/fr\/wp-json\/wp\/v2\/product"}],"about":[{"href":"https:\/\/www.crsmart.it\/fr\/wp-json\/wp\/v2\/types\/product"}],"replies":[{"embeddable":true,"href":"https:\/\/www.crsmart.it\/fr\/wp-json\/wp\/v2\/comments?post=11152"}],"wp:featuredmedia":[{"embeddable":true,"href":"https:\/\/www.crsmart.it\/fr\/wp-json\/wp\/v2\/media\/8898"}],"wp:attachment":[{"href":"https:\/\/www.crsmart.it\/fr\/wp-json\/wp\/v2\/media?parent=11152"}],"wp:term":[{"taxonomy":"product_brand","embeddable":true,"href":"https:\/\/www.crsmart.it\/fr\/wp-json\/wp\/v2\/product_brand?post=11152"},{"taxonomy":"product_cat","embeddable":true,"href":"https:\/\/www.crsmart.it\/fr\/wp-json\/wp\/v2\/product_cat?post=11152"},{"taxonomy":"product_tag","embeddable":true,"href":"https:\/\/www.crsmart.it\/fr\/wp-json\/wp\/v2\/product_tag?post=11152"}],"curies":[{"name":"wp","href":"https:\/\/api.w.org\/{rel}","templated":true}]}}