{"id":11157,"date":"2021-06-17T08:08:29","date_gmt":"2021-06-17T06:08:29","guid":{"rendered":"https:\/\/crsmart.sviluppo.host\/prodotto\/vasca-60x50\/"},"modified":"2021-09-29T02:31:23","modified_gmt":"2021-09-29T00:31:23","slug":"bac-60x50","status":"publish","type":"product","link":"https:\/\/www.crsmart.it\/fr\/prodotto\/bac-60x50\/","title":{"rendered":"BAC 60X50"},"content":{"rendered":"<div id=\"subtitle\" class=\"sof et_pb_module et_pb_text et_pb_text_0_tb_body et_pb_text_align_left et_pb_bg_layout_light\">Per\u00e7able pour l&rsquo;installation d&rsquo;un robinet<br \/>\nFabriqu\u00e9 en r\u00e9sine plastique r\u00e9sistant \u00e0 tous les acides<\/p>\n<p><strong>Largeur :<\/strong> 60 cm<br \/>\n<strong>Saillie murale :<\/strong> 50 cm<br \/>\n<strong>Profondeur :<\/strong> 23,5 cm<br \/>\n<strong>Dimensions int\u00e9rieures :<\/strong> 51,5&#215;34 cm<\/p>\n<p><strong>Compatible avec :<\/strong><br \/>\nplanche en r\u00e9sine plastique art. 2042CR<br \/>\nplanche de bois art. 2042<\/div>\n","protected":false},"excerpt":{"rendered":"<p>Per\u00e7able pour l&rsquo;installation d&rsquo;un robinet Fabriqu\u00e9 en r\u00e9sine plastique r\u00e9sistant \u00e0 tous les acides Largeur : 60 cm Saillie murale : 50 cm Profondeur : 23,5 cm Dimensions int\u00e9rieures : 51,5&#215;34 cm Compatible avec : planche en r\u00e9sine plastique art. 2042CR planche de bois art. 2042<\/p>\n","protected":false},"featured_media":8919,"comment_status":"closed","ping_status":"closed","template":"","meta":{"_et_pb_use_builder":"on","_et_pb_old_content":"<div id=\"subtitle\" class=\"et_pb_module et_pb_text et_pb_text_0_tb_body et_pb_text_align_left et_pb_bg_layout_light\">\r\n<div class=\"et_pb_text_inner\">Forabile per eventuale installazione rubinetto\r\n\r\nForabile per eventuale installazione rubinetto\r\nRealizzata in resina plastica resistente a tutti gli acidi\r\n\r\nLarghezza: 60 cm\r\nSporgenza dal muro: 50 cm\r\nProfondit\u00e0: 23,5 cm\r\nDimensioni interne: 51,5x34 cm\r\n\r\nCompatibile con:\r\nasse in resina plastica art. 2042CR\r\nasse in legno art. 2042\r\n\r\n<\/div>\r\n<\/div>","_et_gb_content_width":""},"product_brand":[],"product_cat":[218],"product_tag":[],"class_list":{"0":"post-11157","1":"product","2":"type-product","3":"status-publish","4":"has-post-thumbnail","6":"product_cat-bacs","8":"first","9":"instock","10":"sold-individually","11":"shipping-taxable","12":"product-type-simple"},"_links":{"self":[{"href":"https:\/\/www.crsmart.it\/fr\/wp-json\/wp\/v2\/product\/11157","targetHints":{"allow":["GET"]}}],"collection":[{"href":"https:\/\/www.crsmart.it\/fr\/wp-json\/wp\/v2\/product"}],"about":[{"href":"https:\/\/www.crsmart.it\/fr\/wp-json\/wp\/v2\/types\/product"}],"replies":[{"embeddable":true,"href":"https:\/\/www.crsmart.it\/fr\/wp-json\/wp\/v2\/comments?post=11157"}],"wp:featuredmedia":[{"embeddable":true,"href":"https:\/\/www.crsmart.it\/fr\/wp-json\/wp\/v2\/media\/8919"}],"wp:attachment":[{"href":"https:\/\/www.crsmart.it\/fr\/wp-json\/wp\/v2\/media?parent=11157"}],"wp:term":[{"taxonomy":"product_brand","embeddable":true,"href":"https:\/\/www.crsmart.it\/fr\/wp-json\/wp\/v2\/product_brand?post=11157"},{"taxonomy":"product_cat","embeddable":true,"href":"https:\/\/www.crsmart.it\/fr\/wp-json\/wp\/v2\/product_cat?post=11157"},{"taxonomy":"product_tag","embeddable":true,"href":"https:\/\/www.crsmart.it\/fr\/wp-json\/wp\/v2\/product_tag?post=11157"}],"curies":[{"name":"wp","href":"https:\/\/api.w.org\/{rel}","templated":true}]}}