{"id":11166,"date":"2021-06-17T08:04:26","date_gmt":"2021-06-17T06:04:26","guid":{"rendered":"https:\/\/crsmart.sviluppo.host\/prodotto\/vasca-80x50-con-discesina\/"},"modified":"2021-09-29T02:31:25","modified_gmt":"2021-09-29T00:31:25","slug":"vac-80x50-avec-descente","status":"publish","type":"product","link":"https:\/\/www.crsmart.it\/fr\/prodotto\/vac-80x50-avec-descente\/","title":{"rendered":"VAC 80&#215;50 AVEC DESCENTE"},"content":{"rendered":"<div id=\"subtitle\" class=\"sof et_pb_module et_pb_text et_pb_text_0_tb_body et_pb_text_align_left et_pb_bg_layout_light\">Per\u00e7able pour l&rsquo;installation de robinets<br \/>\nFabriqu\u00e9 en r\u00e9sine plastique<br \/>\nCompl\u00e8te avec une descente en forme \u00e0 c\u00f4t\u00e9 de la baignoire<\/p>\n<p><strong>Largeur :<\/strong> 80 cm<br \/>\n<strong>Saillie murale :<\/strong> 50 cm<br \/>\n<strong>Profondeur :<\/strong> 26 cm<br \/>\n<strong>Dimensions int\u00e9rieures :<\/strong> 71&#215;39,5 cm<\/p>\n<p><strong>Compatible avec :<\/strong><br \/>\nplanche de bois art. 2037<\/div>\n","protected":false},"excerpt":{"rendered":"<p>Per\u00e7able pour l&rsquo;installation de robinets Fabriqu\u00e9 en r\u00e9sine plastique Compl\u00e8te avec une descente en forme \u00e0 c\u00f4t\u00e9 de la baignoire Largeur : 80 cm Saillie murale : 50 cm Profondeur : 26 cm Dimensions int\u00e9rieures : 71&#215;39,5 cm Compatible avec : planche de bois art. 2037<\/p>\n","protected":false},"featured_media":8946,"comment_status":"closed","ping_status":"closed","template":"","meta":{"_et_pb_use_builder":"on","_et_pb_old_content":"<div id=\"subtitle\" class=\"et_pb_module et_pb_text et_pb_text_0_tb_body et_pb_text_align_left et_pb_bg_layout_light\">\r\n<div class=\"et_pb_text_inner\">\r\nForabile per eventuale installazione rubinetto\r\nRealizzata in resina plastica\r\nCompleta di discesina sagomata a fianco della vasca\r\n\r\nLarghezza: 80 cm\r\nSporgenza dal muro: 50 cm\r\nProfondit\u00e0: 26 cm\r\nDimensioni interne: 71x39,5 cm\r\n\r\nCompatibile con:\r\nasse in legno art. 2037\r\n\r\n\r\n<\/div>\r\n<\/div>","_et_gb_content_width":""},"product_brand":[],"product_cat":[218],"product_tag":[],"class_list":{"0":"post-11166","1":"product","2":"type-product","3":"status-publish","4":"has-post-thumbnail","6":"product_cat-bacs","8":"first","9":"instock","10":"sold-individually","11":"shipping-taxable","12":"product-type-simple"},"_links":{"self":[{"href":"https:\/\/www.crsmart.it\/fr\/wp-json\/wp\/v2\/product\/11166","targetHints":{"allow":["GET"]}}],"collection":[{"href":"https:\/\/www.crsmart.it\/fr\/wp-json\/wp\/v2\/product"}],"about":[{"href":"https:\/\/www.crsmart.it\/fr\/wp-json\/wp\/v2\/types\/product"}],"replies":[{"embeddable":true,"href":"https:\/\/www.crsmart.it\/fr\/wp-json\/wp\/v2\/comments?post=11166"}],"wp:featuredmedia":[{"embeddable":true,"href":"https:\/\/www.crsmart.it\/fr\/wp-json\/wp\/v2\/media\/8946"}],"wp:attachment":[{"href":"https:\/\/www.crsmart.it\/fr\/wp-json\/wp\/v2\/media?parent=11166"}],"wp:term":[{"taxonomy":"product_brand","embeddable":true,"href":"https:\/\/www.crsmart.it\/fr\/wp-json\/wp\/v2\/product_brand?post=11166"},{"taxonomy":"product_cat","embeddable":true,"href":"https:\/\/www.crsmart.it\/fr\/wp-json\/wp\/v2\/product_cat?post=11166"},{"taxonomy":"product_tag","embeddable":true,"href":"https:\/\/www.crsmart.it\/fr\/wp-json\/wp\/v2\/product_tag?post=11166"}],"curies":[{"name":"wp","href":"https:\/\/api.w.org\/{rel}","templated":true}]}}