{"id":11167,"date":"2021-06-17T08:03:24","date_gmt":"2021-06-17T06:03:24","guid":{"rendered":"https:\/\/crsmart.sviluppo.host\/prodotto\/vasca-80x50-2\/"},"modified":"2021-09-29T02:31:26","modified_gmt":"2021-09-29T00:31:26","slug":"bac-80x50","status":"publish","type":"product","link":"https:\/\/www.crsmart.it\/fr\/prodotto\/bac-80x50\/","title":{"rendered":"BAC 80&#215;50"},"content":{"rendered":"<div id=\"subtitle\" class=\"sof et_pb_module et_pb_text et_pb_text_0_tb_body et_pb_text_align_left et_pb_bg_layout_light\">Per\u00e7able pour l&rsquo;installation de robinets<br \/>\nFabriqu\u00e9 en r\u00e9sine plastiqueLargeur : 80 cm<br \/>\n<strong>Saillie murale <\/strong>: 50 cm<br \/>\n<strong>Profondeur :<\/strong> 26 cm<br \/>\n<strong>Dimensions int\u00e9rieures :<\/strong> 69&#215;38 cm<\/p>\n<p><strong>Compatible avec :<\/strong><br \/>\nplanche de bois art. 2054<\/div>\n","protected":false},"excerpt":{"rendered":"<p>Per\u00e7able pour l&rsquo;installation de robinets Fabriqu\u00e9 en r\u00e9sine plastiqueLargeur : 80 cm Saillie murale : 50 cm Profondeur : 26 cm Dimensions int\u00e9rieures : 69&#215;38 cm Compatible avec : planche de bois art. 2054<\/p>\n","protected":false},"featured_media":8965,"comment_status":"closed","ping_status":"closed","template":"","meta":{"_et_pb_use_builder":"on","_et_pb_old_content":"<div id=\"subtitle\" class=\"et_pb_module et_pb_text et_pb_text_0_tb_body et_pb_text_align_left et_pb_bg_layout_light\">\r\n<div class=\"et_pb_text_inner\">Forabile per eventuale installazione rubinetto\r\nRealizzata in resina plasticaLarghezza: 80 cm\r\nSporgenza dal muro: 50 cm\r\nProfondit\u00e0: 26 cm\r\nDimensioni interne: 69x38 cm\r\n\r\nCompatibile con:\r\nasse in legno art. 2054\r\n\r\n<\/div>\r\n<\/div>","_et_gb_content_width":""},"product_brand":[],"product_cat":[218],"product_tag":[],"class_list":{"0":"post-11167","1":"product","2":"type-product","3":"status-publish","4":"has-post-thumbnail","6":"product_cat-bacs","8":"first","9":"instock","10":"sold-individually","11":"shipping-taxable","12":"product-type-simple"},"_links":{"self":[{"href":"https:\/\/www.crsmart.it\/fr\/wp-json\/wp\/v2\/product\/11167","targetHints":{"allow":["GET"]}}],"collection":[{"href":"https:\/\/www.crsmart.it\/fr\/wp-json\/wp\/v2\/product"}],"about":[{"href":"https:\/\/www.crsmart.it\/fr\/wp-json\/wp\/v2\/types\/product"}],"replies":[{"embeddable":true,"href":"https:\/\/www.crsmart.it\/fr\/wp-json\/wp\/v2\/comments?post=11167"}],"wp:featuredmedia":[{"embeddable":true,"href":"https:\/\/www.crsmart.it\/fr\/wp-json\/wp\/v2\/media\/8965"}],"wp:attachment":[{"href":"https:\/\/www.crsmart.it\/fr\/wp-json\/wp\/v2\/media?parent=11167"}],"wp:term":[{"taxonomy":"product_brand","embeddable":true,"href":"https:\/\/www.crsmart.it\/fr\/wp-json\/wp\/v2\/product_brand?post=11167"},{"taxonomy":"product_cat","embeddable":true,"href":"https:\/\/www.crsmart.it\/fr\/wp-json\/wp\/v2\/product_cat?post=11167"},{"taxonomy":"product_tag","embeddable":true,"href":"https:\/\/www.crsmart.it\/fr\/wp-json\/wp\/v2\/product_tag?post=11167"}],"curies":[{"name":"wp","href":"https:\/\/api.w.org\/{rel}","templated":true}]}}