{"id":11172,"date":"2021-06-17T08:01:17","date_gmt":"2021-06-17T06:01:17","guid":{"rendered":"https:\/\/crsmart.sviluppo.host\/prodotto\/vasca-coprilavatrice-124x60\/"},"modified":"2021-09-29T02:31:28","modified_gmt":"2021-09-29T00:31:28","slug":"bac-meuble-pour-lave-linge-124x60","status":"publish","type":"product","link":"https:\/\/www.crsmart.it\/fr\/prodotto\/bac-meuble-pour-lave-linge-124x60\/","title":{"rendered":"BAC MEUBLE POUR LAVE-LINGE 124&#215;60"},"content":{"rendered":"<div id=\"subtitle\" class=\"sof et_pb_module et_pb_text et_pb_text_0_tb_body et_pb_text_align_left et_pb_bg_layout_light\">Mod\u00e8le r\u00e9versible qui vous permet d&rsquo;installer les \u00e9gouttoirs \u00e0 droite ou \u00e0 gauche.<br \/>\nComplet avec 2 trous pour le trop-plein et le bouchon relatif pour fermer le trou inutilis\u00e9<br \/>\nPer\u00e7able pour l&rsquo;installation d&rsquo;un robinet<br \/>\n<strong>Fabriqu\u00e9 en r\u00e9sine plastiqueLargeur :<\/strong> 124 cm<br \/>\n<strong>Saillie murale :<\/strong> 60 cm<br \/>\n<strong>Profondeur :<\/strong> 22,5 cm<br \/>\n<strong>Dimensions int\u00e9rieures :<\/strong> 50,5&#215;42,5 cm<\/p>\n<p><strong>Compatible avec :<\/strong><br \/>\nplanche en r\u00e9sine plastique art. 2042CR<br \/>\nplanche de bois art. 2042<\/div>\n","protected":false},"excerpt":{"rendered":"<p>Mod\u00e8le r\u00e9versible qui vous permet d&rsquo;installer les \u00e9gouttoirs \u00e0 droite ou \u00e0 gauche. Complet avec 2 trous pour le trop-plein et le bouchon relatif pour fermer le trou inutilis\u00e9 Per\u00e7able pour l&rsquo;installation d&rsquo;un robinet Fabriqu\u00e9 en r\u00e9sine plastiqueLargeur : 124 cm Saillie murale : 60 cm Profondeur : 22,5 cm Dimensions int\u00e9rieures : 50,5&#215;42,5 cm [&hellip;]<\/p>\n","protected":false},"featured_media":8984,"comment_status":"closed","ping_status":"closed","template":"","meta":{"_et_pb_use_builder":"on","_et_pb_old_content":"<div id=\"subtitle\" class=\"et_pb_module et_pb_text et_pb_text_0_tb_body et_pb_text_align_left et_pb_bg_layout_light\">\r\n<div class=\"et_pb_text_inner\">Modifica descrizione:\r\nModello reversibile che permette di installare sgocciolatoio a destra oppure a sinistra\r\nCompleta di 2 fori per troppopieno e relativo tappo chiudi foro per il foro inutilizzato\r\nForabile per eventuale installazione rubinetto\r\nRealizzata in resina plasticaLarghezza: 124 cm\r\nSporgenza dal muro: 60 cm\r\nProfondit\u00e0: 22,5 cm\r\nDimensioni interne: 50,5x42,5 cm\r\n\r\nCompatibile con:\r\nasse in resina plastica art. 2042CR\r\nasse in legno art. 2042\r\n\r\n<\/div>\r\n<\/div>","_et_gb_content_width":""},"product_brand":[],"product_cat":[218],"product_tag":[],"class_list":{"0":"post-11172","1":"product","2":"type-product","3":"status-publish","4":"has-post-thumbnail","6":"product_cat-bacs","8":"first","9":"instock","10":"sold-individually","11":"shipping-taxable","12":"product-type-simple"},"_links":{"self":[{"href":"https:\/\/www.crsmart.it\/fr\/wp-json\/wp\/v2\/product\/11172","targetHints":{"allow":["GET"]}}],"collection":[{"href":"https:\/\/www.crsmart.it\/fr\/wp-json\/wp\/v2\/product"}],"about":[{"href":"https:\/\/www.crsmart.it\/fr\/wp-json\/wp\/v2\/types\/product"}],"replies":[{"embeddable":true,"href":"https:\/\/www.crsmart.it\/fr\/wp-json\/wp\/v2\/comments?post=11172"}],"wp:featuredmedia":[{"embeddable":true,"href":"https:\/\/www.crsmart.it\/fr\/wp-json\/wp\/v2\/media\/8984"}],"wp:attachment":[{"href":"https:\/\/www.crsmart.it\/fr\/wp-json\/wp\/v2\/media?parent=11172"}],"wp:term":[{"taxonomy":"product_brand","embeddable":true,"href":"https:\/\/www.crsmart.it\/fr\/wp-json\/wp\/v2\/product_brand?post=11172"},{"taxonomy":"product_cat","embeddable":true,"href":"https:\/\/www.crsmart.it\/fr\/wp-json\/wp\/v2\/product_cat?post=11172"},{"taxonomy":"product_tag","embeddable":true,"href":"https:\/\/www.crsmart.it\/fr\/wp-json\/wp\/v2\/product_tag?post=11172"}],"curies":[{"name":"wp","href":"https:\/\/api.w.org\/{rel}","templated":true}]}}