{"id":11200,"date":"2021-06-16T16:48:46","date_gmt":"2021-06-16T14:48:46","guid":{"rendered":"https:\/\/crsmart.sviluppo.host\/prodotto\/junior-coprilavatrice\/"},"modified":"2021-09-29T02:31:11","modified_gmt":"2021-09-29T00:31:11","slug":"junior-2","status":"publish","type":"product","link":"https:\/\/www.crsmart.it\/fr\/prodotto\/junior-2\/","title":{"rendered":"Junior"},"content":{"rendered":"<div id=\"subtitle\" class=\"sof et_pb_module et_pb_text et_pb_text_0_tb_body et_pb_text_align_left et_pb_bg_layout_light\"><strong>Meuble :<\/strong> plastique r\u00e9sistant \u00e0 l&rsquo;eau<br \/>\n<strong>Poign\u00e9es :<\/strong> chrom\u00e9es<br \/>\n<strong>Cuvette :<\/strong> plastique, perc\u00e9e pour l&rsquo;installation d&rsquo;un robinet<br \/>\n<strong>Planche :<\/strong> mati\u00e8re plastique<br \/>\n<strong>D\u00e9charge :<\/strong> Siphon autonettoyant avec raccordement pour lave-linge,bonde, bouchon et trop-plein.<br \/>\n<strong>Pieds :<\/strong> r\u00e9glables en hauteur, 15 mm<\/div>\n","protected":false},"excerpt":{"rendered":"<p>Meuble : plastique r\u00e9sistant \u00e0 l&rsquo;eau Poign\u00e9es : chrom\u00e9es Cuvette : plastique, perc\u00e9e pour l&rsquo;installation d&rsquo;un robinet Planche : mati\u00e8re plastique D\u00e9charge : Siphon autonettoyant avec raccordement pour lave-linge,bonde, bouchon et trop-plein. Pieds : r\u00e9glables en hauteur, 15 mm<\/p>\n","protected":false},"featured_media":9054,"comment_status":"closed","ping_status":"closed","template":"","meta":{"_et_pb_use_builder":"on","_et_pb_old_content":"<div id=\"subtitle\" class=\"et_pb_module et_pb_text et_pb_text_0_tb_body et_pb_text_align_left et_pb_bg_layout_light\">\r\n<div class=\"et_pb_text_inner\"><strong>Mobile:<\/strong> Materiale plastico resistente all'acqua\r\n<strong>Maniglie:<\/strong> Cromate\r\n<strong>Vasca:<\/strong> Materiale plastico, forabile per installazione rubinetto\r\n<strong>Asse:<\/strong> Materiale plastico\r\n<strong>Scarico:<\/strong> Sifone autopulente con attacco lavatrice, piletta, tappo e troppopieno\r\n<strong>Piedini:<\/strong> regolabili in altezza, 15 mm<\/div>\r\n<\/div>","_et_gb_content_width":""},"product_brand":[],"product_cat":[217],"product_tag":[],"class_list":{"0":"post-11200","1":"product","2":"type-product","3":"status-publish","4":"has-post-thumbnail","6":"product_cat-meubles-dexterieur-pour-lave-linges","8":"first","9":"instock","10":"sold-individually","11":"shipping-taxable","12":"product-type-simple"},"_links":{"self":[{"href":"https:\/\/www.crsmart.it\/fr\/wp-json\/wp\/v2\/product\/11200","targetHints":{"allow":["GET"]}}],"collection":[{"href":"https:\/\/www.crsmart.it\/fr\/wp-json\/wp\/v2\/product"}],"about":[{"href":"https:\/\/www.crsmart.it\/fr\/wp-json\/wp\/v2\/types\/product"}],"replies":[{"embeddable":true,"href":"https:\/\/www.crsmart.it\/fr\/wp-json\/wp\/v2\/comments?post=11200"}],"wp:featuredmedia":[{"embeddable":true,"href":"https:\/\/www.crsmart.it\/fr\/wp-json\/wp\/v2\/media\/9054"}],"wp:attachment":[{"href":"https:\/\/www.crsmart.it\/fr\/wp-json\/wp\/v2\/media?parent=11200"}],"wp:term":[{"taxonomy":"product_brand","embeddable":true,"href":"https:\/\/www.crsmart.it\/fr\/wp-json\/wp\/v2\/product_brand?post=11200"},{"taxonomy":"product_cat","embeddable":true,"href":"https:\/\/www.crsmart.it\/fr\/wp-json\/wp\/v2\/product_cat?post=11200"},{"taxonomy":"product_tag","embeddable":true,"href":"https:\/\/www.crsmart.it\/fr\/wp-json\/wp\/v2\/product_tag?post=11200"}],"curies":[{"name":"wp","href":"https:\/\/api.w.org\/{rel}","templated":true}]}}