{"id":11206,"date":"2021-06-16T16:17:15","date_gmt":"2021-06-16T14:17:15","guid":{"rendered":"https:\/\/crsmart.sviluppo.host\/prodotto\/ontario-coprilavatrice\/"},"modified":"2021-09-29T02:31:08","modified_gmt":"2021-09-29T00:31:08","slug":"ontario-2","status":"publish","type":"product","link":"https:\/\/www.crsmart.it\/fr\/prodotto\/ontario-2\/","title":{"rendered":"Ontario"},"content":{"rendered":"<div id=\"subtitle\" class=\"sof et_pb_module et_pb_text et_pb_text_0_tb_body et_pb_text_align_left et_pb_bg_layout_light\"><strong>Meuble :<\/strong> bilamin\u00e9 avec finition orme<br \/>\n<strong>Poign\u00e9es et pieds :<\/strong> Finition satin\u00e9e et brunie.<br \/>\n<strong>Cuvette :<\/strong> plastique, perc\u00e9e pour l&rsquo;installation d&rsquo;un robinet<br \/>\n<strong>Portes :<\/strong> Avec des coins carr\u00e9s<br \/>\n<strong>Planche :<\/strong> mati\u00e8re plastique<br \/>\n<strong>D\u00e9charge :<\/strong> Siphon autonettoyant avec raccordement pour lave-linge, bonde, bouchon et trop-plein.<\/div>\n","protected":false},"excerpt":{"rendered":"<p>Meuble : bilamin\u00e9 avec finition orme Poign\u00e9es et pieds : Finition satin\u00e9e et brunie. Cuvette : plastique, perc\u00e9e pour l&rsquo;installation d&rsquo;un robinet Portes : Avec des coins carr\u00e9s Planche : mati\u00e8re plastique D\u00e9charge : Siphon autonettoyant avec raccordement pour lave-linge, bonde, bouchon et trop-plein.<\/p>\n","protected":false},"featured_media":9140,"comment_status":"closed","ping_status":"closed","template":"","meta":{"_et_pb_use_builder":"on","_et_pb_old_content":"<div id=\"subtitle\" class=\"et_pb_module et_pb_text et_pb_text_0_tb_body et_pb_text_align_left et_pb_bg_layout_light\">\r\n<div class=\"et_pb_text_inner\"><strong>Mobile<\/strong>: Bilaminato con finitura olmo\r\n<strong>Maniglie e piedini:<\/strong> Finitura satinata brunita\r\n<strong>Vasca:<\/strong> Materiale plastico, forabile per installazione rubinetto\r\n<strong>Sportelli:<\/strong> Con angoli squadrati\r\n<strong>Asse:<\/strong> Materiale plastico\r\n<strong>Scarico:<\/strong> Sifone autopulente con attacco lavatrice, piletta, tappo e troppopieno<\/div>\r\n<\/div>","_et_gb_content_width":""},"product_brand":[],"product_cat":[222],"product_tag":[],"class_list":{"0":"post-11206","1":"product","2":"type-product","3":"status-publish","4":"has-post-thumbnail","6":"product_cat-meubles-dinterieur-pour-lave-linges","8":"first","9":"instock","10":"sold-individually","11":"shipping-taxable","12":"product-type-simple"},"_links":{"self":[{"href":"https:\/\/www.crsmart.it\/fr\/wp-json\/wp\/v2\/product\/11206","targetHints":{"allow":["GET"]}}],"collection":[{"href":"https:\/\/www.crsmart.it\/fr\/wp-json\/wp\/v2\/product"}],"about":[{"href":"https:\/\/www.crsmart.it\/fr\/wp-json\/wp\/v2\/types\/product"}],"replies":[{"embeddable":true,"href":"https:\/\/www.crsmart.it\/fr\/wp-json\/wp\/v2\/comments?post=11206"}],"wp:featuredmedia":[{"embeddable":true,"href":"https:\/\/www.crsmart.it\/fr\/wp-json\/wp\/v2\/media\/9140"}],"wp:attachment":[{"href":"https:\/\/www.crsmart.it\/fr\/wp-json\/wp\/v2\/media?parent=11206"}],"wp:term":[{"taxonomy":"product_brand","embeddable":true,"href":"https:\/\/www.crsmart.it\/fr\/wp-json\/wp\/v2\/product_brand?post=11206"},{"taxonomy":"product_cat","embeddable":true,"href":"https:\/\/www.crsmart.it\/fr\/wp-json\/wp\/v2\/product_cat?post=11206"},{"taxonomy":"product_tag","embeddable":true,"href":"https:\/\/www.crsmart.it\/fr\/wp-json\/wp\/v2\/product_tag?post=11206"}],"curies":[{"name":"wp","href":"https:\/\/api.w.org\/{rel}","templated":true}]}}