{"id":11220,"date":"2021-06-16T15:33:14","date_gmt":"2021-06-16T13:33:14","guid":{"rendered":"https:\/\/crsmart.sviluppo.host\/prodotto\/slim\/"},"modified":"2021-09-29T02:31:05","modified_gmt":"2021-09-29T00:31:05","slug":"slim","status":"publish","type":"product","link":"https:\/\/www.crsmart.it\/fr\/prodotto\/slim\/","title":{"rendered":"Slim"},"content":{"rendered":"<div id=\"subtitle\" class=\"sof et_pb_module et_pb_text et_pb_text_0_tb_body et_pb_text_align_left et_pb_bg_layout_light\">Mat\u00e9riau de la cuvette : polypropyl\u00e8ne poli \u00e0 l&rsquo;int\u00e9rieur et \u00e0 l&rsquo;ext\u00e9rieur.<br \/>\nMat\u00e9riau du meuble : PVC<br \/>\nId\u00e9al pour l&rsquo;ext\u00e9rieur, r\u00e9sistant aux intemp\u00e9ries<br \/>\nSaillie de 34 cm seulement par rapport au mur pour une utilisation optimale de l&rsquo;espace.<br \/>\nR\u00e9sistant aux acides<br \/>\nFermeture avec rideaux peu encombrant<\/p>\n<p>Les accessoires peuvent \u00eatre command\u00e9s s\u00e9par\u00e9ment :<br \/>\n\u00c9tag\u00e8re \u00e0 grille multifonctionnelle pour baignoire<\/p><\/div>\n","protected":false},"excerpt":{"rendered":"<p>Mat\u00e9riau de la cuvette : polypropyl\u00e8ne poli \u00e0 l&rsquo;int\u00e9rieur et \u00e0 l&rsquo;ext\u00e9rieur. Mat\u00e9riau du meuble : PVC Id\u00e9al pour l&rsquo;ext\u00e9rieur, r\u00e9sistant aux intemp\u00e9ries Saillie de 34 cm seulement par rapport au mur pour une utilisation optimale de l&rsquo;espace. R\u00e9sistant aux acides Fermeture avec rideaux peu encombrant Les accessoires peuvent \u00eatre command\u00e9s s\u00e9par\u00e9ment : \u00c9tag\u00e8re \u00e0 [&hellip;]<\/p>\n","protected":false},"featured_media":9152,"comment_status":"closed","ping_status":"closed","template":"","meta":{"_et_pb_use_builder":"on","_et_pb_old_content":"<div id=\"subtitle\" class=\"et_pb_module et_pb_text et_pb_text_0_tb_body et_pb_text_align_left et_pb_bg_layout_light\">\r\n<div class=\"et_pb_text_inner\">\r\n\r\n<strong>Materiale vasca:<\/strong> polipropilente lucido sia internamente che esternamente\r\n<strong>Materiale mobile:<\/strong> PVC\r\nIdeale per esterni, resistente agli agenti atmosferici\r\nSporgenza dal muro di soli 34 cm per ottimizzare gli spazi\r\nResistente agli acidi\r\nChiusura con serrandine salvaspazio\r\n\r\n<strong>Accessori ordinabili separatamente:<\/strong>\r\nRipiano a griglia multiuso per vasca\r\n\r\n<\/div>\r\n<\/div>","_et_gb_content_width":""},"product_brand":[],"product_cat":[225],"product_tag":[],"class_list":{"0":"post-11220","1":"product","2":"type-product","3":"status-publish","4":"has-post-thumbnail","6":"product_cat-lavoirs-dexterieur","8":"first","9":"instock","10":"sold-individually","11":"shipping-taxable","12":"product-type-simple"},"_links":{"self":[{"href":"https:\/\/www.crsmart.it\/fr\/wp-json\/wp\/v2\/product\/11220","targetHints":{"allow":["GET"]}}],"collection":[{"href":"https:\/\/www.crsmart.it\/fr\/wp-json\/wp\/v2\/product"}],"about":[{"href":"https:\/\/www.crsmart.it\/fr\/wp-json\/wp\/v2\/types\/product"}],"replies":[{"embeddable":true,"href":"https:\/\/www.crsmart.it\/fr\/wp-json\/wp\/v2\/comments?post=11220"}],"wp:featuredmedia":[{"embeddable":true,"href":"https:\/\/www.crsmart.it\/fr\/wp-json\/wp\/v2\/media\/9152"}],"wp:attachment":[{"href":"https:\/\/www.crsmart.it\/fr\/wp-json\/wp\/v2\/media?parent=11220"}],"wp:term":[{"taxonomy":"product_brand","embeddable":true,"href":"https:\/\/www.crsmart.it\/fr\/wp-json\/wp\/v2\/product_brand?post=11220"},{"taxonomy":"product_cat","embeddable":true,"href":"https:\/\/www.crsmart.it\/fr\/wp-json\/wp\/v2\/product_cat?post=11220"},{"taxonomy":"product_tag","embeddable":true,"href":"https:\/\/www.crsmart.it\/fr\/wp-json\/wp\/v2\/product_tag?post=11220"}],"curies":[{"name":"wp","href":"https:\/\/api.w.org\/{rel}","templated":true}]}}