{"id":11262,"date":"2021-06-16T12:05:38","date_gmt":"2021-06-16T10:05:38","guid":{"rendered":"https:\/\/crsmart.sviluppo.host\/prodotto\/kubo\/"},"modified":"2021-09-29T02:30:54","modified_gmt":"2021-09-29T00:30:54","slug":"kubo","status":"publish","type":"product","link":"https:\/\/www.crsmart.it\/fr\/prodotto\/kubo\/","title":{"rendered":"Kubo"},"content":{"rendered":"<div id=\"subtitle\" class=\"sof et_pb_module et_pb_text et_pb_text_0_tb_body et_pb_text_align_left et_pb_bg_layout_light\"><strong>Meuble : <\/strong>plastique r\u00e9sistant \u00e0 l&rsquo;eau<br \/>\n<strong>Poign\u00e9es et pieds :<\/strong> chrom\u00e9s<br \/>\n<strong>Cuvette :<\/strong> plastique, pouvant \u00eatre perc\u00e9e pour l&rsquo;installation d&rsquo;un robinet<br \/>\n<strong>Planche :<\/strong> mati\u00e8re plastique<br \/>\n<strong>D\u00e9charge :<\/strong> Siphon autonettoyant avec raccordement pour lave-linge, bonde, bouchon et trop-plein.<br \/>\n<strong>Pieds :<\/strong> r\u00e9glables en hauteur, 15 mm<\/div>\n","protected":false},"excerpt":{"rendered":"<p>Meuble : plastique r\u00e9sistant \u00e0 l&rsquo;eau Poign\u00e9es et pieds : chrom\u00e9s Cuvette : plastique, pouvant \u00eatre perc\u00e9e pour l&rsquo;installation d&rsquo;un robinet Planche : mati\u00e8re plastique D\u00e9charge : Siphon autonettoyant avec raccordement pour lave-linge, bonde, bouchon et trop-plein. Pieds : r\u00e9glables en hauteur, 15 mm<\/p>\n","protected":false},"featured_media":9248,"comment_status":"closed","ping_status":"closed","template":"","meta":{"_et_pb_use_builder":"on","_et_pb_old_content":"<div id=\"subtitle\" class=\"et_pb_module et_pb_text et_pb_text_0_tb_body et_pb_text_align_left et_pb_bg_layout_light\">\r\n<div class=\"et_pb_text_inner\"><strong>Mobile:<\/strong> Materiale plastico resistente all'acqua\r\n<strong>Maniglie e piedini:<\/strong> Cromati\r\n<strong>Vasca:<\/strong> Materiale plastico, forabile per installazione rubinetto\r\n<strong>Asse:<\/strong> Materiale plastico\r\n<strong>Scarico:<\/strong> Sifone autopulente con attacco lavatrice, piletta, tappo e troppopieno\r\n<strong>Piedini:<\/strong> regolabili in altezza, 15 mm<\/div>\r\n<\/div>","_et_gb_content_width":""},"product_brand":[],"product_cat":[225],"product_tag":[],"class_list":{"0":"post-11262","1":"product","2":"type-product","3":"status-publish","4":"has-post-thumbnail","6":"product_cat-lavoirs-dexterieur","8":"first","9":"instock","10":"sold-individually","11":"shipping-taxable","12":"product-type-simple"},"_links":{"self":[{"href":"https:\/\/www.crsmart.it\/fr\/wp-json\/wp\/v2\/product\/11262","targetHints":{"allow":["GET"]}}],"collection":[{"href":"https:\/\/www.crsmart.it\/fr\/wp-json\/wp\/v2\/product"}],"about":[{"href":"https:\/\/www.crsmart.it\/fr\/wp-json\/wp\/v2\/types\/product"}],"replies":[{"embeddable":true,"href":"https:\/\/www.crsmart.it\/fr\/wp-json\/wp\/v2\/comments?post=11262"}],"wp:featuredmedia":[{"embeddable":true,"href":"https:\/\/www.crsmart.it\/fr\/wp-json\/wp\/v2\/media\/9248"}],"wp:attachment":[{"href":"https:\/\/www.crsmart.it\/fr\/wp-json\/wp\/v2\/media?parent=11262"}],"wp:term":[{"taxonomy":"product_brand","embeddable":true,"href":"https:\/\/www.crsmart.it\/fr\/wp-json\/wp\/v2\/product_brand?post=11262"},{"taxonomy":"product_cat","embeddable":true,"href":"https:\/\/www.crsmart.it\/fr\/wp-json\/wp\/v2\/product_cat?post=11262"},{"taxonomy":"product_tag","embeddable":true,"href":"https:\/\/www.crsmart.it\/fr\/wp-json\/wp\/v2\/product_tag?post=11262"}],"curies":[{"name":"wp","href":"https:\/\/api.w.org\/{rel}","templated":true}]}}